{"id":100,"date":"2011-05-03T07:36:58","date_gmt":"2011-05-03T01:36:58","guid":{"rendered":"http:\/\/jusac.net\/?page_id=100"},"modified":"2023-08-16T17:27:24","modified_gmt":"2023-08-16T23:27:24","slug":"directorio","status":"publish","type":"page","link":"https:\/\/jusac.usac.edu.gt\/?page_id=100","title":{"rendered":"Directorio Telef\u00f3nico y Correos Electr\u00f3nicos"},"content":{"rendered":"\t\t<div data-elementor-type=\"wp-page\" data-elementor-id=\"100\" class=\"elementor elementor-100\">\n\t\t\t\t\t\t\t\t\t<section class=\"elementor-section elementor-top-section elementor-element elementor-element-3f036cfa elementor-section-boxed elementor-section-height-default elementor-section-height-default\" data-id=\"3f036cfa\" data-element_type=\"section\">\n\t\t\t\t\t\t<div class=\"elementor-container elementor-column-gap-default\">\n\t\t\t\t\t<div class=\"elementor-column elementor-col-100 elementor-top-column elementor-element elementor-element-447ddc19\" data-id=\"447ddc19\" data-element_type=\"column\">\n\t\t\t<div class=\"elementor-widget-wrap elementor-element-populated\">\n\t\t\t\t\t\t\t\t<div class=\"elementor-element elementor-element-96410ab elementor-widget elementor-widget-image\" data-id=\"96410ab\" data-element_type=\"widget\" data-widget_type=\"image.default\">\n\t\t\t\t<div class=\"elementor-widget-container\">\n\t\t\t\t\t\t\t\t\t\t\t\t\t\t\t<img loading=\"lazy\" decoding=\"async\" width=\"963\" height=\"299\" src=\"https:\/\/jusac.usac.edu.gt\/wp-content\/uploads\/2022\/03\/CORREOS1.png\" class=\"attachment-large size-large wp-image-21767\" alt=\"\" srcset=\"https:\/\/jusac.usac.edu.gt\/wp-content\/uploads\/2022\/03\/CORREOS1.png 963w, https:\/\/jusac.usac.edu.gt\/wp-content\/uploads\/2022\/03\/CORREOS1-300x93.png 300w, https:\/\/jusac.usac.edu.gt\/wp-content\/uploads\/2022\/03\/CORREOS1-768x238.png 768w\" sizes=\"(max-width: 963px) 100vw, 963px\" \/>\t\t\t\t\t\t\t\t\t\t\t\t\t\t\t<\/div>\n\t\t\t\t<\/div>\n\t\t\t\t<div class=\"elementor-element elementor-element-7999200 elementor-widget elementor-widget-text-editor\" data-id=\"7999200\" data-element_type=\"widget\" data-widget_type=\"text-editor.default\">\n\t\t\t\t<div class=\"elementor-widget-container\">\n\t\t\t\t\t\t\t<h2 style=\"text-align: center;\"><span style=\"color: #ff6600;\"><strong>DIRECTORIO DE CORREOS ELECTR\u00d3NICOS DEL CENTRO UNIVERSITARIO DE JUTIAPA CON ATENCI\u00d3N <\/strong><\/span><span style=\"color: #ff6600;\"><strong>VIRTUAL <\/strong><\/span><span style=\"color: #ff6600;\"><strong>LAS 24 HRS.<\/strong><\/span><\/h2><table><tbody><tr><td width=\"340\"><h5 style=\"text-align: center;\"><span style=\"color: #000080;\"><strong>DEPENDENCIA<\/strong><\/span><\/h5><\/td><td style=\"text-align: center;\" width=\"358\"><h5><span style=\"color: #000080;\"><strong>CORREO ELECTR\u00d3NICO<\/strong><\/span><\/h5><\/td><td width=\"358\"><h5 style=\"text-align: center;\"><span style=\"color: #000080;\"><strong>PUEDE CONSULTAR\/GESTIONAR\/TR\u00c1MITAR<\/strong><\/span><\/h5><\/td><\/tr><tr><td width=\"340\"><p><strong>\u00a0<\/strong><\/p><h6 style=\"text-align: center;\"><strong>\u00a0<\/strong><strong>OFICINA DE COORDINACI\u00d3N ACAD\u00c9MICA<\/strong><\/h6><\/td><td style=\"text-align: center;\" width=\"358\"><h6><strong>\u00a0<\/strong><\/h6><h6><strong>\u00a0<\/strong><\/h6><h6><a href=\"mailto:jusaccoordinacionacademica@gmail.com\"><strong>jusaccoordinacionacademica@gmail.com<\/strong><\/a><\/h6><p style=\"text-align: center;\"><span style=\"color: #000000;\">(todas las letras del correo en min\u00fasculas)<\/span><\/p><\/td><td style=\"text-align: center;\" width=\"358\"><h6><span style=\"color: #0000ff;\">&#8211;\u00a0\u00a0\u00a0\u00a0\u00a0\u00a0 Solicitud De Impresi\u00f3n De T\u00edtulo.<\/span><\/h6><h6><span style=\"color: #0000ff;\">&#8211;\u00a0\u00a0\u00a0\u00a0\u00a0\u00a0 Solicitud De Certificaci\u00f3n De Acta De Graduaci\u00f3n A Nivel De Licenciatura.<\/span><\/h6><h6><span style=\"color: #0000ff;\">&#8211;\u00a0\u00a0\u00a0\u00a0\u00a0\u00a0 Solicitud De Carta De No Sanci\u00f3n.<\/span><\/h6><h6><span style=\"color: #0000ff;\">&#8211;\u00a0\u00a0\u00a0\u00a0\u00a0\u00a0 Constancia De Asignaci\u00f3n De Cursos<\/span><\/h6><h6><span style=\"color: #0000ff;\">&#8211;\u00a0 \u00a0 \u00a0 Consulta de Tr\u00e1mites Acad\u00e9micos Varios.<\/span><\/h6><\/td><\/tr><tr><td width=\"340\"><h6><strong>\u00a0<\/strong><\/h6><h6 style=\"text-align: center;\"><strong>OFICINA DE RECEPCI\u00d3N<\/strong><\/h6><\/td><td width=\"358\"><h6><strong>\u00a0<\/strong><\/h6><h6 style=\"text-align: center;\"><a href=\"mailto:recepcionjusac@gmail.com\"><strong>recepcionjusac@gmail.com<\/strong><\/a><\/h6><p style=\"text-align: center;\"><span style=\"color: #000000;\">(todas las letras del correo en min\u00fasculas)<\/span><\/p><\/td><td width=\"358\"><h6 style=\"text-align: center;\">&#8211;\u00a0\u00a0\u00a0\u00a0\u00a0\u00a0 Informaci\u00f3n sobre las Pruebas De Primer Ingreso (Prueba Vocacional, Pruebas de Conocimientos B\u00e1sicos y Prueba Espec\u00edfica)<\/h6><h6 style=\"text-align: center;\">&#8211;\u00a0\u00a0\u00a0\u00a0\u00a0\u00a0 Solicitud De Solvencia De Biblioteca de este Centro Universitario.<\/h6><h6 style=\"text-align: center;\">&#8211;\u00a0\u00a0\u00a0\u00a0\u00a0\u00a0 Informaci\u00f3n General sobre las Diferentes Carreras.<\/h6><\/td><\/tr><tr><td width=\"340\"><h6><strong>\u00a0<\/strong><\/h6><h6><strong>\u00a0<\/strong><\/h6><h6 style=\"text-align: center;\"><strong>OFICINA DE CONTROL ACAD\u00c9MICO<\/strong><\/h6><h6><strong>\u00a0<\/strong><\/h6><\/td><td width=\"358\"><h6><strong>\u00a0<\/strong><\/h6><h6><strong>\u00a0<\/strong><\/h6><h6 style=\"text-align: center;\"><a href=\"mailto:controlacademicojusac@gmail.com\"><strong>controlacademicojusac@gmail.com<\/strong><\/a><\/h6><p style=\"text-align: center;\"><span style=\"color: #000000;\">(todas las letras del correo en min\u00fasculas)<\/span><\/p><\/td><td width=\"358\"><h6 style=\"text-align: center;\"><span style=\"color: #0000ff;\">&#8211;\u00a0 \u00a0 \u00a0 \u00a0Certificaci\u00f3n De Cursos Aprobados\/Reprobados.<\/span><\/h6><h6 style=\"text-align: center;\"><span style=\"color: #0000ff;\">&#8211;\u00a0\u00a0\u00a0\u00a0\u00a0\u00a0 Constancia De Cierre De Pensum Acad\u00e9mico<\/span><\/h6><h6 style=\"text-align: center;\"><span style=\"color: #0000ff;\">&#8211;\u00a0 \u00a0 \u00a0 \u00a0Asignaci\u00f3n de Cursos en Control Acad\u00e9mico<\/span><\/h6><h6 style=\"text-align: center;\"><span style=\"color: #0000ff;\">&#8211;\u00a0 \u00a0 \u00a0 \u00a0Pago y Asignaci\u00f3n de Primera y Segunda Recuperaci\u00f3n de Cursos<\/span><\/h6><h6 style=\"text-align: center;\"><span style=\"color: #0000ff;\">-Solicitar Tr\u00e1mite de Equivalencia de cursos<\/span><\/h6><h6 style=\"text-align: center;\"><span style=\"color: #0000ff;\">&#8211;\u00a0\u00a0\u00a0\u00a0\u00a0\u00a0 Informaci\u00f3n De Las Diferentes Carreras.<\/span><\/h6><h6 style=\"text-align: center;\"><span style=\"color: #0000ff;\">&#8211;\u00a0\u00a0\u00a0\u00a0\u00a0\u00a0 Informaci\u00f3n y dudas Referente Al Sistema De Control Acad\u00e9mico.<\/span><\/h6><h6 style=\"text-align: center;\"><span style=\"color: #0000ff;\">&#8211; Informaci\u00f3n y dudas Referente Al Sistema Red de Apoyo Digital Docente -RADD-<\/span><\/h6><\/td><\/tr><tr><td width=\"340\"><h6><strong>\u00a0<\/strong><\/h6><h6 style=\"text-align: center;\"><span style=\"color: #993366;\"><strong>PROFESORADO DE ENSE\u00d1ANZA MEDIA Y LICENCIATURA EN PEDAGOG\u00cdA Y ADMINISTRACI\u00d3N EDUCATIVA<\/strong><\/span><\/h6><h6><strong>\u00a0<\/strong><\/h6><\/td><td width=\"358\"><h6><strong>\u00a0<\/strong><\/h6><h6><strong>\u00a0<\/strong><\/h6><h6 style=\"text-align: center;\"><a href=\"mailto:gestionespedagogia2022@gmail.com\"><strong>secretariapedadogia2022@gmail.com<\/strong><\/a><\/h6><p style=\"text-align: center;\"><span style=\"color: #000000;\">(todas las letras del correo en min\u00fasculas)<\/span><\/p><\/td><td width=\"358\"><h6 style=\"text-align: center;\">&#8211;\u00a0\u00a0\u00a0\u00a0\u00a0\u00a0 Inscripciones De Primer Ingreso.<\/h6><h6 style=\"text-align: center;\">&#8211;\u00a0\u00a0\u00a0\u00a0\u00a0\u00a0 Tr\u00e1mites Administrativos.<\/h6><h6 style=\"text-align: center;\">&#8211;\u00a0\u00a0\u00a0\u00a0\u00a0\u00a0 Solicitud De Constancia De Estudio.<\/h6><h6 style=\"text-align: center;\">&#8211;\u00a0\u00a0\u00a0\u00a0\u00a0\u00a0 Solicitud Certificaci\u00f3n De Examen Especial De Graduaci\u00f3n (Profesorado y Licenciatura).<\/h6><h6 style=\"text-align: center;\">&#8211;\u00a0\u00a0\u00a0\u00a0\u00a0\u00a0 Informaci\u00f3n General Propia De La Carrera<\/h6><h6 style=\"text-align: center;\">&#8211;\u00a0 \u00a0 \u00a0 \u00a0Solicitud de Programa de cursos firmados y sellados por el coordinador De La Carrera<\/h6><\/td><\/tr><tr><td width=\"340\"><h6><strong>\u00a0<\/strong><\/h6><h6 style=\"text-align: center;\"><span style=\"color: #ff0000;\"><strong>LICENCIATURA EN ADMINISTRACI\u00d3N DE EMPRESAS<\/strong><\/span><\/h6><h6><strong>\u00a0<\/strong><\/h6><\/td><td width=\"358\"><h6><strong>\u00a0<\/strong><\/h6><h6 style=\"text-align: center;\"><a href=\"mailto:jusaclicenciaturaenadmon@gmail.com\"><strong>jusaclicenciaturaenadmon@gmail.com<\/strong><\/a><\/h6><p style=\"text-align: center;\"><span style=\"color: #000000;\">(todas las letras del correo en min\u00fasculas)<\/span><\/p><\/td><td width=\"358\"><h6 style=\"text-align: center;\"><span style=\"color: #0000ff;\">&#8211;\u00a0\u00a0\u00a0\u00a0\u00a0\u00a0 Inscripciones De Primer Ingreso.<\/span><\/h6><h6 style=\"text-align: center;\"><span style=\"color: #0000ff;\">&#8211;\u00a0\u00a0\u00a0\u00a0\u00a0\u00a0 Tr\u00e1mites Administrativos.<\/span><\/h6><h6 style=\"text-align: center;\"><span style=\"color: #0000ff;\">&#8211;\u00a0\u00a0\u00a0\u00a0\u00a0\u00a0 Solicitud De Constancia De Estudio.<\/span><\/h6><h6 style=\"text-align: center;\"><span style=\"color: #0000ff;\">&#8211;\u00a0\u00a0\u00a0\u00a0\u00a0\u00a0 Informaci\u00f3n General Propia De La Carrera<\/span><\/h6><h6 style=\"text-align: center;\"><span style=\"color: #0000ff;\">&#8211;\u00a0 \u00a0 \u00a0 \u00a0Solicitud de Programa de cursos firmados y sellados por el coordinador De La Carrera<\/span><\/h6><\/td><\/tr><tr><td width=\"340\"><h6><strong>\u00a0<\/strong><\/h6><h6 style=\"text-align: center;\"><span style=\"color: #ff6600;\"><strong>LICENCIATURA EN CONTADUR\u00cdA P\u00daBLICA Y AUDITOR\u00cdA<\/strong><\/span><\/h6><h6><strong>\u00a0<\/strong><\/h6><\/td><td width=\"358\"><h6><strong>\u00a0<\/strong><\/h6><h6 style=\"text-align: center;\"><a href=\"mailto:tramites.auditoriajusac@gmail.com\"><strong>tramites.auditoriajusac@gmail.com<\/strong><\/a><\/h6><p style=\"text-align: center;\"><span style=\"color: #000000;\">(todas las letras del correo en min\u00fasculas)<\/span><\/p><\/td><td width=\"358\"><h6 style=\"text-align: center;\">&#8211;\u00a0\u00a0\u00a0\u00a0\u00a0\u00a0 Inscripciones De Primer Ingreso.<\/h6><h6 style=\"text-align: center;\">&#8211;\u00a0\u00a0\u00a0\u00a0\u00a0\u00a0 Tr\u00e1mites Administrativos.<\/h6><h6 style=\"text-align: center;\">&#8211;\u00a0\u00a0\u00a0\u00a0\u00a0\u00a0 Solicitud De Constancia De Estudio.<\/h6><h6 style=\"text-align: center;\">&#8211;\u00a0\u00a0\u00a0\u00a0\u00a0\u00a0 Informaci\u00f3n General Propia De La Carrera<\/h6><h6 style=\"text-align: center;\">&#8211;\u00a0 \u00a0 \u00a0 \u00a0Solicitud de Programa de cursos firmados y sellados por el coordinador De La Carrera<\/h6><\/td><\/tr><tr><td width=\"340\"><h6><strong>\u00a0<\/strong><\/h6><h6 style=\"text-align: center;\"><span style=\"color: #008000;\"><strong>INGENIERO AGR\u00d3NOMO EN SISTEMAS DE PRODUCCI\u00d3N AGR\u00cdCOLA<\/strong><\/span><\/h6><h6><strong>\u00a0<\/strong><\/h6><\/td><td width=\"358\"><h6><strong>\u00a0<\/strong><\/h6><h6 style=\"text-align: center;\"><a href=\"mailto:agronomia.jusac@gmail.com\"><strong>agronomia.jusac@gmail.com<\/strong><\/a><\/h6><p style=\"text-align: center;\"><span style=\"color: #000000;\">(todas las letras del correo en min\u00fasculas)<\/span><\/p><\/td><td width=\"358\"><h6 style=\"text-align: center;\"><span style=\"color: #0000ff;\">&#8211;\u00a0\u00a0\u00a0\u00a0\u00a0\u00a0 Inscripciones De Primer Ingreso.<\/span><\/h6><h6 style=\"text-align: center;\"><span style=\"color: #0000ff;\">&#8211;\u00a0\u00a0\u00a0\u00a0\u00a0\u00a0 Tr\u00e1mites Administrativos.<\/span><\/h6><h6 style=\"text-align: center;\"><span style=\"color: #0000ff;\">&#8211;\u00a0\u00a0\u00a0\u00a0\u00a0\u00a0 Solicitud De Constancia De Estudio.<\/span><\/h6><h6 style=\"text-align: center;\"><span style=\"color: #0000ff;\">&#8211;\u00a0\u00a0\u00a0\u00a0\u00a0\u00a0 Informaci\u00f3n General Propia De La Carrera<\/span><\/h6><h6 style=\"text-align: center;\"><span style=\"color: #0000ff;\">&#8211;\u00a0 \u00a0 \u00a0 \u00a0Solicitud de Programa de cursos firmados y sellados por el coordinador De La Carrera<\/span><\/h6><\/td><\/tr><tr><td width=\"340\"><h6><strong>\u00a0<\/strong><\/h6><h6 style=\"text-align: center;\"><span style=\"color: #0000ff;\"><strong>LICENCIATURA EN CIENCIAS JUR\u00cdDICAS Y SOCIALES, ABOGADO Y NOTARIO<\/strong><\/span><\/h6><h6><strong>\u00a0<\/strong><\/h6><\/td><td width=\"358\"><h6><strong>\u00a0<\/strong><\/h6><h6 style=\"text-align: center;\"><a href=\"mailto:gestionesderechojusac@gmail.com\"><strong>coordinacionderechojusac@gmail.com<\/strong><\/a><\/h6><p style=\"text-align: center;\"><span style=\"color: #000000;\">(todas las letras del correo en min\u00fasculas)<\/span><\/p><\/td><td width=\"358\"><h6 style=\"text-align: center;\">&#8211;\u00a0\u00a0\u00a0\u00a0\u00a0\u00a0 Inscripciones De Primer Ingreso.<\/h6><h6 style=\"text-align: center;\">&#8211;\u00a0\u00a0\u00a0\u00a0\u00a0\u00a0 Tr\u00e1mites Administrativos.<\/h6><h6 style=\"text-align: center;\">&#8211;\u00a0\u00a0\u00a0\u00a0\u00a0\u00a0 Solicitud De Constancia De Estudio.<\/h6><h6 style=\"text-align: center;\">&#8211;\u00a0\u00a0\u00a0\u00a0\u00a0\u00a0 Informaci\u00f3n General Propia De La Carrera<\/h6><h6 style=\"text-align: center;\">&#8211;\u00a0 \u00a0 \u00a0 \u00a0Solicitud de Programa de cursos firmados y sellados por el coordinador De La Carrera<\/h6><\/td><\/tr><\/tbody><\/table>\t\t\t\t\t\t<\/div>\n\t\t\t\t<\/div>\n\t\t\t\t<div class=\"elementor-element elementor-element-69949b8 elementor-widget elementor-widget-image\" data-id=\"69949b8\" data-element_type=\"widget\" data-widget_type=\"image.default\">\n\t\t\t\t<div class=\"elementor-widget-container\">\n\t\t\t\t\t\t\t\t\t\t\t\t\t\t\t<img loading=\"lazy\" decoding=\"async\" width=\"913\" height=\"241\" src=\"https:\/\/jusac.usac.edu.gt\/wp-content\/uploads\/2022\/03\/CORREOS2.png\" class=\"attachment-large size-large wp-image-21784\" alt=\"\" srcset=\"https:\/\/jusac.usac.edu.gt\/wp-content\/uploads\/2022\/03\/CORREOS2.png 913w, https:\/\/jusac.usac.edu.gt\/wp-content\/uploads\/2022\/03\/CORREOS2-300x79.png 300w, https:\/\/jusac.usac.edu.gt\/wp-content\/uploads\/2022\/03\/CORREOS2-768x203.png 768w\" sizes=\"(max-width: 913px) 100vw, 913px\" \/>\t\t\t\t\t\t\t\t\t\t\t\t\t\t\t<\/div>\n\t\t\t\t<\/div>\n\t\t\t\t<div class=\"elementor-element elementor-element-46608750 elementor-widget elementor-widget-text-editor\" data-id=\"46608750\" data-element_type=\"widget\" data-widget_type=\"text-editor.default\">\n\t\t\t\t<div class=\"elementor-widget-container\">\n\t\t\t\t\t\t\t<h2 style=\"text-align: center;\">\u00a0<\/h2><h3 style=\"text-align: center;\"><strong><span style=\"color: #ff6600;\">DIRECTORIO DE EXTENSIONES DE NUESTRA PLANTA TELEF\u00d3NICA <\/span><\/strong><\/h3><h3 style=\"text-align: center;\"><strong><span style=\"color: #000080;\">Tel: 7844-6284<\/span><\/strong><\/h3><h3 style=\"text-align: center;\"><strong><span style=\"color: #000080;\">Fax: 78446284<\/span><\/strong><\/h3><h5 style=\"text-align: center;\"><span style=\"color: #008000;\"><strong>CON ATENCION TELEFONICA, \u00daNICAMENTE EN HORARIO DE LUNES A VIERNES DE 13:00 A 18:00 HRS.<\/strong><\/span><\/h5><table border=\"1\" width=\"716\" cellspacing=\"0\" cellpadding=\"0\"><tbody><tr><td style=\"text-align: center;\" width=\"103\"><strong>EXTENSION<\/strong><\/td><td style=\"text-align: center;\" width=\"301\"><strong>OFICINA<\/strong><\/td><td style=\"text-align: center;\" width=\"312\"><strong>CONTACTO<\/strong><\/td><\/tr><tr><td style=\"text-align: center;\" valign=\"top\" width=\"103\"><strong>107<\/strong><\/td><td style=\"text-align: justify;\" width=\"301\"><strong>DIRECTOR<\/strong><\/td><td width=\"312\">\u00a0<\/td><\/tr><tr><td style=\"text-align: center;\" valign=\"top\" width=\"103\"><strong>104<\/strong><\/td><td style=\"text-align: left;\" width=\"301\"><strong>COORDINACI\u00d3N ACAD\u00c9MICA<\/strong><\/td><td width=\"312\">\u00a0<\/td><\/tr><tr><td style=\"text-align: center;\" valign=\"top\" width=\"103\"><strong>106<\/strong><\/td><td style=\"text-align: left;\" width=\"301\"><strong>COORDINADOR CIENCIAS ECON\u00d3MICAS<\/strong><\/td><td width=\"312\">\u00a0<\/td><\/tr><tr><td style=\"text-align: center;\" valign=\"top\" width=\"103\"><strong>108<\/strong><\/td><td style=\"text-align: left;\" width=\"301\"><strong>COORDINADORA CIENCIAS JURIDICAS Y SOCIALES<\/strong><\/td><td width=\"312\">\u00a0<\/td><\/tr><tr><td style=\"text-align: center;\" valign=\"top\" width=\"103\"><strong>105<\/strong><\/td><td style=\"text-align: left;\" width=\"301\"><strong>COORDINADOR PROFESORADO DE ENSE\u00d1ANZA MEDIA<\/strong><\/td><td width=\"312\">\u00a0<\/td><\/tr><tr><td style=\"text-align: center;\" valign=\"top\" width=\"103\"><strong>102<\/strong><\/td><td style=\"text-align: left;\" width=\"301\"><strong>COORDINACION DE INVESTIGACION Y PLANIFICACION<\/strong><\/td><td width=\"312\">\u00a0<\/td><\/tr><tr><td style=\"text-align: center;\" valign=\"top\" width=\"103\"><strong>103<\/strong><\/td><td style=\"text-align: left;\" width=\"301\"><strong>TESORERIA<\/strong><\/td><td width=\"312\">\u00a0<\/td><\/tr><\/tbody><\/table><div class=\"dc\">\u00a0<\/div>\t\t\t\t\t\t<\/div>\n\t\t\t\t<\/div>\n\t\t\t\t\t<\/div>\n\t\t<\/div>\n\t\t\t\t\t\t\t<\/div>\n\t\t<\/section>\n\t\t\t\t\t\t\t<\/div>\n\t\t","protected":false},"excerpt":{"rendered":"<p>DIRECTORIO DE CORREOS ELECTR\u00d3NICOS DEL CENTRO UNIVERSITARIO DE JUTIAPA CON ATENCI\u00d3N VIRTUAL LAS 24 HRS. DEPENDENCIA CORREO ELECTR\u00d3NICO PUEDE CONSULTAR\/GESTIONAR\/TR\u00c1MITAR \u00a0 \u00a0OFICINA DE COORDINACI\u00d3N ACAD\u00c9MICA \u00a0 \u00a0 jusaccoordinacionacademica@gmail.com (todas las letras del correo en min\u00fasculas) &#8211;\u00a0\u00a0\u00a0\u00a0\u00a0\u00a0 Solicitud De Impresi\u00f3n De T\u00edtulo. &#8211;\u00a0\u00a0\u00a0\u00a0\u00a0\u00a0 Solicitud De Certificaci\u00f3n De Acta De Graduaci\u00f3n A Nivel De Licenciatura. &#8211;\u00a0\u00a0\u00a0\u00a0\u00a0\u00a0 Solicitud [&hellip;]<\/p>\n","protected":false},"author":1,"featured_media":0,"parent":24,"menu_order":1,"comment_status":"open","ping_status":"open","template":"","meta":{"site-sidebar-layout":"default","site-content-layout":"default","ast-site-content-layout":"","site-content-style":"default","site-sidebar-style":"default","ast-global-header-display":"","ast-banner-title-visibility":"","ast-main-header-display":"","ast-hfb-above-header-display":"","ast-hfb-below-header-display":"","ast-hfb-mobile-header-display":"","site-post-title":"disabled","ast-breadcrumbs-content":"","ast-featured-img":"","footer-sml-layout":"","theme-transparent-header-meta":"default","adv-header-id-meta":"","stick-header-meta":"","header-above-stick-meta":"","header-main-stick-meta":"","header-below-stick-meta":"","astra-migrate-meta-layouts":"default","ast-page-background-enabled":"default","ast-page-background-meta":{"desktop":{"background-color":"","background-image":"","background-repeat":"repeat","background-position":"center center","background-size":"auto","background-attachment":"scroll","background-type":"","background-media":"","overlay-type":"","overlay-color":"","overlay-gradient":""},"tablet":{"background-color":"","background-image":"","background-repeat":"repeat","background-position":"center center","background-size":"auto","background-attachment":"scroll","background-type":"","background-media":"","overlay-type":"","overlay-color":"","overlay-gradient":""},"mobile":{"background-color":"","background-image":"","background-repeat":"repeat","background-position":"center center","background-size":"auto","background-attachment":"scroll","background-type":"","background-media":"","overlay-type":"","overlay-color":"","overlay-gradient":""}},"ast-content-background-meta":{"desktop":{"background-color":"var(--ast-global-color-5)","background-image":"","background-repeat":"repeat","background-position":"center center","background-size":"auto","background-attachment":"scroll","background-type":"","background-media":"","overlay-type":"","overlay-color":"","overlay-gradient":""},"tablet":{"background-color":"var(--ast-global-color-5)","background-image":"","background-repeat":"repeat","background-position":"center center","background-size":"auto","background-attachment":"scroll","background-type":"","background-media":"","overlay-type":"","overlay-color":"","overlay-gradient":""},"mobile":{"background-color":"var(--ast-global-color-5)","background-image":"","background-repeat":"repeat","background-position":"center center","background-size":"auto","background-attachment":"scroll","background-type":"","background-media":"","overlay-type":"","overlay-color":"","overlay-gradient":""}},"_joinchat":[],"footnotes":""},"_links":{"self":[{"href":"https:\/\/jusac.usac.edu.gt\/index.php?rest_route=\/wp\/v2\/pages\/100"}],"collection":[{"href":"https:\/\/jusac.usac.edu.gt\/index.php?rest_route=\/wp\/v2\/pages"}],"about":[{"href":"https:\/\/jusac.usac.edu.gt\/index.php?rest_route=\/wp\/v2\/types\/page"}],"author":[{"embeddable":true,"href":"https:\/\/jusac.usac.edu.gt\/index.php?rest_route=\/wp\/v2\/users\/1"}],"replies":[{"embeddable":true,"href":"https:\/\/jusac.usac.edu.gt\/index.php?rest_route=%2Fwp%2Fv2%2Fcomments&post=100"}],"version-history":[{"count":6,"href":"https:\/\/jusac.usac.edu.gt\/index.php?rest_route=\/wp\/v2\/pages\/100\/revisions"}],"predecessor-version":[{"id":32670,"href":"https:\/\/jusac.usac.edu.gt\/index.php?rest_route=\/wp\/v2\/pages\/100\/revisions\/32670"}],"up":[{"embeddable":true,"href":"https:\/\/jusac.usac.edu.gt\/index.php?rest_route=\/wp\/v2\/pages\/24"}],"wp:attachment":[{"href":"https:\/\/jusac.usac.edu.gt\/index.php?rest_route=%2Fwp%2Fv2%2Fmedia&parent=100"}],"curies":[{"name":"wp","href":"https:\/\/api.w.org\/{rel}","templated":true}]}}