{"id":14,"date":"2011-05-02T19:45:11","date_gmt":"2011-05-02T19:45:11","guid":{"rendered":"http:\/\/jusac.net\/?page_id=14"},"modified":"2024-01-19T11:19:33","modified_gmt":"2024-01-19T17:19:33","slug":"portada","status":"publish","type":"page","link":"https:\/\/jusac.usac.edu.gt\/","title":{"rendered":"Inicio"},"content":{"rendered":"\t\t<div data-elementor-type=\"wp-page\" data-elementor-id=\"14\" class=\"elementor elementor-14\">\n\t\t\t\t\t\t\t\t\t<section class=\"elementor-section elementor-top-section elementor-element elementor-element-a172b42 elementor-section-boxed elementor-section-height-default elementor-section-height-default\" data-id=\"a172b42\" data-element_type=\"section\">\n\t\t\t\t\t\t<div class=\"elementor-container elementor-column-gap-default\">\n\t\t\t\t\t<div class=\"elementor-column elementor-col-100 elementor-top-column elementor-element elementor-element-317fcce\" data-id=\"317fcce\" data-element_type=\"column\">\n\t\t\t<div class=\"elementor-widget-wrap elementor-element-populated\">\n\t\t\t\t\t\t\t\t<div class=\"elementor-element elementor-element-cf103cb elementor-widget elementor-widget-heading\" data-id=\"cf103cb\" data-element_type=\"widget\" data-widget_type=\"heading.default\">\n\t\t\t\t<div class=\"elementor-widget-container\">\n\t\t\t<h3 class=\"elementor-heading-title elementor-size-default\">\"BIENVENIDOS AL CENTRO UNIVERSITARIO <br>DEL DEPARTAMENTO DE JUTIAPA\" <br>-JUSAC-<\/h3>\t\t<\/div>\n\t\t\t\t<\/div>\n\t\t\t\t<div class=\"elementor-element elementor-element-3de19cb elementor-widget elementor-widget-text-editor\" data-id=\"3de19cb\" data-element_type=\"widget\" data-widget_type=\"text-editor.default\">\n\t\t\t\t<div class=\"elementor-widget-container\">\n\t\t\t\t\t\t\t<h5 style=\"text-align: center;\"><span style=\"color: #800080;\">\u00abL\u00edder en educaci\u00f3n superior del departamento de Jutiapa, Fundamentado en los avances cient\u00edficos y tecnol\u00f3gicos, formando profesionales con excelencia acad\u00e9mica y conciencia social en las distintas \u00e1reas del conocimiento\u00bb<\/span><\/h5><h4 style=\"text-align: center;\"><strong>_____________________________________________________________________________________<\/strong><\/h4><h4 style=\"text-align: center;\"><span style=\"color: #ff6600;\"><strong>-DIRECCI\u00d3N, UBICACI\u00d3N Y HORARIOS DE ATENCI\u00d3N PRESENCIAL EN LAS OFICINAS ADMINISTRATIVAS DEL CENTRO UNIVERSITARIO DE JUTIAPA JUSAC-<\/strong><\/span><\/h4><h5 style=\"text-align: center;\"><span style=\"color: #000080;\"><strong>UBICACI\u00d3N Y DIRECCI\u00d3N DE NUESTRAS OFICINAS ADMINISTRATIVAS:\u00a0 \u00a0<\/strong><\/span><\/h5><h4 style=\"text-align: center;\"><span style=\"color: #ff00ff;\"><strong>5\u00aa. Avenida 2-03, Calzada Los Almendros, Barrio La Federal, zona 3, Jutiapa, Jutiapa.<\/strong><\/span><\/h4><p><img loading=\"lazy\" decoding=\"async\" class=\"aligncenter wp-image-14924 size-full\" src=\"https:\/\/jusac.usac.edu.gt\/wp-content\/uploads\/2021\/05\/EDIFICIO-JUSAC.jpg\" alt=\"\" width=\"604\" height=\"513\" srcset=\"https:\/\/jusac.usac.edu.gt\/wp-content\/uploads\/2021\/05\/EDIFICIO-JUSAC.jpg 604w, https:\/\/jusac.usac.edu.gt\/wp-content\/uploads\/2021\/05\/EDIFICIO-JUSAC-300x255.jpg 300w\" sizes=\"(max-width: 604px) 100vw, 604px\" \/><\/p><h5 style=\"text-align: center;\"><span style=\"color: #000080;\"><strong>N\u00daMERO TELEF\u00d3NICO DE NUESTRAS OFICINAS ADMINISTRATIVAS:\u00a0 \u00a0<\/strong><\/span><\/h5><h2 style=\"text-align: center;\"><span style=\"color: #003300;\"><strong>7844-6284 <\/strong><\/span><\/h2><h5 style=\"text-align: center;\"><span style=\"color: #ff6600;\"><strong>(con atenci\u00f3n al n\u00famero telef\u00f3nico, solamente en horario de <\/strong><strong>lunes a viernes de 13:00 a 21:00 hrs).<\/strong><\/span><\/h5><h4 style=\"text-align: center;\"><strong>_____________________________________________________________________________________<\/strong><\/h4><h5 style=\"text-align: justify;\"><strong><span style=\"color: #000080;\">horario de atenci\u00f3n presencial <span style=\"color: #ff0000;\">para estudiantes de nuestras d<\/span><\/span><\/strong><strong><span style=\"color: #000080;\"><span style=\"color: #ff0000;\">iferentes carreras, aspirantes de primer ingreso para el a\u00f1o 2024 y p\u00fablico en general,<\/span> en el \u00e1rea de recepci\u00f3n de nuestras oficinas administrativas:<\/span><\/strong><\/h5><h4 style=\"text-align: center;\"><span style=\"color: #800080;\"><strong>\u00fanicamente de lunes a viernes de 13:00 a 21:00 hrs.<\/strong><\/span><\/h4><h5 style=\"text-align: center;\"><span style=\"color: #993366;\"><strong>CORREO ELECTR\u00d3NICO <\/strong><strong>INSTITUCIONAL:<\/strong><\/span><\/h5><p style=\"text-align: center;\"><span style=\"color: #0000ff;\"><a style=\"color: #0000ff;\" href=\"mailto:jusaccentrouniversitario@gmail.com\">\u00a0 \u00a0 <span style=\"color: #ff00ff;\"><strong>\u00a0jusaccentrouniversitario@gmail.com<\/strong><\/span><\/a><\/span><\/p><p style=\"text-align: center;\"><span style=\"color: #000000;\">(todas las letras del correo en min\u00fasculas)<\/span><\/p><h4 style=\"text-align: center;\"><strong>_____________________________________________________________________________________<\/strong><\/h4><h5 style=\"text-align: justify;\"><span style=\"color: #000080;\"><strong>HORARIO DE ATENCI\u00d3N PRESENCIAL\u00a0<\/strong><\/span><span style=\"color: #000080;\"><strong>EN NUESTRAS OFICINAS ADMINISTRATIVAS\u00a0<\/strong><\/span><span style=\"color: #000080;\"><strong>PARA <span style=\"color: #33cccc;\">ESTUDIANTES DE LAS DIFERENTES CARRERAS QUE REQUIERAN SOLICITAR TR\u00c1MITE O GESTI\u00d3N ANTE LA COORDINACI\u00d3N ACAD\u00c9MICA:<\/span><\/strong><\/span><\/h5><h4 style=\"text-align: center;\"><span style=\"color: #800080;\"><strong>De Lunes a Viernes <\/strong><strong>De 14:00 a 20:00 hrs.<\/strong><\/span><\/h4><h5 style=\"text-align: center;\"><strong><span style=\"color: #993366;\">correo electr\u00f3nico:<\/span><\/strong><\/h5><p style=\"text-align: center;\"><span style=\"color: #ff00ff;\"><a style=\"color: #ff00ff;\" href=\"mailto:jusaccoordinacionacademica@gmail.com\"><strong>jusaccoordinacionacademica@gmail.com<\/strong><\/a><\/span><\/p><p style=\"text-align: center;\"><span style=\"color: #000000;\">(todas las letras del correo en min\u00fasculas)<\/span><\/p><h4 style=\"text-align: center;\"><strong>_____________________________________________________________________________________<\/strong><\/h4><h5 style=\"text-align: justify;\"><span style=\"color: #000080;\"><strong>HORARIO DE ATENCI\u00d3N PRESENCIAL PARA <span style=\"color: #993366;\">ESTUDIANTES DE LAS DIFERENTES CARRERAS QUE REQUIERAN SOLICITAR TR\u00c1MITE O GESTI\u00d3N EN CONTROL ACAD\u00c9MICO<\/span>\u00a0EN NUESTRAS OFICINAS ADMINISTRATIVAS:<\/strong><\/span><\/h5><h4 style=\"text-align: center;\"><span style=\"color: #800080;\"><strong>De Lunes a Viernes <\/strong><strong>De 13:00 a 21:00 hrs.<\/strong><\/span><\/h4><h5 style=\"text-align: center;\"><strong><span style=\"color: #993366;\">correo electr\u00f3nico:<\/span><\/strong><\/h5><p style=\"text-align: center;\"><span style=\"color: #ff00ff;\"><a style=\"color: #ff00ff;\" href=\"mailto:controlacademicojusac@gmail.com\"><strong>controlacademicojusac@gmail.com<\/strong><\/a><\/span><\/p><p style=\"text-align: center;\"><span style=\"color: #000000;\">(todas las letras del correo en min\u00fasculas)<\/span><\/p><h4 style=\"text-align: center;\"><strong>_____________________________________________________________________________________<\/strong><\/h4><h5 style=\"text-align: justify;\"><span style=\"color: #000080;\"><strong>HORARIO DE ATENCI\u00d3N PRESENCIAL PARA <span style=\"color: #008000;\">ESTUDIANTES DE LA CARRERA DE INGENIERO AGR\u00d3NOMO EN SISTEMAS DE PRODUCCI\u00d3N AGR\u00cdCOLA<\/span> EN NUESTRAS OFICINAS ADMINISTRATIVAS:<\/strong><\/span><\/h5><h4 style=\"text-align: center;\"><span style=\"color: #800080;\"><strong>De Lunes a Viernes de<\/strong><strong> 14:00 a 19:00 hrs.<\/strong><\/span><\/h4><h5 style=\"text-align: center;\"><strong><span style=\"color: #993366;\">correo electr\u00f3nico:<\/span><\/strong><\/h5><p style=\"text-align: center;\"><span style=\"color: #ff00ff;\"><a style=\"color: #ff00ff;\" href=\"mailto:agronomia.jusac@gmail.com\"><strong>agronomia.jusac@gmail.com<\/strong><\/a><\/span><\/p><p style=\"text-align: center;\"><span style=\"color: #000000;\">(todas las letras del correo en min\u00fasculas)<\/span><\/p><h4 style=\"text-align: center;\"><strong>_____________________________________________________________________________________<\/strong><\/h4><h5 style=\"text-align: justify;\"><span style=\"color: #000080;\"><strong>HORARIO DE ATENCI\u00d3N PRESENCIAL PARA <span style=\"color: #993300;\">ESTUDIANTES DE LA CARRERA DE LICENCIATURA EN ADMINISTRACI\u00d3N DE EMPRESAS<\/span> EN NUESTRAS OFICINAS ADMINISTRATIVAS:<\/strong><\/span><\/h5><h4 style=\"text-align: center;\"><span style=\"color: #800080;\"><strong>De lunes a jueves <\/strong><strong>De 16:00 a 20:00 hrs.<\/strong><\/span><\/h4><h5 style=\"text-align: center;\"><strong><span style=\"color: #993366;\">correo electr\u00f3nico:<\/span><\/strong><\/h5><div style=\"text-align: center;\"><span style=\"color: #ff00ff;\"><strong>jusaclicenciaturaenadmon@gmail.com<\/strong><\/span><\/div><div>\u00a0<\/div><div style=\"text-align: center;\"><span style=\"color: #000000;\">(todas las letras del correo en min\u00fasculas)<\/span><\/div><h4 style=\"text-align: center;\"><strong>_____________________________________________________________________________________<\/strong><\/h4><h5 style=\"text-align: justify;\"><span style=\"color: #000080;\"><strong>HORARIO DE ATENCI\u00d3N PRESENCIAL PARA <span style=\"color: #ff6600;\">ESTUDIANTES DE LA CARRERA DE LICENCIATURA EN CONTADUR\u00cdA PUBLICA Y AUDITORIA <\/span>EN NUESTRAS OFICINAS ADMINISTRATIVAS:<\/strong><\/span><\/h5><h4 style=\"text-align: center;\"><span style=\"color: #800080;\"><strong>De martes a viernes <\/strong><strong>De 17:00 a 20:00 hrs.<\/strong><\/span><\/h4><h5 style=\"text-align: center;\"><strong><span style=\"color: #993366;\">correo electr\u00f3nico:<\/span><\/strong><\/h5><p style=\"text-align: center;\"><span style=\"color: #ff00ff;\"><strong>tramites.auditoriajusac@gmail.com<\/strong><\/span><\/p><p style=\"text-align: center;\"><span style=\"color: #000000;\">(todas las letras del correo en min\u00fasculas)<\/span><\/p><h4 style=\"text-align: center;\"><strong>_____________________________________________________________________________________<\/strong><\/h4><h5 style=\"text-align: justify;\"><span style=\"color: #000080;\"><strong>HORARIO DE ATENCI\u00d3N PRESENCIAL PARA <span style=\"color: #0000ff;\">ESTUDIANTES DE LA CARRERA DE LICENCIATURA EN CIENCIAS JUR\u00cdDICAS Y SOCIALES, ABOGADO Y NOTARIO <\/span>EN NUESTRAS OFICINAS ADMINISTRATIVAS:<\/strong><\/span><\/h5><h4 style=\"text-align: center;\"><span style=\"color: #800080;\"><strong>De Lunes a Viernes <\/strong><strong>De 14:00 a 20:00 hrs.<\/strong><\/span><\/h4><h5 style=\"text-align: center;\"><strong><span style=\"color: #993366;\">correo electr\u00f3nico:<\/span><\/strong><\/h5><p style=\"text-align: center;\"><span style=\"color: #ff00ff;\"><strong>coordinacionderechojusac@gmail.com<\/strong><\/span><\/p><p style=\"text-align: center;\"><span style=\"color: #000000;\">(todas las letras del correo en min\u00fasculas)<\/span><\/p><h4 style=\"text-align: center;\"><strong>_____________________________________________________________________________________<\/strong><\/h4><h5 style=\"text-align: justify;\"><span style=\"color: #000080;\"><strong>HORARIO DE ATENCI\u00d3N PRESENCIAL PARA <span style=\"color: #800080;\">ESTUDIANTES DE LA CARRERA DE <\/span><\/strong><\/span><span style=\"color: #000080;\"><strong><span style=\"color: #800080;\">PROFESORADO DE ENSE\u00d1ANZA MEDIA y <\/span><\/strong><\/span><span style=\"color: #000080;\"><strong><span style=\"color: #800080;\">LICENCIATURA EN PEDAGOG\u00cdA Y ADMINISTRACI\u00d3N EDUCATIVA <\/span>EN NUESTRAS OFICINAS ADMINISTRATIVAS:<\/strong><\/span><\/h5><h4 style=\"text-align: center;\"><span style=\"color: #800080;\"><strong>De Lunes a viernes <\/strong><\/span><span style=\"color: #800080;\"><strong>De 13:00 a 21:00 hrs.<\/strong><\/span><\/h4><h5 style=\"text-align: center;\"><strong><span style=\"color: #993366;\">correo electr\u00f3nico:<\/span><\/strong><\/h5><p style=\"text-align: center;\"><a href=\"mailto:secretariapedagogia2022@gmail.com\" target=\"_blank\" rel=\"noopener\"><span style=\"color: #ff00ff;\"><strong>secretariapedagogia2022@gmail.com<\/strong><\/span><\/a><\/p><p style=\"text-align: center;\"><span style=\"color: #000000;\">(todas las letras del correo en min\u00fasculas)<\/span><\/p>\t\t\t\t\t\t<\/div>\n\t\t\t\t<\/div>\n\t\t\t\t\t<\/div>\n\t\t<\/div>\n\t\t\t\t\t\t\t<\/div>\n\t\t<\/section>\n\t\t\t\t\t\t\t<\/div>\n\t\t","protected":false},"excerpt":{"rendered":"<p>\u00abBIENVENIDOS AL CENTRO UNIVERSITARIO DEL DEPARTAMENTO DE JUTIAPA\u00bb -JUSAC- \u00abL\u00edder en educaci\u00f3n superior del departamento de Jutiapa, Fundamentado en los avances cient\u00edficos y tecnol\u00f3gicos, formando profesionales con excelencia acad\u00e9mica y conciencia social en las distintas \u00e1reas del conocimiento\u00bb _____________________________________________________________________________________ -DIRECCI\u00d3N, UBICACI\u00d3N Y HORARIOS DE ATENCI\u00d3N PRESENCIAL EN LAS OFICINAS ADMINISTRATIVAS DEL CENTRO UNIVERSITARIO DE JUTIAPA [&hellip;]<\/p>\n","protected":false},"author":101011,"featured_media":0,"parent":0,"menu_order":1,"comment_status":"closed","ping_status":"closed","template":"","meta":{"site-sidebar-layout":"default","site-content-layout":"default","ast-site-content-layout":"","site-content-style":"default","site-sidebar-style":"default","ast-global-header-display":"","ast-banner-title-visibility":"","ast-main-header-display":"","ast-hfb-above-header-display":"","ast-hfb-below-header-display":"","ast-hfb-mobile-header-display":"","site-post-title":"disabled","ast-breadcrumbs-content":"","ast-featured-img":"","footer-sml-layout":"","theme-transparent-header-meta":"default","adv-header-id-meta":"","stick-header-meta":"","header-above-stick-meta":"","header-main-stick-meta":"","header-below-stick-meta":"","astra-migrate-meta-layouts":"default","ast-page-background-enabled":"default","ast-page-background-meta":{"desktop":{"background-color":"","background-image":"","background-repeat":"repeat","background-position":"center center","background-size":"auto","background-attachment":"scroll","background-type":"","background-media":"","overlay-type":"","overlay-color":"","overlay-gradient":""},"tablet":{"background-color":"","background-image":"","background-repeat":"repeat","background-position":"center center","background-size":"auto","background-attachment":"scroll","background-type":"","background-media":"","overlay-type":"","overlay-color":"","overlay-gradient":""},"mobile":{"background-color":"","background-image":"","background-repeat":"repeat","background-position":"center center","background-size":"auto","background-attachment":"scroll","background-type":"","background-media":"","overlay-type":"","overlay-color":"","overlay-gradient":""}},"ast-content-background-meta":{"desktop":{"background-color":"var(--ast-global-color-5)","background-image":"","background-repeat":"repeat","background-position":"center center","background-size":"auto","background-attachment":"scroll","background-type":"","background-media":"","overlay-type":"","overlay-color":"","overlay-gradient":""},"tablet":{"background-color":"var(--ast-global-color-5)","background-image":"","background-repeat":"repeat","background-position":"center center","background-size":"auto","background-attachment":"scroll","background-type":"","background-media":"","overlay-type":"","overlay-color":"","overlay-gradient":""},"mobile":{"background-color":"var(--ast-global-color-5)","background-image":"","background-repeat":"repeat","background-position":"center center","background-size":"auto","background-attachment":"scroll","background-type":"","background-media":"","overlay-type":"","overlay-color":"","overlay-gradient":""}},"_joinchat":[],"footnotes":""},"_links":{"self":[{"href":"https:\/\/jusac.usac.edu.gt\/index.php?rest_route=\/wp\/v2\/pages\/14"}],"collection":[{"href":"https:\/\/jusac.usac.edu.gt\/index.php?rest_route=\/wp\/v2\/pages"}],"about":[{"href":"https:\/\/jusac.usac.edu.gt\/index.php?rest_route=\/wp\/v2\/types\/page"}],"author":[{"embeddable":true,"href":"https:\/\/jusac.usac.edu.gt\/index.php?rest_route=\/wp\/v2\/users\/101011"}],"replies":[{"embeddable":true,"href":"https:\/\/jusac.usac.edu.gt\/index.php?rest_route=%2Fwp%2Fv2%2Fcomments&post=14"}],"version-history":[{"count":16,"href":"https:\/\/jusac.usac.edu.gt\/index.php?rest_route=\/wp\/v2\/pages\/14\/revisions"}],"predecessor-version":[{"id":39171,"href":"https:\/\/jusac.usac.edu.gt\/index.php?rest_route=\/wp\/v2\/pages\/14\/revisions\/39171"}],"wp:attachment":[{"href":"https:\/\/jusac.usac.edu.gt\/index.php?rest_route=%2Fwp%2Fv2%2Fmedia&parent=14"}],"curies":[{"name":"wp","href":"https:\/\/api.w.org\/{rel}","templated":true}]}}