{"id":186,"date":"2011-05-04T17:18:58","date_gmt":"2011-05-04T23:18:58","guid":{"rendered":"http:\/\/www.jusac.net\/?page_id=186"},"modified":"2025-01-10T14:18:18","modified_gmt":"2025-01-10T20:18:18","slug":"traslado-de-unidad-acad","status":"publish","type":"page","link":"https:\/\/jusac.usac.edu.gt\/?page_id=186","title":{"rendered":"Solicitud de Tr\u00e1mites Administrativos 2025"},"content":{"rendered":"\t\t<div data-elementor-type=\"wp-page\" data-elementor-id=\"186\" class=\"elementor elementor-186\">\n\t\t\t\t\t\t\t\t\t<section class=\"elementor-section elementor-top-section elementor-element elementor-element-7d89fbb4 elementor-section-boxed elementor-section-height-default elementor-section-height-default\" data-id=\"7d89fbb4\" data-element_type=\"section\">\n\t\t\t\t\t\t<div class=\"elementor-container elementor-column-gap-default\">\n\t\t\t\t\t<div class=\"elementor-column elementor-col-100 elementor-top-column elementor-element elementor-element-3456b36a\" data-id=\"3456b36a\" data-element_type=\"column\">\n\t\t\t<div class=\"elementor-widget-wrap elementor-element-populated\">\n\t\t\t\t\t\t\t\t<div class=\"elementor-element elementor-element-226ffe33 elementor-widget elementor-widget-text-editor\" data-id=\"226ffe33\" data-element_type=\"widget\" data-widget_type=\"text-editor.default\">\n\t\t\t\t<div class=\"elementor-widget-container\">\n\t\t\t\t\t\t\t<h3 style=\"text-align: center;\"><span style=\"color: #ff6600;\"><strong>EL CENTRO UNIVERSITARIO DE JUTIAPA EN COLABORACI\u00d3N CON EL DEPARTAMENTO DE REGISTRO Y ESTAD\u00cdSTICA DEL CAMPUS CENTRAL DE LA USAC, OFRECE AL ESTUDIANTADO SANCARLISTA LOS SIGUIENTES TIPOS DE TR\u00c1MITES ADMINISTRATIVOS:<\/strong><\/span><\/h3><h4 style=\"text-align: center;\"><strong>_____________________________________________________________________________________<\/strong><\/h4><h4 style=\"text-align: center;\"><span style=\"color: #993366;\"><strong>\u00daNICAS FECHAS PARA EL A\u00d1O 2025 EN LA CUAL <\/strong><\/span><span style=\"color: #993366;\"><strong>LOS ESTUDIANTES <\/strong><\/span><span style=\"color: #993366;\"><strong>PODR\u00c1N SOLICITAR PRESENCIALMENTE LOS DIFERENTES TIPOS DE TRAMITES ADMINISTRATIVOS EN EL CENTRO UNIVERSITARIO DE JUTIAPA<\/strong><\/span><\/h4><h5 style=\"text-align: center;\"><span style=\"color: #003300;\"><strong>-DURANTE LOS DOS PRIMEROS MESES DEL A\u00d1O (ENERO-FEBRERO 2025)<\/strong><\/span><\/h5><h4 style=\"text-align: center;\"><span style=\"color: #0000ff;\"><strong>fecha ordinaria:<\/strong><\/span><\/h4><h3 style=\"text-align: center;\"><span style=\"color: #ff0000;\"><strong>\u00abDEL 15 AL 29 DE ENERO DE 2025\u00bb<\/strong><\/span><\/h3><h4 style=\"text-align: center;\"><span style=\"color: #0000ff;\"><strong>fecha extraordinaria:<\/strong><\/span><\/h4><h3 style=\"text-align: center;\"><span style=\"color: #ff0000;\"><strong>\u00abDEL 03 AL 20 DE FEBRERO DE 2025\u00bb<\/strong><\/span><\/h3><h4 style=\"text-align: center;\"><strong>_____________________________________________________________________________________<\/strong><\/h4><h4 style=\"text-align: center;\"><strong>_____________________________________________________________________________________<\/strong><\/h4><h4 style=\"text-align: center;\"><a href=\"https:\/\/jusac.usac.edu.gt\/?page_id=11350\" target=\"_blank\" rel=\"noopener\"><strong><span style=\"color: #ff0000; --darkreader-inline-color: #ff3333;\" data-darkreader-inline-color=\"\">-\u00abSOLICITUD DE TR\u00c1MITE DE TRASLADO DE MATR\u00cdCULA DE OTRA UNIDAD ACAD\u00c9MICA O CENTRO UNIVERSITARIO AL NUESTRO\u00bb <span style=\"color: #ff00ff;\">(CLIC AQU\u00cd PARA CONCER EL PROCESO Y REQUISITOS):<\/span><\/span><\/strong><\/a><\/h4><ul><li><h6 style=\"text-align: justify;\"><span style=\"color: #000000;\">Solicitado por estudiantes activos o inactivos que requieran trasladarse por m\u00faltiples motivos personales de otro centro universitario, campus central de la ciudad capital o de otro centro universitario departamental hacia nuestro centro universitario de Jutiapa;<\/span> <span style=\"color: #000080;\"><strong>independientemente si se traslada para continuar estudiando la misma carrera o se traslada para iniciar una nueva carrera en nuestro centro universitario de Jutiapa.<\/strong><\/span><\/h6><\/li><\/ul><h5 style=\"text-align: center;\"><a href=\"https:\/\/jusac.usac.edu.gt\/wp-content\/uploads\/2021\/01\/RESOLUCION-TRAMITES-ADMINISTRATIVOS-AUTORIZADOS-JUSAC.pdf\" target=\"_blank\" rel=\"noopener\"><span style=\"color: #ff00ff;\"><strong>\u00abCLIC AQUI PARA CONOCER SU BASE LEGAL\u00bb<\/strong><\/span><\/a><\/h5><h4 style=\"text-align: center;\"><strong>_____________________________________________________________________________________<\/strong><\/h4><h4 style=\"text-align: center;\"><a href=\"https:\/\/jusac.usac.edu.gt\/?page_id=11353\" target=\"_blank\" rel=\"noopener\"><strong><span style=\"color: #008000; --darkreader-inline-color: #7fff7f;\" data-darkreader-inline-color=\"\">-\u00abSOLICITUD DE TR\u00c1MITE DE CARRERA SIMULT\u00c1NEA\u00bb <span style=\"color: #ff00ff;\">(CLIC AQU\u00cd PARA CONOCER EL PROCESO Y REQUISITOS):<\/span><\/span><\/strong><\/a><\/h4><ul><li><h6 style=\"text-align: justify;\"><span style=\"color: #000000;\">Seg\u00fan disposiciones establecidas en nuestro normativo, este tr\u00e1mite es solicitado y aplica,<\/span> <span style=\"color: #000080;\"><strong>si las dos carreras a solicitar en simult\u00e1nea por el estudiante, pertenecen y se imparten \u00fanicamente en este mismo centro universitario de Jutiapa y que estas, \u201cno traslapen y no se impartan en un mismo dia y horario de clases similar\u00bb.<\/strong><\/span><\/h6><\/li><\/ul><h5 style=\"text-align: center;\"><a href=\"https:\/\/jusac.usac.edu.gt\/wp-content\/uploads\/2021\/01\/RESOLUCION-TRAMITES-ADMINISTRATIVOS-AUTORIZADOS-JUSAC.pdf\" target=\"_blank\" rel=\"noopener\"><span style=\"color: #ff00ff;\"><strong>\u00abCLIC AQUI PARA CONOCER SU BASE LEGAL\u00bb<\/strong><\/span><\/a><\/h5><h4 style=\"text-align: center;\"><strong>_____________________________________________________________________________________<\/strong><\/h4><h4 style=\"text-align: center;\"><a href=\"https:\/\/jusac.usac.edu.gt\/?page_id=11355\" target=\"_blank\" rel=\"noopener\"><strong><span style=\"color: #000080; --darkreader-inline-color: #7faeff;\" data-darkreader-inline-color=\"\">-\u00abSOLICITUD DE TR\u00c1MITE DE CAMBIO DE CARRERA\u00bb <span style=\"color: #ff00ff;\">(CLIC AQU\u00cd PARA CONOCER EL PROCESO Y REQUISITOS):<\/span><\/span><\/strong><\/a><\/h4><ul><li><h6 style=\"text-align: justify;\"><span style=\"color: #000000;\">Seg\u00fan disposiciones establecidas en nuestro normativo, este tr\u00e1mite aplica \u00fanicamente para los estudiantes de nuestro centro universitario activos o no activos en una de nuestras carreras y que requieran por m\u00faltiples motivos personales,<\/span> <span style=\"color: #000080;\"><strong>solicitar el cambio definitivo de una carrera a otra carrera, que est\u00e9 tambi\u00e9n disponible en este mismo centro universitario de jutiapa.<\/strong><\/span><\/h6><\/li><\/ul><h5 style=\"text-align: center;\"><a href=\"https:\/\/jusac.usac.edu.gt\/wp-content\/uploads\/2021\/01\/RESOLUCION-TRAMITES-ADMINISTRATIVOS-AUTORIZADOS-JUSAC.pdf\" target=\"_blank\" rel=\"noopener\"><span style=\"color: #ff00ff;\"><strong>\u00abCLIC AQU\u00cd PARA CONOCER SU BASE LEGAL\u00bb<\/strong><\/span><\/a><\/h5><h4 style=\"text-align: center;\"><strong>_____________________________________________________________________________________<\/strong><\/h4><h4 style=\"text-align: center;\"><a href=\"https:\/\/jusac.usac.edu.gt\/?page_id=11358\" target=\"_blank\" rel=\"noopener\"><strong><span style=\"color: #008000; --darkreader-inline-color: #7fff7f;\" data-darkreader-inline-color=\"\"><span style=\"color: #ff6600;\">-SOLICITUD DE TR\u00c1MITE DE REINGRESO A ESTE CENTRO UNIVERSITARIO DE JUTIAPA, COMO PROFESIONAL YA GRADUADO, <span style=\"color: #0000ff;\">QUE YA POSEE <\/span><\/span><\/span><\/strong><span style=\"color: #0000ff;\"><strong><span style=\"--darkreader-inline-color: #7fff7f;\" data-darkreader-inline-color=\"\">T\u00cdTULO O ACTA DE GRADUACI\u00d3N A NIVEL T\u00c9CNICO O DE <\/span><\/strong><strong><span style=\"--darkreader-inline-color: #7fff7f;\" data-darkreader-inline-color=\"\">LICENCIATURA <\/span><\/strong><\/span><strong><span style=\"color: #008000; --darkreader-inline-color: #7fff7f;\" data-darkreader-inline-color=\"\"><span style=\"color: #ff6600;\">DE LA UNIVERSIDAD DE SAN CARLOS DE GUATEMALA<span style=\"color: #ff00ff;\"> (CLIC AQUI PARA CONOCER EL PROCESO Y REQUISITOS):<\/span><\/span><\/span><\/strong><\/a><span style=\"color: #ff00ff;\"><strong><span style=\"--darkreader-inline-color: #7fff7f;\" data-darkreader-inline-color=\"\">\u00a0<\/span><\/strong><\/span><\/h4><ul><li><h6 style=\"text-align: justify;\"><span style=\"color: #000000;\">solicitado por profesionales ya graduados en cualquier carrera de la usac a nivel nacional,<\/span> <strong><span style=\"color: #000080;\">que ya cuenten f\u00edsicamente con su t\u00edtulo a nivel t\u00e9cnico o de licenciatura,<\/span> <\/strong><span style=\"color: #000000;\">el cual, por el simple hecho de ya tenerlo, lo exonera de todas las pruebas de primer ingreso y acredita directamente como si fuese un estudiante de reingreso, listo para iniciar de cero en una nueva carrera en este Centro Universitario de Jutiapa.\u00a0<\/span><\/h6><\/li><li><h6 style=\"text-align: justify;\"><span style=\"color: #000000;\">si aun no cuenta f\u00edsicamente con dicho t\u00edtulo universitario de la usac, debido a que aun no lo ha tramitado o que aun esta pendiente de que se le entregue f\u00edsicamente,<\/span> <span style=\"color: #000080;\"><strong>se le puede aceptar la certificaci\u00f3n original del acta de graduaci\u00f3n, siempre y cuando esta, no tenga mas de 2 a\u00f1os de antiguedad,<\/strong> <\/span><span style=\"color: #000000;\">en la fecha en la que est\u00e1 solicitando este tipo de tr\u00e1mite.\u00a0 si el acta de graduaci\u00f3n ya tiene mas de 2 a\u00f1os de antiguedad, estrictamente no se le recibir\u00e1\u00a0 y procesar\u00e1 su tr\u00e1mite.<\/span><\/h6><h5 style=\"text-align: center;\">\u00a0<a href=\"https:\/\/jusac.usac.edu.gt\/wp-content\/uploads\/2021\/01\/RESOLUCION-TRAMITES-ADMINISTRATIVOS-AUTORIZADOS-JUSAC.pdf\" target=\"_blank\" rel=\"noopener\"><span style=\"color: #ff00ff;\"><strong>\u00abCLIC AQU\u00cd PARA CONOCER SU BASE LEGAL\u00bb<\/strong><\/span><\/a><\/h5><h4 style=\"text-align: center;\"><strong>_____________________________________________________________________________________<\/strong><\/h4><\/li><\/ul><h4 style=\"text-align: center;\"><span style=\"color: #666699;\"><a style=\"color: #666699;\" href=\"https:\/\/jusac.usac.edu.gt\/?page_id=12013\" target=\"_blank\" rel=\"noopener\"><strong><span style=\"--darkreader-inline-color: #7fff7f;\" data-darkreader-inline-color=\"\">-SOLICITUD DE TR\u00c1MITE DE PRIMER INGRESO A ESTE CENTRO UNIVERSITARIO\u00a0 DE JUTIAPA, COMO PROFESIONAL YA GRADUADO, QUE POSEE T\u00cdTULO UNIVERSITARIO <span style=\"color: #0000ff;\">(\u00daNICAMENTE A NIVEL DE LICENCIATURA)<\/span> DE ALGUNA UNIVERSIDAD PRIVADA EN GUATEMALA <span style=\"color: #ff00ff;\">(CLIC AQU\u00cd PARA CONOCER EL PROCESO Y REQUISITOS):<\/span><\/span><\/strong><\/a><\/span><\/h4><ul><li style=\"text-align: justify;\"><h6><span style=\"color: #000000;\">solicitado por profesionales ya graduados en alguna universidad privada en guatemala, <span style=\"color: #000080;\"><strong>que ya cuenten f\u00edsicamente con su t\u00edtulo a nivel de licenciatura,<\/strong><\/span> el cual, por el simple hecho de tenerlo, <span style=\"color: #000080;\"><strong>lo acredita como un estudiante de primer ingreso exonerado de todas las pruebas de primer ingreso,<\/strong> <\/span>y que est\u00e1 listo para iniciar de cero en una nueva carrera en este centro universitario de Jutiapa.<\/span><\/h6><\/li><li><h6 style=\"text-align: justify;\"><span style=\"color: #000000;\">este tramite no puede solicitarse si aun no cuenta f\u00edsicamente con dicho t\u00edtulo universitario, si todav\u00eda no lo ha tramitado o aun esta pendiente de que se le entregue f\u00edsicamente, por lo anterior,<\/span> <span style=\"color: #000080;\"><strong>estrictamente no se acepta su tr\u00e1mite si solamente tiene la certificaci\u00f3n del acta original de graduaci\u00f3n<\/strong>.<\/span><\/h6><\/li><\/ul><h5 style=\"text-align: center;\"><a href=\"https:\/\/jusac.usac.edu.gt\/wp-content\/uploads\/2021\/01\/RESOLUCION-TRAMITES-ADMINISTRATIVOS-AUTORIZADOS-JUSAC.pdf\" target=\"_blank\" rel=\"noopener\"><span style=\"color: #ff00ff;\"><strong>\u00abCLIC AQU\u00cd PARA CONOCER SU BASE LEGAL\u00bb<\/strong><\/span><\/a><\/h5><h4 style=\"text-align: center;\"><strong>_____________________________________________________________________________________<\/strong><\/h4><h4 style=\"text-align: center;\"><strong>_____________________________________________________________________________________<\/strong><\/h4><h4 style=\"text-align: center;\"><span style=\"color: #993366;\"><strong>\u00daNICAS FECHAS PARA EL A\u00d1O 2025 EN LA CUAL <\/strong><\/span><span style=\"color: #993366;\"><strong>LOS ESTUDIANTES <\/strong><\/span><span style=\"color: #993366;\"><strong>PODR\u00c1N SOLICITAR PRESENCIALMENTE LOS DIFERENTES TIPOS DE TRAMITES ADMINISTRATIVOS EN EL CENTRO UNIVERSITARIO DE JUTIAPA<\/strong><\/span><\/h4><h5 style=\"text-align: center;\"><span style=\"color: #003300;\"><strong>-DURANTE LOS DOS PRIMEROS MESES DEL A\u00d1O (ENERO-FEBRERO 2025)<\/strong><\/span><\/h5><h4 style=\"text-align: center;\"><span style=\"color: #0000ff;\"><strong>fecha ordinaria:<\/strong><\/span><\/h4><h3 style=\"text-align: center;\"><span style=\"color: #ff0000;\"><strong>\u00abDEL 15 AL 29 DE ENERO DE 2025\u00bb<\/strong><\/span><\/h3><h4 style=\"text-align: center;\"><span style=\"color: #0000ff;\"><strong>fecha extraordinaria:<\/strong><\/span><\/h4><h3 style=\"text-align: center;\"><span style=\"color: #ff0000;\"><strong>\u00abDEL 03 AL 20 DE FEBRERO DE 2025\u00bb<\/strong><\/span><\/h3><h4 style=\"text-align: center;\"><strong>_____________________________________________________________________________________<\/strong><\/h4><h3 style=\"text-align: center;\"><strong><span style=\"color: #003300;\" data-darkreader-inline-color=\"\"><span style=\"color: #008000;\">\u00bfDUDAS?\u00a0<\/span><\/span><\/strong><\/h3><div style=\"text-align: center;\"><span style=\"color: #008000;\"><b>env\u00edanos<\/b><\/span><span style=\"color: #003300;\" data-darkreader-inline-color=\"\"><span style=\"color: #008000;\"><b> un mensaje en el icono verde y redondo de whatsapp ubicado en la parte inferior derecha o escr\u00edbenos al CORREO ELECTR\u00d3NICO DE CONTROL ACAD\u00c9MICO:<\/b><\/span> <span style=\"color: #0000ff;\">controlacademicojusac@gmail.com<\/span><\/span><\/div><h3 style=\"text-align: center;\">\u00a0<\/h3><h2 style=\"text-align: center;\"><strong><span style=\"color: #000000;\" data-darkreader-inline-color=\"\">\u00abID Y ENSE\u00d1AD A TODOS\u00bb<\/span><\/strong><\/h2>\t\t\t\t\t\t<\/div>\n\t\t\t\t<\/div>\n\t\t\t\t\t<\/div>\n\t\t<\/div>\n\t\t\t\t\t\t\t<\/div>\n\t\t<\/section>\n\t\t\t\t\t\t\t<\/div>\n\t\t","protected":false},"excerpt":{"rendered":"<p>EL CENTRO UNIVERSITARIO DE JUTIAPA EN COLABORACI\u00d3N CON EL DEPARTAMENTO DE REGISTRO Y ESTAD\u00cdSTICA DEL CAMPUS CENTRAL DE LA USAC, OFRECE AL ESTUDIANTADO SANCARLISTA LOS SIGUIENTES TIPOS DE TR\u00c1MITES ADMINISTRATIVOS: _____________________________________________________________________________________ \u00daNICAS FECHAS PARA EL A\u00d1O 2025 EN LA CUAL LOS ESTUDIANTES PODR\u00c1N SOLICITAR PRESENCIALMENTE LOS DIFERENTES TIPOS DE TRAMITES ADMINISTRATIVOS EN EL CENTRO UNIVERSITARIO [&hellip;]<\/p>\n","protected":false},"author":1,"featured_media":0,"parent":0,"menu_order":12,"comment_status":"open","ping_status":"closed","template":"","meta":{"site-sidebar-layout":"default","site-content-layout":"default","ast-site-content-layout":"default","site-content-style":"default","site-sidebar-style":"default","ast-global-header-display":"","ast-banner-title-visibility":"","ast-main-header-display":"","ast-hfb-above-header-display":"","ast-hfb-below-header-display":"","ast-hfb-mobile-header-display":"","site-post-title":"disabled","ast-breadcrumbs-content":"","ast-featured-img":"","footer-sml-layout":"","theme-transparent-header-meta":"default","adv-header-id-meta":"","stick-header-meta":"","header-above-stick-meta":"","header-main-stick-meta":"","header-below-stick-meta":"","astra-migrate-meta-layouts":"set","ast-page-background-enabled":"default","ast-page-background-meta":{"desktop":{"background-color":"","background-image":"","background-repeat":"repeat","background-position":"center center","background-size":"auto","background-attachment":"scroll","background-type":"","background-media":"","overlay-type":"","overlay-color":"","overlay-gradient":""},"tablet":{"background-color":"","background-image":"","background-repeat":"repeat","background-position":"center center","background-size":"auto","background-attachment":"scroll","background-type":"","background-media":"","overlay-type":"","overlay-color":"","overlay-gradient":""},"mobile":{"background-color":"","background-image":"","background-repeat":"repeat","background-position":"center center","background-size":"auto","background-attachment":"scroll","background-type":"","background-media":"","overlay-type":"","overlay-color":"","overlay-gradient":""}},"ast-content-background-meta":{"desktop":{"background-color":"var(--ast-global-color-5)","background-image":"","background-repeat":"repeat","background-position":"center center","background-size":"auto","background-attachment":"scroll","background-type":"","background-media":"","overlay-type":"","overlay-color":"","overlay-gradient":""},"tablet":{"background-color":"var(--ast-global-color-5)","background-image":"","background-repeat":"repeat","background-position":"center center","background-size":"auto","background-attachment":"scroll","background-type":"","background-media":"","overlay-type":"","overlay-color":"","overlay-gradient":""},"mobile":{"background-color":"var(--ast-global-color-5)","background-image":"","background-repeat":"repeat","background-position":"center center","background-size":"auto","background-attachment":"scroll","background-type":"","background-media":"","overlay-type":"","overlay-color":"","overlay-gradient":""}},"_joinchat":[],"footnotes":""},"_links":{"self":[{"href":"https:\/\/jusac.usac.edu.gt\/index.php?rest_route=\/wp\/v2\/pages\/186"}],"collection":[{"href":"https:\/\/jusac.usac.edu.gt\/index.php?rest_route=\/wp\/v2\/pages"}],"about":[{"href":"https:\/\/jusac.usac.edu.gt\/index.php?rest_route=\/wp\/v2\/types\/page"}],"author":[{"embeddable":true,"href":"https:\/\/jusac.usac.edu.gt\/index.php?rest_route=\/wp\/v2\/users\/1"}],"replies":[{"embeddable":true,"href":"https:\/\/jusac.usac.edu.gt\/index.php?rest_route=%2Fwp%2Fv2%2Fcomments&post=186"}],"version-history":[{"count":73,"href":"https:\/\/jusac.usac.edu.gt\/index.php?rest_route=\/wp\/v2\/pages\/186\/revisions"}],"predecessor-version":[{"id":38174,"href":"https:\/\/jusac.usac.edu.gt\/index.php?rest_route=\/wp\/v2\/pages\/186\/revisions\/38174"}],"wp:attachment":[{"href":"https:\/\/jusac.usac.edu.gt\/index.php?rest_route=%2Fwp%2Fv2%2Fmedia&parent=186"}],"curies":[{"name":"wp","href":"https:\/\/api.w.org\/{rel}","templated":true}]}}