{"id":2325,"date":"2013-08-12T18:50:52","date_gmt":"2013-08-13T00:50:52","guid":{"rendered":"http:\/\/www.jusac.net\/?page_id=2325"},"modified":"2021-08-05T20:38:56","modified_gmt":"2021-08-06T02:38:56","slug":"p-e-m-en-peda-y-admon-edu","status":"publish","type":"page","link":"https:\/\/jusac.usac.edu.gt\/?page_id=2325","title":{"rendered":"Prof. de Ense\u00f1anza Media"},"content":{"rendered":"<h3 style=\"text-align: center;\"><span style=\"color: #ff0000;\">PROGRAMAS DE ESTUDIOS<\/span><\/h3>\n<h3 style=\"text-align: center;\"><span style=\"color: #ff0000;\">DE LA CARRERA DE PROFESORADO DE ENSE\u00d1ANZA MEDIA EN\u00a0PEDAGOG\u00cdA\u00a0Y\u00a0ADMINISTRACI\u00d3N\u00a0EDUCATIVA\u00a0<\/span><\/h3>\n<h3 style=\"text-align: center;\"><span style=\"color: #ff0000;\">LISTOS PARA SU DESCARGA E IMPRESI\u00d3N<\/span><\/h3>\n<p style=\"text-align: center;\"><strong>\u00a0<span style=\"color: #003300;\">(Necesita Acrobat Reader \u00f3 Foxit Reader para visualizarlos de lo contrario mostrar\u00e1 una p\u00e1gina en blanco)<\/span><\/strong><\/p>\n<table border=\"0\" width=\"927\" cellspacing=\"0\" cellpadding=\"0\">\n<colgroup>\n<col width=\"75\" \/>\n<col width=\"181\" \/>\n<col width=\"80\" \/>\n<col width=\"75\" \/>\n<col width=\"180\" \/>\n<col width=\"80\" \/>\n<col width=\"75\" \/>\n<col width=\"181\" \/><\/colgroup>\n<tbody>\n<tr>\n<td width=\"75\" height=\"33\"><span style=\"color: #ff0000;\"><strong>C\u00d3DIGO<\/strong><\/span><\/td>\n<td style=\"text-align: center;\" width=\"181\"><span style=\"color: #ff0000;\"><strong>1er. CICLO<\/strong><\/span><\/td>\n<td style=\"text-align: center;\" width=\"80\"><\/td>\n<td style=\"text-align: center;\" width=\"75\"><span style=\"color: #ff0000;\"><strong>C\u00d3DIGO<\/strong><\/span><\/td>\n<td style=\"text-align: center;\" width=\"180\"><span style=\"color: #ff0000;\"><strong>2do. CICLO<\/strong><\/span><\/td>\n<td style=\"text-align: center;\" width=\"80\"><\/td>\n<td style=\"text-align: center;\" width=\"75\"><span style=\"color: #ff0000;\"><strong>C\u00d3DIGO<\/strong><\/span><\/td>\n<td style=\"text-align: center;\" width=\"181\"><span style=\"color: #ff0000;\"><strong>3er. CICLO<\/strong><\/span><\/td>\n<\/tr>\n<tr>\n<td style=\"text-align: center;\" height=\"41\"><em><strong>E258<\/strong><\/em><\/td>\n<td style=\"text-align: center;\" width=\"181\"><a href=\"http:\/\/sitios.usac.edu.gt\/jusac\/wp-content\/uploads\/2014\/02\/E258-METODOLOG\u00cdA-DE-LA-INVESTIGACI\u00d3N.pdf\" target=\"_blank\" rel=\"noopener\"><span style=\"color: #000080;\"><strong>METODOLOG\u00cdA\u00a0DE LA\u00a0<\/strong><b>INVESTIGACI\u00d3N<\/b><\/span><\/a><\/td>\n<td style=\"text-align: center;\"><\/td>\n<td style=\"text-align: center;\"><\/td>\n<td style=\"text-align: center;\" width=\"180\"><\/td>\n<td style=\"text-align: center;\"><\/td>\n<td style=\"text-align: center;\"><strong><em><em><strong>\u00a0 E03\u00a0<\/strong><\/em>\u00a0<\/em><\/strong><\/td>\n<td style=\"text-align: center;\" width=\"181\"><span style=\"color: #000080;\"><strong><a href=\"http:\/\/sitios.usac.edu.gt\/jusac\/wp-content\/uploads\/2014\/02\/E03-ESTUDIOS-SOCIOECON\u00d3MICOS.pdf\" target=\"_blank\" rel=\"noopener\"><span style=\"color: #000080;\"><strong>ESTUDIOS SOCIOECON\u00d3MICOS Y SU INCIDENCIA EN LA EDUCACI\u00d3N<\/strong><\/span><\/a><\/strong><\/span><\/td>\n<\/tr>\n<tr>\n<td style=\"text-align: center;\" height=\"40\"><em><strong>\u00a0F01<\/strong><\/em><\/td>\n<td style=\"text-align: center;\"><a href=\"http:\/\/sitios.usac.edu.gt\/jusac\/wp-content\/uploads\/2014\/02\/F01-EL-COSMOS.pdf\" target=\"_blank\" rel=\"noopener\"><span style=\"color: #000080;\"><strong>EL COSMOS (HOMBRE, NATURALEZA, DIOS)<\/strong><\/span><\/a><\/td>\n<td style=\"text-align: center;\"><\/td>\n<td style=\"text-align: center;\"><em><strong>\u00a0<\/strong><\/em><\/td>\n<td style=\"text-align: center;\" width=\"180\"><\/td>\n<td style=\"text-align: center;\"><strong>\u00a0<\/strong><\/td>\n<td style=\"text-align: center;\"><strong><em><em><strong>\u00a0E3.01<\/strong><\/em>\u00a0<\/em><\/strong><\/td>\n<td style=\"text-align: center;\" width=\"181\"><span style=\"color: #000080;\"><strong><a href=\"http:\/\/sitios.usac.edu.gt\/jusac\/wp-content\/uploads\/2014\/02\/E3.01-FUNDAMENTOS-DE-PEDAGOG\u00cdA.pdf\" target=\"_blank\" rel=\"noopener\"><span style=\"color: #000080;\"><strong>FUNDAMENTOS DE\u00a0<\/strong><b>PEDAGOG\u00cdA<\/b><\/span><\/a><\/strong><\/span><\/td>\n<\/tr>\n<tr>\n<td style=\"text-align: center;\" height=\"21\"><strong><em>\u00a0H01<\/em><\/strong><\/td>\n<td style=\"text-align: center;\"><strong><a href=\"http:\/\/sitios.usac.edu.gt\/jusac\/wp-content\/uploads\/2014\/02\/H01-\u00c9POCA-PREHISPANICA-Y-COLONIAL.pdf\" target=\"_blank\" rel=\"noopener\"><span style=\"color: #000080;\">\u00c9POCA\u00a0PREHISP\u00c1NICA\u00a0Y COLONIAL<\/span><\/a><a href=\"http:\/\/sitios.usac.edu.gt\/jusac\/wp-content\/uploads\/2014\/02\/203-CIENCIA-POL\u00cdTICA.pdf\"><br \/>\n<\/a><\/strong><\/td>\n<td><strong>\u00a0<\/strong><\/td>\n<td style=\"text-align: center;\"><strong><em>\u00a0<\/em><\/strong><\/td>\n<td style=\"text-align: center;\" width=\"180\"><\/td>\n<td><strong>\u00a0<\/strong><\/td>\n<td style=\"text-align: center;\"><strong><em><strong><em>E100<\/em><\/strong><\/em><\/strong><\/td>\n<td style=\"text-align: center;\" width=\"181\"><a href=\"http:\/\/sitios.usac.edu.gt\/jusac\/wp-content\/uploads\/2014\/02\/E100-DIDACTICA-I.pdf\" target=\"_blank\" rel=\"noopener\"><span style=\"color: #000080;\"><span style=\"color: #000080;\"><strong><strong>DID\u00c1CTICA\u00a0I<\/strong><\/strong><\/span><\/span><\/a><\/td>\n<\/tr>\n<tr>\n<td style=\"text-align: center;\" height=\"21\"><strong><em>\u00a0L01<\/em><\/strong><\/td>\n<td style=\"text-align: center;\"><strong><a href=\"http:\/\/sitios.usac.edu.gt\/jusac\/wp-content\/uploads\/2014\/02\/L01-ESTUDIOS-GRAMATIC\u00c1LES.pdf\" target=\"_blank\" rel=\"noopener\"><span style=\"color: #000080;\">ESTUDIOS\u00a0GRAMATICALES<\/span><\/a><a href=\"http:\/\/sitios.usac.edu.gt\/jusac\/wp-content\/uploads\/2014\/02\/204-COMUNICACI\u00d3N.pdf\"><br \/>\n<\/a><\/strong><\/td>\n<td><strong>\u00a0<\/strong><\/td>\n<td><strong><em>\u00a0<\/em><\/strong><\/td>\n<td width=\"180\"><strong><a href=\"http:\/\/sitios.usac.edu.gt\/jusac\/wp-content\/uploads\/2013\/08\/FILOSOFIA-CODIGO-209.pdf\" target=\"_blank\" rel=\"noopener\">\u00a0<\/a><\/strong><\/td>\n<td><strong>\u00a0<\/strong><\/td>\n<td style=\"text-align: center;\"><strong><em>E114\u00a0<\/em><\/strong><\/td>\n<td style=\"text-align: center;\" width=\"181\"><span style=\"color: #000080;\"><strong>EVALUACI\u00d3N\u00a0DEL APRENDIZAJE I<\/strong><\/span><\/td>\n<\/tr>\n<tr>\n<td style=\"text-align: center;\" height=\"41\"><strong><em>\u00a0M1<\/em><\/strong><\/td>\n<td style=\"text-align: center;\"><a href=\"http:\/\/sitios.usac.edu.gt\/jusac\/wp-content\/uploads\/2014\/02\/M1-MATEM\u00c1TICA-FUNDAMENTAL.pdf\" target=\"_blank\" rel=\"noopener\"><span style=\"color: #000080;\"><strong>MATEM\u00c1TICA\u00a0FUNDAMENTAL<\/strong><\/span><\/a><\/td>\n<td style=\"text-align: center;\"><strong>\u00a0<\/strong><\/td>\n<td style=\"text-align: center;\"><\/td>\n<td style=\"text-align: center;\" width=\"180\"><\/td>\n<td style=\"text-align: center;\"><\/td>\n<td style=\"text-align: center;\"><em><strong><em><strong>PS26<\/strong><\/em><\/strong><\/em><\/td>\n<td width=\"181\"><span style=\"color: #000080;\"><strong><a href=\"http:\/\/sitios.usac.edu.gt\/jusac\/wp-content\/uploads\/2014\/02\/PS26-PSICOLOGIA-DEL-ADOLECENTE.pdf\" target=\"_blank\" rel=\"noopener\"><span style=\"color: #000080;\"><strong>PSICOLOG\u00cdA\u00a0DEL\u00a0<\/strong><b>ADOLESCENTE<\/b><\/span><\/a><\/strong><\/span><\/td>\n<\/tr>\n<tr>\n<td height=\"20\"><\/td>\n<td><\/td>\n<td><\/td>\n<td><\/td>\n<td><\/td>\n<td><\/td>\n<td><\/td>\n<td><\/td>\n<\/tr>\n<tr>\n<td height=\"20\"><\/td>\n<td><\/td>\n<td><\/td>\n<td><\/td>\n<td><\/td>\n<td><\/td>\n<td><\/td>\n<td><\/td>\n<\/tr>\n<tr>\n<td height=\"21\"><\/td>\n<td><\/td>\n<td><\/td>\n<td><\/td>\n<td><\/td>\n<td><\/td>\n<td><\/td>\n<td><\/td>\n<\/tr>\n<tr>\n<td style=\"text-align: center;\" height=\"33\"><span style=\"color: #ff0000;\"><strong>C\u00d3DIGO<\/strong><\/span><\/td>\n<td style=\"text-align: center;\"><span style=\"color: #ff0000;\"><strong>4to. CICLO<\/strong><\/span><\/td>\n<td><span style=\"color: #ff0000;\">\u00a0<\/span><\/td>\n<td style=\"text-align: center;\"><span style=\"color: #ff0000;\"><strong>C\u00d3DIGO<\/strong><\/span><\/td>\n<td style=\"text-align: center;\"><span style=\"color: #ff0000;\"><strong>5to. CICLO<\/strong><\/span><\/td>\n<td><\/td>\n<td style=\"text-align: center;\"><span style=\"color: #ff0000;\"><strong>C\u00d3DIGO<\/strong><\/span><\/td>\n<td style=\"text-align: center;\"><span style=\"color: #ff0000;\"><strong>6to. CICLO<\/strong><\/span><\/td>\n<\/tr>\n<tr>\n<td height=\"41\"><strong><em>\u00a0<\/em><\/strong><\/td>\n<td width=\"181\"><strong><a href=\"http:\/\/sitios.usac.edu.gt\/jusac\/wp-content\/uploads\/2013\/08\/DERECHO-PENAL-II-C\u00d3DIGO-216.pdf\" target=\"_blank\" rel=\"noopener\">\u00a0<\/a><\/strong><\/td>\n<td><strong>\u00a0<\/strong><\/td>\n<td style=\"text-align: center;\"><strong><em>E117<\/em><\/strong><\/td>\n<td style=\"text-align: center;\" width=\"180\"><span style=\"color: #000080;\"><a href=\"http:\/\/sitios.usac.edu.gt\/jusac\/wp-content\/uploads\/2014\/02\/E117-ORGANIZACI\u00d3N-GENERAL-I.pdf\" target=\"_blank\" rel=\"noopener\"><span style=\"color: #000080;\"><strong>ORGANIZACI\u00d3N ESCOLAR I<\/strong><\/span><\/a><\/span><\/td>\n<td><strong>\u00a0<\/strong><\/td>\n<td><strong><em>\u00a0<\/em><\/strong><\/td>\n<td width=\"181\"><strong><a href=\"http:\/\/sitios.usac.edu.gt\/jusac\/wp-content\/uploads\/2013\/08\/DERECHO-PROCESAL-PENAL-I-C\u00d3DIGO-226.pdf\" target=\"_blank\" rel=\"noopener\">\u00a0<\/a><\/strong><\/td>\n<\/tr>\n<tr>\n<td height=\"21\"><strong><em>\u00a0<\/em><\/strong><\/td>\n<td width=\"181\"><strong><a href=\"http:\/\/sitios.usac.edu.gt\/jusac\/wp-content\/uploads\/2013\/08\/DERECHO-CIVIL-II-C\u00d3DIGO-217.pdf\" target=\"_blank\" rel=\"noopener\">\u00a0<\/a><\/strong><\/td>\n<td><strong>\u00a0<\/strong><\/td>\n<td style=\"text-align: center;\"><strong><em>E120.01<\/em><\/strong><\/td>\n<td style=\"text-align: center;\" width=\"180\"><a href=\"http:\/\/sitios.usac.edu.gt\/jusac\/wp-content\/uploads\/2014\/02\/E120.01-ADMINISTRACION-GENERAL-I.pdf\" target=\"_blank\" rel=\"noopener\"><span style=\"color: #000080;\"><strong>ADMINISTRACI\u00d3N\u00a0GENERAL I<\/strong><\/span><\/a><\/td>\n<td><strong>\u00a0<\/strong><\/td>\n<td><strong><em>\u00a0<\/em><\/strong><\/td>\n<td width=\"181\"><strong><a href=\"http:\/\/sitios.usac.edu.gt\/jusac\/wp-content\/uploads\/2013\/08\/DERECHO-CIVIL-IV-C\u00d3DIGO-227.pdf\" target=\"_blank\" rel=\"noopener\">\u00a0<\/a><\/strong><\/td>\n<\/tr>\n<tr>\n<td height=\"40\"><strong><em>\u00a0<\/em><\/strong><\/td>\n<td width=\"181\"><strong><a href=\"http:\/\/sitios.usac.edu.gt\/jusac\/wp-content\/uploads\/2013\/08\/DERECHOS-HUMANOS-EN-GUATEMALA-C\u00d3DIGO-218.pdf\" target=\"_blank\" rel=\"noopener\">\u00a0<\/a><\/strong><\/td>\n<td><strong>\u00a0<\/strong><\/td>\n<td style=\"text-align: center;\"><strong><em>E305<\/em><\/strong><\/td>\n<td style=\"text-align: center;\" width=\"180\"><a href=\"http:\/\/sitios.usac.edu.gt\/jusac\/wp-content\/uploads\/2014\/02\/E305-SEMINARIO.pdf\" target=\"_blank\" rel=\"noopener\"><strong><span style=\"color: #000080;\">SEMINARIO<\/span><\/strong><\/a><\/td>\n<td><strong>\u00a0<\/strong><\/td>\n<td><strong><em>\u00a0<\/em><\/strong><\/td>\n<td width=\"181\"><strong><a href=\"http:\/\/sitios.usac.edu.gt\/jusac\/wp-content\/uploads\/2013\/08\/DERECHO-AGRARIO-Y-AMBIENTAL-C\u00d3DIGO-228.pdf\" target=\"_blank\" rel=\"noopener\">\u00a0<\/a><\/strong><\/td>\n<\/tr>\n<tr>\n<td height=\"21\"><strong><em>\u00a0<\/em><\/strong><\/td>\n<td width=\"181\"><strong><a href=\"http:\/\/sitios.usac.edu.gt\/jusac\/wp-content\/uploads\/2013\/08\/SOCIOLOG\u00cdA-C\u00d3DIGO-219.pdf\" target=\"_blank\" rel=\"noopener\">\u00a0<\/a><\/strong><\/td>\n<td><strong>\u00a0<\/strong><\/td>\n<td style=\"text-align: center;\"><strong><em>\u00a0E401.1<\/em><\/strong><\/td>\n<td style=\"text-align: center;\" width=\"180\"><a href=\"http:\/\/sitios.usac.edu.gt\/jusac\/wp-content\/uploads\/2014\/02\/E401.1-LABORATORIO-DE-FORMACION-DOCENTE.pdf\" target=\"_blank\" rel=\"noopener\"><strong><span style=\"color: #000080;\">LABORATORIO DE\u00a0FORMACI\u00d3N\u00a0DOCENTE<\/span><\/strong><\/a><\/td>\n<td><strong>\u00a0<\/strong><\/td>\n<td><strong><em>\u00a0<\/em><\/strong><\/td>\n<td width=\"181\"><strong><a href=\"http:\/\/sitios.usac.edu.gt\/jusac\/wp-content\/uploads\/2013\/08\/DERECHO-LABORAL-II-C\u00d3DIGO-229.pdf\" target=\"_blank\" rel=\"noopener\">\u00a0<\/a><\/strong><\/td>\n<\/tr>\n<tr>\n<td height=\"41\"><strong><em>\u00a0<\/em><\/strong><\/td>\n<td width=\"181\"><strong><a href=\"http:\/\/sitios.usac.edu.gt\/jusac\/wp-content\/uploads\/2013\/08\/DERECHO-PROCESAL-CONSTITUCIONAL-C\u00d3DIGO-220.pdf\" target=\"_blank\" rel=\"noopener\">\u00a0<\/a><\/strong><\/td>\n<td><strong>\u00a0<\/strong><\/td>\n<td style=\"text-align: center;\"><strong><em>\u00a0E500<\/em><\/strong><\/td>\n<td style=\"text-align: center;\" width=\"180\"><a href=\"http:\/\/sitios.usac.edu.gt\/jusac\/wp-content\/uploads\/2014\/02\/E500-CONTABILIDAD-GENERAL.pdf\" target=\"_blank\" rel=\"noopener\"><strong><span style=\"color: #000080;\">CONTABILIDAD GENERAL<\/span><\/strong><\/a><\/td>\n<td><strong>\u00a0<\/strong><\/td>\n<td><strong><em>\u00a0<\/em><\/strong><\/td>\n<td width=\"181\"><strong><a href=\"http:\/\/sitios.usac.edu.gt\/jusac\/wp-content\/uploads\/2013\/08\/DERECHO-ADMINISTRATIVO-I-C\u00d3DIGO-230.pdf\" target=\"_blank\" rel=\"noopener\">\u00a0<\/a><\/strong><\/td>\n<\/tr>\n<tr>\n<td height=\"20\"><strong>\u00a0<\/strong><\/td>\n<td><strong>\u00a0<\/strong><\/td>\n<td><strong>\u00a0<\/strong><\/td>\n<td><strong>\u00a0<\/strong><\/td>\n<td><\/td>\n<td><\/td>\n<td><\/td>\n<td><\/td>\n<\/tr>\n<tr>\n<td height=\"20\"><\/td>\n<td><\/td>\n<td><\/td>\n<td><\/td>\n<td><\/td>\n<td><\/td>\n<td><\/td>\n<td><\/td>\n<\/tr>\n<tr>\n<td height=\"21\"><\/td>\n<td><\/td>\n<td><\/td>\n<td style=\"text-align: center;\">\u00a0<span style=\"color: #ff0000;\"><strong>C\u00d3DIGO<\/strong><\/span><\/td>\n<td style=\"text-align: center;\"><span style=\"color: #ff0000;\">\u00a0<strong>7mo. CICLO<\/strong><\/span><\/td>\n<td><\/td>\n<td><\/td>\n<td><\/td>\n<\/tr>\n<tr>\n<td height=\"33\"><strong>\u00a0<\/strong><\/td>\n<td><\/td>\n<td><\/td>\n<td style=\"text-align: center;\"><strong><em>E120.03<\/em><\/strong><\/td>\n<td style=\"text-align: center;\"><span style=\"color: #000080;\"><strong><a href=\"http:\/\/sitios.usac.edu.gt\/jusac\/wp-content\/uploads\/2014\/02\/E120.03-ADMINISTRACI\u00d3N-P\u00daBLICA.pdf\" target=\"_blank\" rel=\"noopener\"><span style=\"color: #000080;\">ADMINISTRACI\u00d3N P\u00daBLICA<\/span><\/a><\/strong><\/span><\/td>\n<td><\/td>\n<td><strong>\u00a0<\/strong><\/td>\n<td><\/td>\n<\/tr>\n<tr>\n<td height=\"22\"><strong><em>\u00a0<\/em><\/strong><\/td>\n<td width=\"181\"><\/td>\n<td><\/td>\n<td style=\"text-align: center;\"><strong>\u00a0<strong><em>E122<\/em><\/strong><\/strong><\/td>\n<td width=\"180\"><strong>\u00a0<a href=\"http:\/\/sitios.usac.edu.gt\/jusac\/wp-content\/uploads\/2014\/02\/E122-SUPERVISION-EDUCATIVA.pdf\" target=\"_blank\" rel=\"noopener\"><span style=\"color: #000080;\"><span style=\"color: #000080;\"><strong>SUPERVISI\u00d3N EDUCATIVA<\/strong><\/span><\/span><\/a><\/strong><\/td>\n<td><\/td>\n<td><\/td>\n<td width=\"181\"><\/td>\n<\/tr>\n<tr>\n<td height=\"21\"><\/td>\n<td><\/td>\n<td><strong>\u00a0<\/strong><\/td>\n<td style=\"text-align: center;\"><strong><em>\u00a0<strong>E401.4<\/strong><\/em><\/strong><\/td>\n<td style=\"text-align: center;\" width=\"180\"><strong><a href=\"http:\/\/sitios.usac.edu.gt\/jusac\/wp-content\/uploads\/2014\/02\/E401.4-PR\u00c1CTICA-ADMINISTRATIVA.pdf\" target=\"_blank\" rel=\"noopener\"><span style=\"color: #000080;\"><span style=\"color: #000080;\"><strong>PR\u00c1CTICA ADMINISTRATIVA\u00a0<\/strong><\/span><\/span><\/a><span style=\"color: #000080;\"><br \/>\n<\/span><\/strong><\/td>\n<td><strong>\u00a0<\/strong><\/td>\n<td><strong><em>\u00a0<\/em><\/strong><\/td>\n<td width=\"181\"><\/td>\n<\/tr>\n<tr>\n<td height=\"20\"><strong>\u00a0<\/strong><\/td>\n<td><strong>\u00a0<\/strong><\/td>\n<td><strong>\u00a0<\/strong><\/td>\n<td style=\"text-align: center;\"><strong>\u00a0<em>E502<\/em><\/strong><\/td>\n<td style=\"text-align: center;\"><span style=\"color: #000080;\"><a href=\"http:\/\/sitios.usac.edu.gt\/jusac\/wp-content\/uploads\/2014\/02\/E502-DERECHO-ADMINISTRATIVO.pdf\" target=\"_blank\" rel=\"noopener\"><span style=\"color: #000080;\"><strong>DERECHO ADMINISTRATIVO<\/strong><\/span><\/a><\/span><\/td>\n<td><a href=\"http:\/\/sitios.usac.edu.gt\/jusac\/wp-content\/uploads\/2014\/02\/E502-DERECHO-ADMINISTRATIVO.pdf\" target=\"_blank\" rel=\"noopener\"><strong>\u00a0<\/strong><\/a><\/td>\n<td><\/td>\n<td><\/td>\n<\/tr>\n<tr>\n<td height=\"21\"><\/td>\n<td><\/td>\n<td><\/td>\n<td style=\"text-align: center;\"><em><strong>\u00a0PS29<\/strong><\/em><\/td>\n<td style=\"text-align: center;\"><a href=\"http:\/\/sitios.usac.edu.gt\/jusac\/wp-content\/uploads\/2014\/02\/PS29-RELACIONES-HUMANAS.pdf\" target=\"_blank\" rel=\"noopener\">\u00a0<strong><span style=\"color: #000080;\">RELACIONES HUMANAS<\/span><\/strong><\/a><\/td>\n<td><\/td>\n<td><\/td>\n<td><\/td>\n<\/tr>\n<\/tbody>\n<\/table>\n<div class=\"dc\"><\/div>\n","protected":false},"excerpt":{"rendered":"<p>PROGRAMAS DE ESTUDIOS DE LA CARRERA DE PROFESORADO DE ENSE\u00d1ANZA MEDIA EN\u00a0PEDAGOG\u00cdA\u00a0Y\u00a0ADMINISTRACI\u00d3N\u00a0EDUCATIVA\u00a0 LISTOS PARA SU DESCARGA E IMPRESI\u00d3N \u00a0(Necesita Acrobat Reader \u00f3 Foxit Reader para visualizarlos de lo contrario mostrar\u00e1 una p\u00e1gina en blanco) C\u00d3DIGO 1er. CICLO C\u00d3DIGO 2do. CICLO C\u00d3DIGO 3er. CICLO E258 METODOLOG\u00cdA\u00a0DE LA\u00a0INVESTIGACI\u00d3N \u00a0 E03\u00a0\u00a0 ESTUDIOS SOCIOECON\u00d3MICOS Y SU INCIDENCIA EN LA [&hellip;]<\/p>\n","protected":false},"author":1,"featured_media":0,"parent":2313,"menu_order":3,"comment_status":"closed","ping_status":"closed","template":"","meta":{"site-sidebar-layout":"default","site-content-layout":"default","ast-site-content-layout":"","site-content-style":"default","site-sidebar-style":"default","ast-global-header-display":"","ast-banner-title-visibility":"","ast-main-header-display":"","ast-hfb-above-header-display":"","ast-hfb-below-header-display":"","ast-hfb-mobile-header-display":"","site-post-title":"","ast-breadcrumbs-content":"","ast-featured-img":"","footer-sml-layout":"","theme-transparent-header-meta":"default","adv-header-id-meta":"","stick-header-meta":"","header-above-stick-meta":"","header-main-stick-meta":"","header-below-stick-meta":"","astra-migrate-meta-layouts":"default","ast-page-background-enabled":"default","ast-page-background-meta":{"desktop":{"background-color":"","background-image":"","background-repeat":"repeat","background-position":"center center","background-size":"auto","background-attachment":"scroll","background-type":"","background-media":"","overlay-type":"","overlay-color":"","overlay-gradient":""},"tablet":{"background-color":"","background-image":"","background-repeat":"repeat","background-position":"center center","background-size":"auto","background-attachment":"scroll","background-type":"","background-media":"","overlay-type":"","overlay-color":"","overlay-gradient":""},"mobile":{"background-color":"","background-image":"","background-repeat":"repeat","background-position":"center center","background-size":"auto","background-attachment":"scroll","background-type":"","background-media":"","overlay-type":"","overlay-color":"","overlay-gradient":""}},"ast-content-background-meta":{"desktop":{"background-color":"var(--ast-global-color-5)","background-image":"","background-repeat":"repeat","background-position":"center center","background-size":"auto","background-attachment":"scroll","background-type":"","background-media":"","overlay-type":"","overlay-color":"","overlay-gradient":""},"tablet":{"background-color":"var(--ast-global-color-5)","background-image":"","background-repeat":"repeat","background-position":"center center","background-size":"auto","background-attachment":"scroll","background-type":"","background-media":"","overlay-type":"","overlay-color":"","overlay-gradient":""},"mobile":{"background-color":"var(--ast-global-color-5)","background-image":"","background-repeat":"repeat","background-position":"center center","background-size":"auto","background-attachment":"scroll","background-type":"","background-media":"","overlay-type":"","overlay-color":"","overlay-gradient":""}},"_joinchat":[],"footnotes":""},"_links":{"self":[{"href":"https:\/\/jusac.usac.edu.gt\/index.php?rest_route=\/wp\/v2\/pages\/2325"}],"collection":[{"href":"https:\/\/jusac.usac.edu.gt\/index.php?rest_route=\/wp\/v2\/pages"}],"about":[{"href":"https:\/\/jusac.usac.edu.gt\/index.php?rest_route=\/wp\/v2\/types\/page"}],"author":[{"embeddable":true,"href":"https:\/\/jusac.usac.edu.gt\/index.php?rest_route=\/wp\/v2\/users\/1"}],"replies":[{"embeddable":true,"href":"https:\/\/jusac.usac.edu.gt\/index.php?rest_route=%2Fwp%2Fv2%2Fcomments&post=2325"}],"version-history":[{"count":0,"href":"https:\/\/jusac.usac.edu.gt\/index.php?rest_route=\/wp\/v2\/pages\/2325\/revisions"}],"up":[{"embeddable":true,"href":"https:\/\/jusac.usac.edu.gt\/index.php?rest_route=\/wp\/v2\/pages\/2313"}],"wp:attachment":[{"href":"https:\/\/jusac.usac.edu.gt\/index.php?rest_route=%2Fwp%2Fv2%2Fmedia&parent=2325"}],"curies":[{"name":"wp","href":"https:\/\/api.w.org\/{rel}","templated":true}]}}