{"id":2328,"date":"2013-08-12T19:16:19","date_gmt":"2013-08-13T01:16:19","guid":{"rendered":"http:\/\/www.jusac.net\/?page_id=2328"},"modified":"2021-05-25T08:22:42","modified_gmt":"2021-05-25T14:22:42","slug":"lic-en-peda-y-admon-educ","status":"publish","type":"page","link":"https:\/\/jusac.usac.edu.gt\/?page_id=2328","title":{"rendered":"Lic. en Peda. y Adm\u00f3n. Educ."},"content":{"rendered":"<h3 style=\"text-align: center;\"><span style=\"color: #800080;\">PROGRAMAS DE ESTUDIOS\u00a0<\/span><\/h3>\n<h3 style=\"text-align: center;\"><span style=\"color: #800080;\">DE LA CARRERA DE LICENCIATURA EN\u00a0PEDAGOG\u00cdA\u00a0Y\u00a0ADMINISTRACI\u00d3N\u00a0EDUCATIVA\u00a0<\/span><\/h3>\n<h3 style=\"text-align: center;\"><span style=\"color: #800080;\">LISTOS PARA SU DESCARGA E IMPRESI\u00d3N<\/span><\/h3>\n<p style=\"text-align: center;\"><span style=\"color: #003300;\"><strong>\u00a0(Necesita Acrobat Reader \u00f3 Foxit Reader para visualizarlos de lo contrario mostrar\u00e1 una p\u00e1gina en blanco)<\/strong><\/span><\/p>\n<table border=\"0\" width=\"927\" cellspacing=\"0\" cellpadding=\"0\">\n<colgroup>\n<col width=\"75\" \/>\n<col width=\"181\" \/>\n<col width=\"80\" \/>\n<col width=\"75\" \/>\n<col width=\"180\" \/>\n<col width=\"80\" \/>\n<col width=\"75\" \/>\n<col width=\"181\" \/><\/colgroup>\n<tbody>\n<tr>\n<td style=\"text-align: center;\" width=\"75\" height=\"33\"><span style=\"color: #ff0000;\"><strong>C\u00d3DIGO<\/strong><\/span><\/td>\n<td style=\"text-align: center;\" width=\"181\"><span style=\"color: #ff0000;\"><strong>8VO. CICLO<\/strong><\/span><\/td>\n<td style=\"text-align: center;\" width=\"80\"><span style=\"color: #ff0000;\">\u00a0<\/span><\/td>\n<td style=\"text-align: center;\" width=\"75\"><span style=\"color: #ff0000;\"><strong>C\u00d3DIGO<\/strong><\/span><\/td>\n<td style=\"text-align: center;\" width=\"180\"><span style=\"color: #ff0000;\"><strong>9NO. CICLO<\/strong><\/span><\/td>\n<td style=\"text-align: center;\" width=\"80\"><span style=\"color: #ff0000;\">\u00a0<\/span><\/td>\n<td style=\"text-align: center;\" width=\"75\"><span style=\"color: #ff0000;\"><strong>C\u00d3DIGO<\/strong><\/span><\/td>\n<td style=\"text-align: center;\" width=\"181\"><span style=\"color: #ff0000;\"><strong>10MO. CICLO<\/strong><\/span><\/td>\n<\/tr>\n<tr>\n<td height=\"41\"><em><strong>\u00a0<\/strong><\/em><\/td>\n<td width=\"181\"><\/td>\n<td><\/td>\n<td><em><strong>\u00a0<\/strong><\/em><\/td>\n<td width=\"180\"><\/td>\n<td><\/td>\n<td><\/td>\n<td width=\"181\"><\/td>\n<\/tr>\n<tr>\n<td height=\"21\"><\/td>\n<td><\/td>\n<td><\/td>\n<td><\/td>\n<td width=\"180\"><\/td>\n<td><\/td>\n<td><\/td>\n<td width=\"181\"><\/td>\n<\/tr>\n<tr>\n<td height=\"41\"><strong><em>\u00a0<\/em><\/strong><\/td>\n<td><\/td>\n<td><\/td>\n<td><em><strong>\u00a0<\/strong><\/em><\/td>\n<td width=\"180\"><\/td>\n<td><\/td>\n<td><em><strong>\u00a0<\/strong><\/em><\/td>\n<td width=\"181\"><\/td>\n<\/tr>\n<tr>\n<td height=\"20\"><\/td>\n<td><\/td>\n<td><\/td>\n<td><\/td>\n<td><\/td>\n<td><\/td>\n<td><\/td>\n<td><\/td>\n<\/tr>\n<tr>\n<td height=\"20\"><\/td>\n<td><\/td>\n<td><\/td>\n<td><\/td>\n<td><\/td>\n<td><\/td>\n<td><\/td>\n<td><\/td>\n<\/tr>\n<tr>\n<td height=\"21\"><\/td>\n<td><\/td>\n<td><\/td>\n<td><\/td>\n<td><\/td>\n<td><\/td>\n<td><\/td>\n<td><\/td>\n<\/tr>\n<tr>\n<td height=\"33\"><\/td>\n<td><\/td>\n<td><\/td>\n<td><\/td>\n<td><\/td>\n<td><\/td>\n<td><\/td>\n<td><\/td>\n<\/tr>\n<\/tbody>\n<\/table>\n<div class=\"dc\"><\/div>\n","protected":false},"excerpt":{"rendered":"<p>PROGRAMAS DE ESTUDIOS\u00a0 DE LA CARRERA DE LICENCIATURA EN\u00a0PEDAGOG\u00cdA\u00a0Y\u00a0ADMINISTRACI\u00d3N\u00a0EDUCATIVA\u00a0 LISTOS PARA SU DESCARGA E IMPRESI\u00d3N \u00a0(Necesita Acrobat Reader \u00f3 Foxit Reader para visualizarlos de lo contrario mostrar\u00e1 una p\u00e1gina en blanco) C\u00d3DIGO 8VO. CICLO \u00a0 C\u00d3DIGO 9NO. CICLO \u00a0 C\u00d3DIGO 10MO. CICLO \u00a0 \u00a0 \u00a0 \u00a0 \u00a0<\/p>\n","protected":false},"author":1,"featured_media":0,"parent":2313,"menu_order":4,"comment_status":"open","ping_status":"open","template":"","meta":{"site-sidebar-layout":"default","site-content-layout":"default","ast-site-content-layout":"","site-content-style":"default","site-sidebar-style":"default","ast-global-header-display":"","ast-banner-title-visibility":"","ast-main-header-display":"","ast-hfb-above-header-display":"","ast-hfb-below-header-display":"","ast-hfb-mobile-header-display":"","site-post-title":"disabled","ast-breadcrumbs-content":"","ast-featured-img":"","footer-sml-layout":"","theme-transparent-header-meta":"default","adv-header-id-meta":"","stick-header-meta":"","header-above-stick-meta":"","header-main-stick-meta":"","header-below-stick-meta":"","astra-migrate-meta-layouts":"default","ast-page-background-enabled":"default","ast-page-background-meta":{"desktop":{"background-color":"","background-image":"","background-repeat":"repeat","background-position":"center center","background-size":"auto","background-attachment":"scroll","background-type":"","background-media":"","overlay-type":"","overlay-color":"","overlay-gradient":""},"tablet":{"background-color":"","background-image":"","background-repeat":"repeat","background-position":"center center","background-size":"auto","background-attachment":"scroll","background-type":"","background-media":"","overlay-type":"","overlay-color":"","overlay-gradient":""},"mobile":{"background-color":"","background-image":"","background-repeat":"repeat","background-position":"center center","background-size":"auto","background-attachment":"scroll","background-type":"","background-media":"","overlay-type":"","overlay-color":"","overlay-gradient":""}},"ast-content-background-meta":{"desktop":{"background-color":"var(--ast-global-color-5)","background-image":"","background-repeat":"repeat","background-position":"center center","background-size":"auto","background-attachment":"scroll","background-type":"","background-media":"","overlay-type":"","overlay-color":"","overlay-gradient":""},"tablet":{"background-color":"var(--ast-global-color-5)","background-image":"","background-repeat":"repeat","background-position":"center center","background-size":"auto","background-attachment":"scroll","background-type":"","background-media":"","overlay-type":"","overlay-color":"","overlay-gradient":""},"mobile":{"background-color":"var(--ast-global-color-5)","background-image":"","background-repeat":"repeat","background-position":"center center","background-size":"auto","background-attachment":"scroll","background-type":"","background-media":"","overlay-type":"","overlay-color":"","overlay-gradient":""}},"_joinchat":[],"footnotes":""},"_links":{"self":[{"href":"https:\/\/jusac.usac.edu.gt\/index.php?rest_route=\/wp\/v2\/pages\/2328"}],"collection":[{"href":"https:\/\/jusac.usac.edu.gt\/index.php?rest_route=\/wp\/v2\/pages"}],"about":[{"href":"https:\/\/jusac.usac.edu.gt\/index.php?rest_route=\/wp\/v2\/types\/page"}],"author":[{"embeddable":true,"href":"https:\/\/jusac.usac.edu.gt\/index.php?rest_route=\/wp\/v2\/users\/1"}],"replies":[{"embeddable":true,"href":"https:\/\/jusac.usac.edu.gt\/index.php?rest_route=%2Fwp%2Fv2%2Fcomments&post=2328"}],"version-history":[{"count":0,"href":"https:\/\/jusac.usac.edu.gt\/index.php?rest_route=\/wp\/v2\/pages\/2328\/revisions"}],"up":[{"embeddable":true,"href":"https:\/\/jusac.usac.edu.gt\/index.php?rest_route=\/wp\/v2\/pages\/2313"}],"wp:attachment":[{"href":"https:\/\/jusac.usac.edu.gt\/index.php?rest_route=%2Fwp%2Fv2%2Fmedia&parent=2328"}],"curies":[{"name":"wp","href":"https:\/\/api.w.org\/{rel}","templated":true}]}}