{"id":27,"date":"2011-05-02T19:53:02","date_gmt":"2011-05-02T19:53:02","guid":{"rendered":"http:\/\/jusac.net\/?page_id=27"},"modified":"2020-11-11T22:22:00","modified_gmt":"2020-11-12T04:22:00","slug":"visionmision","status":"publish","type":"page","link":"https:\/\/jusac.usac.edu.gt\/?page_id=27","title":{"rendered":"Misi\u00f3n\/Visi\u00f3n"},"content":{"rendered":"\t\t<div data-elementor-type=\"wp-page\" data-elementor-id=\"27\" class=\"elementor elementor-27\">\n\t\t\t\t\t\t\t\t\t<section class=\"elementor-section elementor-top-section elementor-element elementor-element-7e5e3a76 elementor-section-boxed elementor-section-height-default elementor-section-height-default\" data-id=\"7e5e3a76\" data-element_type=\"section\">\n\t\t\t\t\t\t<div class=\"elementor-container elementor-column-gap-default\">\n\t\t\t\t\t<div class=\"elementor-column elementor-col-100 elementor-top-column elementor-element elementor-element-296ffd26\" data-id=\"296ffd26\" data-element_type=\"column\">\n\t\t\t<div class=\"elementor-widget-wrap elementor-element-populated\">\n\t\t\t\t\t\t\t\t<div class=\"elementor-element elementor-element-7f50f8ea elementor-widget elementor-widget-text-editor\" data-id=\"7f50f8ea\" data-element_type=\"widget\" data-widget_type=\"text-editor.default\">\n\t\t\t\t<div class=\"elementor-widget-container\">\n\t\t\t\t\t\t\t<h2 style=\"text-align: center;\"><span style=\"color: #ff6600;\"><strong>-MISI\u00d3N-<\/strong><\/span><\/h2><h5 style=\"text-align: justify;\"><span style=\"color: #000000;\">Somos una instituci\u00f3n con cultura democr\u00e1tica, dedicada a formar profesionales con conciencia social, de calidad, l\u00edderes en su disciplina del conocimiento, con sentido de servicio, \u00e9ticos, \u00edntegros, responsables y de alta capacidad t\u00e9cnica, cient\u00edfica, y de trabajo en equipo, para que con su ejercicio profesional contribuyan al desarrollo de nuestro pa\u00eds y al bienestar de la poblaci\u00f3n guatemalteca, as\u00ed como a difundir la cultura en todas sus manifestaciones.<\/span><\/h5><p style=\"text-align: center;\"><strong><span style=\"color: #333399;\"> <img loading=\"lazy\" decoding=\"async\" class=\"alignnone size-full wp-image-6857\" src=\"https:\/\/jusac.usac.edu.gt\/wp-content\/uploads\/2020\/10\/160203969281564020.png\" alt=\"\" width=\"207\" height=\"117\" \/><\/span><\/strong><\/p><h2 style=\"text-align: center;\"><span style=\"color: #ff6600;\"><strong>-VISI\u00d3N-<\/strong><\/span><\/h2><h5 style=\"text-align: justify;\"><span style=\"color: #000000;\">Ser la Unidad Acad\u00e9mica de la Universidad de San Carlos de Guatemala, l\u00edder en Educaci\u00f3n Superior en el departamento de Jutiapa, que fundamentada en los avances cient\u00edficos y tecnol\u00f3gicos, forme profesionales con excelencia acad\u00e9mica y conciencia social en las distintas \u00e1reas del conocimiento.<\/span><\/h5>\t\t\t\t\t\t<\/div>\n\t\t\t\t<\/div>\n\t\t\t\t\t<\/div>\n\t\t<\/div>\n\t\t\t\t\t\t\t<\/div>\n\t\t<\/section>\n\t\t\t\t\t\t\t<\/div>\n\t\t","protected":false},"excerpt":{"rendered":"<p>-MISI\u00d3N- Somos una instituci\u00f3n con cultura democr\u00e1tica, dedicada a formar profesionales con conciencia social, de calidad, l\u00edderes en su disciplina del conocimiento, con sentido de servicio, \u00e9ticos, \u00edntegros, responsables y de alta capacidad t\u00e9cnica, cient\u00edfica, y de trabajo en equipo, para que con su ejercicio profesional contribuyan al desarrollo de nuestro pa\u00eds y al bienestar [&hellip;]<\/p>\n","protected":false},"author":1,"featured_media":0,"parent":29,"menu_order":2,"comment_status":"open","ping_status":"open","template":"","meta":{"site-sidebar-layout":"default","site-content-layout":"default","ast-site-content-layout":"","site-content-style":"default","site-sidebar-style":"default","ast-global-header-display":"","ast-banner-title-visibility":"","ast-main-header-display":"","ast-hfb-above-header-display":"","ast-hfb-below-header-display":"","ast-hfb-mobile-header-display":"","site-post-title":"","ast-breadcrumbs-content":"","ast-featured-img":"","footer-sml-layout":"","theme-transparent-header-meta":"default","adv-header-id-meta":"","stick-header-meta":"","header-above-stick-meta":"","header-main-stick-meta":"","header-below-stick-meta":"","astra-migrate-meta-layouts":"default","ast-page-background-enabled":"default","ast-page-background-meta":{"desktop":{"background-color":"","background-image":"","background-repeat":"repeat","background-position":"center center","background-size":"auto","background-attachment":"scroll","background-type":"","background-media":"","overlay-type":"","overlay-color":"","overlay-gradient":""},"tablet":{"background-color":"","background-image":"","background-repeat":"repeat","background-position":"center center","background-size":"auto","background-attachment":"scroll","background-type":"","background-media":"","overlay-type":"","overlay-color":"","overlay-gradient":""},"mobile":{"background-color":"","background-image":"","background-repeat":"repeat","background-position":"center center","background-size":"auto","background-attachment":"scroll","background-type":"","background-media":"","overlay-type":"","overlay-color":"","overlay-gradient":""}},"ast-content-background-meta":{"desktop":{"background-color":"var(--ast-global-color-5)","background-image":"","background-repeat":"repeat","background-position":"center center","background-size":"auto","background-attachment":"scroll","background-type":"","background-media":"","overlay-type":"","overlay-color":"","overlay-gradient":""},"tablet":{"background-color":"var(--ast-global-color-5)","background-image":"","background-repeat":"repeat","background-position":"center center","background-size":"auto","background-attachment":"scroll","background-type":"","background-media":"","overlay-type":"","overlay-color":"","overlay-gradient":""},"mobile":{"background-color":"var(--ast-global-color-5)","background-image":"","background-repeat":"repeat","background-position":"center center","background-size":"auto","background-attachment":"scroll","background-type":"","background-media":"","overlay-type":"","overlay-color":"","overlay-gradient":""}},"_joinchat":[],"footnotes":""},"_links":{"self":[{"href":"https:\/\/jusac.usac.edu.gt\/index.php?rest_route=\/wp\/v2\/pages\/27"}],"collection":[{"href":"https:\/\/jusac.usac.edu.gt\/index.php?rest_route=\/wp\/v2\/pages"}],"about":[{"href":"https:\/\/jusac.usac.edu.gt\/index.php?rest_route=\/wp\/v2\/types\/page"}],"author":[{"embeddable":true,"href":"https:\/\/jusac.usac.edu.gt\/index.php?rest_route=\/wp\/v2\/users\/1"}],"replies":[{"embeddable":true,"href":"https:\/\/jusac.usac.edu.gt\/index.php?rest_route=%2Fwp%2Fv2%2Fcomments&post=27"}],"version-history":[{"count":0,"href":"https:\/\/jusac.usac.edu.gt\/index.php?rest_route=\/wp\/v2\/pages\/27\/revisions"}],"up":[{"embeddable":true,"href":"https:\/\/jusac.usac.edu.gt\/index.php?rest_route=\/wp\/v2\/pages\/29"}],"wp:attachment":[{"href":"https:\/\/jusac.usac.edu.gt\/index.php?rest_route=%2Fwp%2Fv2%2Fmedia&parent=27"}],"curies":[{"name":"wp","href":"https:\/\/api.w.org\/{rel}","templated":true}]}}