{"id":27781,"date":"2023-01-26T18:06:00","date_gmt":"2023-01-27T00:06:00","guid":{"rendered":"https:\/\/jusac.usac.edu.gt\/?page_id=27781"},"modified":"2025-01-23T20:38:06","modified_gmt":"2025-01-24T02:38:06","slug":"inspricpion-y-asignacion-para-las-diferentes-clinicas-del-bufete-popular-jusac","status":"publish","type":"page","link":"https:\/\/jusac.usac.edu.gt\/?page_id=27781","title":{"rendered":"REQUISITOS EXAMEN P\u00daBLICO Y ACTO DE GRADUACI\u00d3N POR APROBACI\u00d3N DE EXAMENES PRIVADOS, TESIS O -EPS-"},"content":{"rendered":"","protected":false},"excerpt":{"rendered":"","protected":false},"author":101011,"featured_media":0,"parent":0,"menu_order":11,"comment_status":"closed","ping_status":"closed","template":"","meta":{"site-sidebar-layout":"no-sidebar","site-content-layout":"page-builder","ast-site-content-layout":"full-width-container","site-content-style":"unboxed","site-sidebar-style":"unboxed","ast-global-header-display":"","ast-banner-title-visibility":"","ast-main-header-display":"","ast-hfb-above-header-display":"","ast-hfb-below-header-display":"","ast-hfb-mobile-header-display":"","site-post-title":"disabled","ast-breadcrumbs-content":"","ast-featured-img":"disabled","footer-sml-layout":"","theme-transparent-header-meta":"default","adv-header-id-meta":"","stick-header-meta":"","header-above-stick-meta":"","header-main-stick-meta":"","header-below-stick-meta":"","astra-migrate-meta-layouts":"set","ast-page-background-enabled":"default","ast-page-background-meta":{"desktop":{"background-color":"","background-image":"","background-repeat":"repeat","background-position":"center center","background-size":"auto","background-attachment":"scroll","background-type":"","background-media":"","overlay-type":"","overlay-color":"","overlay-gradient":""},"tablet":{"background-color":"","background-image":"","background-repeat":"repeat","background-position":"center center","background-size":"auto","background-attachment":"scroll","background-type":"","background-media":"","overlay-type":"","overlay-color":"","overlay-gradient":""},"mobile":{"background-color":"","background-image":"","background-repeat":"repeat","background-position":"center center","background-size":"auto","background-attachment":"scroll","background-type":"","background-media":"","overlay-type":"","overlay-color":"","overlay-gradient":""}},"ast-content-background-meta":{"desktop":{"background-color":"var(--ast-global-color-5)","background-image":"","background-repeat":"repeat","background-position":"center center","background-size":"auto","background-attachment":"scroll","background-type":"","background-media":"","overlay-type":"","overlay-color":"","overlay-gradient":""},"tablet":{"background-color":"var(--ast-global-color-5)","background-image":"","background-repeat":"repeat","background-position":"center center","background-size":"auto","background-attachment":"scroll","background-type":"","background-media":"","overlay-type":"","overlay-color":"","overlay-gradient":""},"mobile":{"background-color":"var(--ast-global-color-5)","background-image":"","background-repeat":"repeat","background-position":"center center","background-size":"auto","background-attachment":"scroll","background-type":"","background-media":"","overlay-type":"","overlay-color":"","overlay-gradient":""}},"_joinchat":[],"footnotes":""},"_links":{"self":[{"href":"https:\/\/jusac.usac.edu.gt\/index.php?rest_route=\/wp\/v2\/pages\/27781"}],"collection":[{"href":"https:\/\/jusac.usac.edu.gt\/index.php?rest_route=\/wp\/v2\/pages"}],"about":[{"href":"https:\/\/jusac.usac.edu.gt\/index.php?rest_route=\/wp\/v2\/types\/page"}],"author":[{"embeddable":true,"href":"https:\/\/jusac.usac.edu.gt\/index.php?rest_route=\/wp\/v2\/users\/101011"}],"replies":[{"embeddable":true,"href":"https:\/\/jusac.usac.edu.gt\/index.php?rest_route=%2Fwp%2Fv2%2Fcomments&post=27781"}],"version-history":[{"count":13,"href":"https:\/\/jusac.usac.edu.gt\/index.php?rest_route=\/wp\/v2\/pages\/27781\/revisions"}],"predecessor-version":[{"id":38799,"href":"https:\/\/jusac.usac.edu.gt\/index.php?rest_route=\/wp\/v2\/pages\/27781\/revisions\/38799"}],"wp:attachment":[{"href":"https:\/\/jusac.usac.edu.gt\/index.php?rest_route=%2Fwp%2Fv2%2Fmedia&parent=27781"}],"curies":[{"name":"wp","href":"https:\/\/api.w.org\/{rel}","templated":true}]}}