{"id":3112,"date":"2014-10-06T17:49:48","date_gmt":"2014-10-06T23:49:48","guid":{"rendered":"http:\/\/www.jusac.net\/?page_id=3112"},"modified":"2023-01-22T18:33:30","modified_gmt":"2023-01-23T00:33:30","slug":"contaduria-publica-y-auditoria","status":"publish","type":"page","link":"https:\/\/jusac.usac.edu.gt\/?page_id=3112","title":{"rendered":"\u2013 \u2013 Licenciatura en Contadur\u00eda P\u00fablica y Auditor\u00eda"},"content":{"rendered":"<h1 style=\"text-align: center;\"><span style=\"text-decoration: underline;\"><span style=\"color: #ff6600; text-decoration: underline;\">INFORMACI\u00d3N GENERAL<\/span><\/span><\/h1>\n<h1 style=\"text-align: center;\"><span style=\"text-decoration: underline;\"><span style=\"color: #ff6600; text-decoration: underline;\">SOBRE LA CARRERA<\/span><\/span><\/h1>\n<p>&nbsp;<\/p>\n<p style=\"text-align: justify;\"><span style=\"color: #ff6600;\"><strong>PRESENTACI\u00d3N<\/strong><\/span><\/p>\n<p style=\"text-align: justify;\"><span style=\"color: #000080;\"><strong>El Centro Universitario de Jutiapa pone a disposici\u00f3n de los interesados en ingresar en esta Casa de Estudios la presente informaci\u00f3n de la Carrera de Licenciatura en Contadur\u00eda P\u00fablica y Auditor\u00eda, con el prop\u00f3sito de orientar sobre aspectos b\u00e1sicos de la misma.<\/strong><\/span><\/p>\n<p style=\"text-align: justify;\"><span style=\"color: #ff6600;\"><strong>NATURALEZA DE LA LICENCIATURA<\/strong><\/span><\/p>\n<p style=\"text-align: justify;\"><span style=\"color: #000080;\"><strong>La carrera de Contadur\u00eda P\u00fablica y Auditor\u00eda, constituye el estudio cient\u00edfico y t\u00e9cnico de las \u00c1reas de Auditor\u00eda, Finanzas y legislaci\u00f3n; tanto en empresas del sector p\u00fablico\u00a0 como del sector privado del pa\u00eds, con el fin de tomar decisiones que\u00a0\u00a0\u00a0 respondan a las necesidades de la situaci\u00f3n que se eval\u00faa.<\/strong><\/span><\/p>\n<p style=\"text-align: justify;\"><span style=\"color: #ff6600;\"><strong>OBJETIVO<\/strong><\/span><\/p>\n<p style=\"text-align: justify;\"><span style=\"color: #000080;\"><strong>Formar profesionales con capacidad intelectual y t\u00e9cnica para analizar las \u00e1reas de Contabilidad, Auditor\u00eda, Finanzas y Legislaci\u00f3n de las instituciones que forman parte de la vida econ\u00f3mica y social del pa\u00eds.<\/strong><\/span><\/p>\n<p style=\"text-align: justify;\"><span style=\"color: #000080;\"><strong>\u00a0Tomar decisiones acertadas en las situaciones que se presenten en el desarrollo de la profesi\u00f3n.<\/strong><\/span><\/p>\n<p style=\"text-align: justify;\"><strong>\u00a0<\/strong><\/p>\n<p style=\"text-align: justify;\"><span style=\"color: #ff6600;\"><strong>T\u00cdTULO Y GRADO ACAD\u00c9MICO<\/strong><\/span><\/p>\n<p style=\"text-align: justify;\"><span style=\"color: #000080;\"><strong>El t\u00edtulo que otorga el Centro Universitario de Jutiapa de la Universidad de San Carlos de Guatemala al culminar los estudios, es de Contador P\u00fablico y Auditor, en el grado acad\u00e9mico de Licenciado.<\/strong><\/span><\/p>\n<p style=\"text-align: justify;\"><span style=\"color: #ff6600;\"><strong>DURACI\u00d3N DE LOS ESTUDIOS<\/strong><\/span><\/p>\n<p style=\"text-align: justify;\"><span style=\"color: #000080;\"><strong>El tiempo m\u00ednimo de duraci\u00f3n de la Licenciatura es de cinco a\u00f1os y medio, dividido en 11 semestres: cuatro del \u00e1rea com\u00fan y siete del \u00e1rea profesional.<\/strong><\/span><\/p>\n<p style=\"text-align: justify;\"><span style=\"color: #ff6600;\"><strong>JORNADA Y HORARIO DE ESTUDIOS<\/strong><\/span><\/p>\n<p style=\"text-align: justify;\"><span style=\"color: #000080;\"><strong>Plan fin de semana: de 7:00 a 17:00 horas los d\u00edas s\u00e1bado.<\/strong><\/span><\/p>\n<p style=\"text-align: justify;\"><span style=\"color: #ff6600;\"><strong>PERFIL DE INGRESO<\/strong><\/span><\/p>\n<p style=\"text-align: justify;\"><span style=\"color: #000080;\"><strong>Para estudiar la Licenciatura en Contadur\u00eda P\u00fablica y Auditor\u00eda, se requiere como m\u00ednimo, que el estudiante tenga las cualidades siguientes:<\/strong><\/span><\/p>\n<ol style=\"text-align: justify;\">\n<li><span style=\"color: #000080;\"><strong>Habilidad general, abstracta y exactitud.<\/strong><\/span><\/li>\n<li><span style=\"color: #000080;\"><strong>H\u00e1bito de estudio y lectura.<\/strong><\/span><\/li>\n<li><span style=\"color: #000080;\"><strong>Sentido de organizaci\u00f3n y responsabilidad.<\/strong><\/span><\/li>\n<li><span style=\"color: #000080;\"><strong>Buenas relaciones humanas y creatividad.<\/strong><\/span><\/li>\n<li><span style=\"color: #000080;\"><strong>Agrado y disposici\u00f3n para realizar trabajo comunitario.<\/strong><\/span><\/li>\n<li><span style=\"color: #000080;\"><strong>Disposici\u00f3n para trabajar en equipo.<\/strong><\/span><\/li>\n<\/ol>\n<p style=\"text-align: justify;\"><strong>\u00a0<\/strong><\/p>\n<p style=\"text-align: justify;\"><span style=\"color: #ff6600;\"><strong>EVALUACI\u00d3N DEL APRENDIZAJE<\/strong><\/span><\/p>\n<p style=\"text-align: justify;\"><span style=\"color: #000080;\"><strong>La escala de calificaci\u00f3n de los cursos es de 0 a 100 puntos, distribuidos as\u00ed: 70 de zona\u00a0 y 30 de examen final. La zona m\u00ednima es de 31 puntos y la nota m\u00ednima de aprobaci\u00f3n es de 61 puntos. La zona\u00a0 tendr\u00e1 vigencia hasta la segunda oportunidad de recuperaci\u00f3n, programada en el semestre siguiente de la reprobaci\u00f3n del curso. Para culminar los estudios se deben aprobar los Ex\u00e1menes de \u00c1reas Pr\u00e1cticas B\u00e1sicas (Matem\u00e1tica-Estad\u00edstica, Contabilidad y Auditor\u00eda), y el Examen Privado de Tesis o Ejercicio Profesional Supervisado\u00a0\u00a0\u00a0\u00a0\u00a0\u00a0\u00a0 \u2013EPS\u2013<\/strong><\/span><\/p>\n<p style=\"text-align: justify;\"><span style=\"color: #ff6600;\"><strong>CAMPO LABORAL<\/strong><\/span><\/p>\n<p style=\"text-align: justify;\"><span style=\"color: #000080;\"><strong>El Auditor puede desempe\u00f1arse tanto en entidades p\u00fablicas como privadas, nacionales e internacionales, instituciones no gubernamentales como en su propia empresa, en la conducci\u00f3n superior o en los puestos medios de direcci\u00f3n, o en funciones de consultor o asesor.<\/strong><\/span><\/p>\n<p style=\"text-align: justify;\"><span style=\"color: #000080;\"><strong>Puede tambi\u00e9n desempe\u00f1arse en los campos de investigaci\u00f3n y docencia.<\/strong><\/span><\/p>\n<p style=\"text-align: justify;\"><strong>\u00a0<\/strong><\/p>\n<p style=\"text-align: justify;\"><strong>\u00a0<\/strong><\/p>\n<p style=\"text-align: justify;\"><strong>\u00a0<\/strong><\/p>\n<div class=\"dc\"><\/div>\n","protected":false},"excerpt":{"rendered":"<p>INFORMACI\u00d3N GENERAL SOBRE LA CARRERA &nbsp; PRESENTACI\u00d3N El Centro Universitario de Jutiapa pone a disposici\u00f3n de los interesados en ingresar en esta Casa de Estudios la presente informaci\u00f3n de la Carrera de Licenciatura en Contadur\u00eda P\u00fablica y Auditor\u00eda, con el prop\u00f3sito de orientar sobre aspectos b\u00e1sicos de la misma. NATURALEZA DE LA LICENCIATURA La carrera [&hellip;]<\/p>\n","protected":false},"author":1,"featured_media":0,"parent":36,"menu_order":6,"comment_status":"open","ping_status":"open","template":"","meta":{"site-sidebar-layout":"default","site-content-layout":"default","ast-site-content-layout":"","site-content-style":"default","site-sidebar-style":"default","ast-global-header-display":"","ast-banner-title-visibility":"","ast-main-header-display":"","ast-hfb-above-header-display":"","ast-hfb-below-header-display":"","ast-hfb-mobile-header-display":"","site-post-title":"disabled","ast-breadcrumbs-content":"","ast-featured-img":"","footer-sml-layout":"","theme-transparent-header-meta":"default","adv-header-id-meta":"","stick-header-meta":"","header-above-stick-meta":"","header-main-stick-meta":"","header-below-stick-meta":"","astra-migrate-meta-layouts":"default","ast-page-background-enabled":"default","ast-page-background-meta":{"desktop":{"background-color":"","background-image":"","background-repeat":"repeat","background-position":"center center","background-size":"auto","background-attachment":"scroll","background-type":"","background-media":"","overlay-type":"","overlay-color":"","overlay-gradient":""},"tablet":{"background-color":"","background-image":"","background-repeat":"repeat","background-position":"center center","background-size":"auto","background-attachment":"scroll","background-type":"","background-media":"","overlay-type":"","overlay-color":"","overlay-gradient":""},"mobile":{"background-color":"","background-image":"","background-repeat":"repeat","background-position":"center center","background-size":"auto","background-attachment":"scroll","background-type":"","background-media":"","overlay-type":"","overlay-color":"","overlay-gradient":""}},"ast-content-background-meta":{"desktop":{"background-color":"var(--ast-global-color-5)","background-image":"","background-repeat":"repeat","background-position":"center center","background-size":"auto","background-attachment":"scroll","background-type":"","background-media":"","overlay-type":"","overlay-color":"","overlay-gradient":""},"tablet":{"background-color":"var(--ast-global-color-5)","background-image":"","background-repeat":"repeat","background-position":"center center","background-size":"auto","background-attachment":"scroll","background-type":"","background-media":"","overlay-type":"","overlay-color":"","overlay-gradient":""},"mobile":{"background-color":"var(--ast-global-color-5)","background-image":"","background-repeat":"repeat","background-position":"center center","background-size":"auto","background-attachment":"scroll","background-type":"","background-media":"","overlay-type":"","overlay-color":"","overlay-gradient":""}},"_joinchat":[],"footnotes":""},"_links":{"self":[{"href":"https:\/\/jusac.usac.edu.gt\/index.php?rest_route=\/wp\/v2\/pages\/3112"}],"collection":[{"href":"https:\/\/jusac.usac.edu.gt\/index.php?rest_route=\/wp\/v2\/pages"}],"about":[{"href":"https:\/\/jusac.usac.edu.gt\/index.php?rest_route=\/wp\/v2\/types\/page"}],"author":[{"embeddable":true,"href":"https:\/\/jusac.usac.edu.gt\/index.php?rest_route=\/wp\/v2\/users\/1"}],"replies":[{"embeddable":true,"href":"https:\/\/jusac.usac.edu.gt\/index.php?rest_route=%2Fwp%2Fv2%2Fcomments&post=3112"}],"version-history":[{"count":0,"href":"https:\/\/jusac.usac.edu.gt\/index.php?rest_route=\/wp\/v2\/pages\/3112\/revisions"}],"up":[{"embeddable":true,"href":"https:\/\/jusac.usac.edu.gt\/index.php?rest_route=\/wp\/v2\/pages\/36"}],"wp:attachment":[{"href":"https:\/\/jusac.usac.edu.gt\/index.php?rest_route=%2Fwp%2Fv2%2Fmedia&parent=3112"}],"curies":[{"name":"wp","href":"https:\/\/api.w.org\/{rel}","templated":true}]}}