{"id":36,"date":"2011-05-02T20:04:52","date_gmt":"2011-05-02T20:04:52","guid":{"rendered":"http:\/\/jusac.net\/?page_id=36"},"modified":"2025-04-28T18:21:19","modified_gmt":"2025-04-29T00:21:19","slug":"carreras","status":"publish","type":"page","link":"https:\/\/jusac.usac.edu.gt\/?page_id=36","title":{"rendered":"Carreras Disponibles:"},"content":{"rendered":"\t\t<div data-elementor-type=\"wp-page\" data-elementor-id=\"36\" class=\"elementor elementor-36\">\n\t\t\t\t\t\t\t\t\t<section class=\"elementor-section elementor-top-section elementor-element elementor-element-695f9908 elementor-section-boxed elementor-section-height-default elementor-section-height-default\" data-id=\"695f9908\" data-element_type=\"section\">\n\t\t\t\t\t\t<div class=\"elementor-container elementor-column-gap-default\">\n\t\t\t\t\t<div class=\"elementor-column elementor-col-100 elementor-top-column elementor-element elementor-element-f756af2\" data-id=\"f756af2\" data-element_type=\"column\">\n\t\t\t<div class=\"elementor-widget-wrap elementor-element-populated\">\n\t\t\t\t\t\t\t\t<div class=\"elementor-element elementor-element-5c4f79f9 elementor-widget elementor-widget-text-editor\" data-id=\"5c4f79f9\" data-element_type=\"widget\" data-widget_type=\"text-editor.default\">\n\t\t\t\t<div class=\"elementor-widget-container\">\n\t\t\t\t\t\t\t<h3 style=\"text-align: center;\"><strong><span style=\"--darkreader-inline-color: #ff8533;\" data-darkreader-inline-color=\"\"><span style=\"--darkreader-inline-color: #ff8533;\"><span style=\"color: #ff6600;\">\u00daNICAS CARRERAS DISPONIBLES, AUTORIZADAS E IMPARTIDAS EN EL CENTRO UNIVERSITARIO DE JUTIAPA -JUSAC-<\/span><\/span><\/span><\/strong><\/h3><h6 style=\"text-align: justify;\"><strong><span style=\"color: #000000;\"><span style=\"--darkreader-inline-color: #ff8533;\" data-darkreader-inline-color=\"\"><span style=\"--darkreader-inline-color: #ff8533;\">EL CENTRO UNIVERSITARIO DE JUTIAPA <span style=\"color: #0000ff;\">PARA EL PROXIMO A\u00d1O 2026<\/span>, OFRECE A LA POBLACI\u00d3N ESTUDIANTIL DE NIVEL MEDIO JUTIAPANECA UN TOTAL DE:<\/span><\/span><\/span><\/strong><\/h6><h5 style=\"text-align: center;\"><span style=\"color: #008000;\"><strong><span style=\"--darkreader-inline-color: #ff8533;\" data-darkreader-inline-color=\"\"><span style=\"color: #003366;\"><span style=\"color: #ff0000;\">01<\/span> CARRERA DE PROFESORADO A NIVEL T\u00c9CNICO<\/span> <span style=\"color: #0000ff;\">(PRE-GRADO).<\/span><\/span><\/strong><\/span><\/h5><h5 style=\"text-align: center;\"><span style=\"color: #003366;\"><strong><span style=\"--darkreader-inline-color: #ff8533;\" data-darkreader-inline-color=\"\"><span style=\"--darkreader-inline-color: #ff8533;\"><span style=\"color: #ff0000;\"> 04<\/span>\u00a0CARRERAS A NIVEL LICENCIATURA<\/span><\/span><\/strong><\/span><\/h5><h5 style=\"text-align: center;\"><span style=\"color: #003366;\"><strong><span style=\"color: #ff0000;\">01<\/span> CARRERA A NIVEL DE INGENIERIA<\/strong><\/span><\/h5><h5 style=\"text-align: center;\"><a href=\"https:\/\/jusac.usac.edu.gt\/wp-content\/uploads\/2021\/08\/CARRERAS-DISPONIBLES-EN-JUSAC-2022-scaled.jpg\" target=\"_blank\" rel=\"noopener\"><strong><span style=\"color: #ff00ff;\">\u00abCLIC AQU\u00cd ARA VER CON MAS CLARIDAD Y PODER DESCARGAR LA FOTOGRAFIA CON LAS CARRERAS DISPONIBLES EN -JUSAC- JUTIAPA\u00bb<\/span><\/strong><\/a><\/h5><p style=\"text-align: center;\"><img loading=\"lazy\" decoding=\"async\" class=\"aligncenter size-full wp-image-17300\" src=\"https:\/\/jusac.usac.edu.gt\/wp-content\/uploads\/2021\/08\/CARRERAS-DISPONIBLES-EN-JUSAC-2022-scaled.jpg\" alt=\"\" width=\"1978\" height=\"2560\" srcset=\"https:\/\/jusac.usac.edu.gt\/wp-content\/uploads\/2021\/08\/CARRERAS-DISPONIBLES-EN-JUSAC-2022-scaled.jpg 1978w, https:\/\/jusac.usac.edu.gt\/wp-content\/uploads\/2021\/08\/CARRERAS-DISPONIBLES-EN-JUSAC-2022-232x300.jpg 232w, https:\/\/jusac.usac.edu.gt\/wp-content\/uploads\/2021\/08\/CARRERAS-DISPONIBLES-EN-JUSAC-2022-791x1024.jpg 791w, https:\/\/jusac.usac.edu.gt\/wp-content\/uploads\/2021\/08\/CARRERAS-DISPONIBLES-EN-JUSAC-2022-768x994.jpg 768w, https:\/\/jusac.usac.edu.gt\/wp-content\/uploads\/2021\/08\/CARRERAS-DISPONIBLES-EN-JUSAC-2022-1187x1536.jpg 1187w, https:\/\/jusac.usac.edu.gt\/wp-content\/uploads\/2021\/08\/CARRERAS-DISPONIBLES-EN-JUSAC-2022-1583x2048.jpg 1583w\" sizes=\"(max-width: 1978px) 100vw, 1978px\" \/><\/p><h5 style=\"text-align: center;\"><img loading=\"lazy\" decoding=\"async\" class=\"aligncenter wp-image-16158 size-full\" src=\"https:\/\/jusac.usac.edu.gt\/wp-content\/uploads\/2021\/07\/rererwe4r3.jpg\" alt=\"\" width=\"612\" height=\"298\" srcset=\"https:\/\/jusac.usac.edu.gt\/wp-content\/uploads\/2021\/07\/rererwe4r3.jpg 612w, https:\/\/jusac.usac.edu.gt\/wp-content\/uploads\/2021\/07\/rererwe4r3-300x146.jpg 300w\" sizes=\"(max-width: 612px) 100vw, 612px\" \/><\/h5><h5 style=\"text-align: center;\">\u00a0<\/h5><h4 style=\"text-align: center;\"><a href=\"https:\/\/jusac.usac.edu.gt\/?page_id=3302\" data-wplink-edit=\"true\"><span style=\"color: #0000ff;\"><strong style=\"font-size: 24px;\">\u00abclic aqu\u00ed para conocer los requisitos y el proceso completo que todo aspirante de primer ingreso debe de realizar, m\u00ednimo con un a\u00f1o de anticipaci\u00f3n a su ingreso a las diferentes carreras que ofrece el centro universitario de Jutiapa para el a\u00f1o 2026\u00bb<\/strong><\/span><\/a><\/h4><h4 style=\"text-align: center;\"><strong>______________________________________________________________________________________________________________________________________________________________________________________________________<\/strong><\/h4><h3 style=\"text-align: center;\"><span style=\"color: #ff6600;\"><strong>COSTO DE INSCRIPCION PARA EL PAGO DE LA MATRICULA ESTUDIANTIL ANUAL DE PRIMER INGRESO A JUSAC, PARA TODAS NUESTRAS 05 CARRERAS:<\/strong><\/span><\/h3><p style=\"text-align: center;\"><img loading=\"lazy\" decoding=\"async\" class=\"aligncenter wp-image-16280 size-large\" src=\"https:\/\/jusac.usac.edu.gt\/wp-content\/uploads\/2021\/08\/ping_9-1024x384.png\" alt=\"\" width=\"1024\" height=\"384\" srcset=\"https:\/\/jusac.usac.edu.gt\/wp-content\/uploads\/2021\/08\/ping_9-1024x384.png 1024w, https:\/\/jusac.usac.edu.gt\/wp-content\/uploads\/2021\/08\/ping_9-300x112.png 300w, https:\/\/jusac.usac.edu.gt\/wp-content\/uploads\/2021\/08\/ping_9-768x288.png 768w, https:\/\/jusac.usac.edu.gt\/wp-content\/uploads\/2021\/08\/ping_9-1536x576.png 1536w, https:\/\/jusac.usac.edu.gt\/wp-content\/uploads\/2021\/08\/ping_9-2048x768.png 2048w\" sizes=\"(max-width: 1024px) 100vw, 1024px\" \/><\/p><h5 style=\"text-align: center;\"><span style=\"color: #993366;\"><strong>GUATEMALTECO EL \u00daNICO PAGO DE Q101.00 QUE REALISES DE LA MATR\u00cdCULA ESTUDIANTIL ANUAL EN JUSAC PARA TU INSCRIPCION EN EL MES DE ENERO 2026, TE CUBRE TOTALMENTE UN A\u00d1O DE ESTUDIOS UNIVERSITARIOS EN TODAS NUESTRAS CARRERAS, DE ENERO A NOVIEMBRE\u201d<\/strong><\/span><\/h5><p style=\"text-align: center;\"><img loading=\"lazy\" decoding=\"async\" class=\"aligncenter wp-image-16282 size-large\" src=\"https:\/\/jusac.usac.edu.gt\/wp-content\/uploads\/2021\/08\/ping_10-910x1024.png\" alt=\"\" width=\"910\" height=\"1024\" srcset=\"https:\/\/jusac.usac.edu.gt\/wp-content\/uploads\/2021\/08\/ping_10-910x1024.png 910w, https:\/\/jusac.usac.edu.gt\/wp-content\/uploads\/2021\/08\/ping_10-267x300.png 267w, https:\/\/jusac.usac.edu.gt\/wp-content\/uploads\/2021\/08\/ping_10-768x864.png 768w, https:\/\/jusac.usac.edu.gt\/wp-content\/uploads\/2021\/08\/ping_10-1365x1536.png 1365w, https:\/\/jusac.usac.edu.gt\/wp-content\/uploads\/2021\/08\/ping_10-1820x2048.png 1820w\" sizes=\"(max-width: 910px) 100vw, 910px\" \/><\/p><h5 style=\"text-align: center;\"><strong style=\"font-size: 15px; font-family: var( --e-global-typography-text-font-family ), Sans-serif;\">________________________________________________________________________________________________________________________________________________________________<\/strong><\/h5><h3 style=\"text-align: center;\"><strong><span style=\"color: #003300;\" data-darkreader-inline-color=\"\"><span style=\"color: #008000;\">\u00bfDUDAS?\u00a0<\/span><\/span><\/strong><\/h3><div style=\"text-align: center;\"><span style=\"color: #008000;\"><b>env\u00edanos<\/b><\/span><span style=\"color: #003300;\" data-darkreader-inline-color=\"\"><span style=\"color: #008000;\"><b> un mensaje en el icono verde y redondo de whatsapp ubicado en la parte inferior\u00a0derecha o escr\u00edbenos al CORREO ELECTRONICO DE CONTROL ACADEMICO:<\/b><\/span> <span style=\"color: #0000ff;\">controlacademicojusac@gmail.com<\/span><\/span><\/div><h3 style=\"text-align: center;\">\u00a0<\/h3><h2 style=\"text-align: center;\"><strong><span style=\"color: #000000;\" data-darkreader-inline-color=\"\">\u00abID Y ENSE\u00d1AD A TODOS\u00bb<\/span><\/strong><\/h2>\t\t\t\t\t\t<\/div>\n\t\t\t\t<\/div>\n\t\t\t\t\t<\/div>\n\t\t<\/div>\n\t\t\t\t\t\t\t<\/div>\n\t\t<\/section>\n\t\t\t\t\t\t\t<\/div>\n\t\t","protected":false},"excerpt":{"rendered":"<p>\u00daNICAS CARRERAS DISPONIBLES, AUTORIZADAS E IMPARTIDAS EN EL CENTRO UNIVERSITARIO DE JUTIAPA -JUSAC- EL CENTRO UNIVERSITARIO DE JUTIAPA PARA EL PROXIMO A\u00d1O 2026, OFRECE A LA POBLACI\u00d3N ESTUDIANTIL DE NIVEL MEDIO JUTIAPANECA UN TOTAL DE: 01 CARRERA DE PROFESORADO A NIVEL T\u00c9CNICO (PRE-GRADO). 04\u00a0CARRERAS A NIVEL LICENCIATURA 01 CARRERA A NIVEL DE INGENIERIA \u00abCLIC AQU\u00cd [&hellip;]<\/p>\n","protected":false},"author":1,"featured_media":0,"parent":0,"menu_order":3,"comment_status":"open","ping_status":"open","template":"","meta":{"site-sidebar-layout":"default","site-content-layout":"default","ast-site-content-layout":"","site-content-style":"default","site-sidebar-style":"default","ast-global-header-display":"","ast-banner-title-visibility":"","ast-main-header-display":"","ast-hfb-above-header-display":"","ast-hfb-below-header-display":"","ast-hfb-mobile-header-display":"","site-post-title":"disabled","ast-breadcrumbs-content":"","ast-featured-img":"","footer-sml-layout":"","theme-transparent-header-meta":"default","adv-header-id-meta":"","stick-header-meta":"","header-above-stick-meta":"","header-main-stick-meta":"","header-below-stick-meta":"","astra-migrate-meta-layouts":"default","ast-page-background-enabled":"default","ast-page-background-meta":{"desktop":{"background-color":"","background-image":"","background-repeat":"repeat","background-position":"center center","background-size":"auto","background-attachment":"scroll","background-type":"","background-media":"","overlay-type":"","overlay-color":"","overlay-gradient":""},"tablet":{"background-color":"","background-image":"","background-repeat":"repeat","background-position":"center center","background-size":"auto","background-attachment":"scroll","background-type":"","background-media":"","overlay-type":"","overlay-color":"","overlay-gradient":""},"mobile":{"background-color":"","background-image":"","background-repeat":"repeat","background-position":"center center","background-size":"auto","background-attachment":"scroll","background-type":"","background-media":"","overlay-type":"","overlay-color":"","overlay-gradient":""}},"ast-content-background-meta":{"desktop":{"background-color":"var(--ast-global-color-5)","background-image":"","background-repeat":"repeat","background-position":"center center","background-size":"auto","background-attachment":"scroll","background-type":"","background-media":"","overlay-type":"","overlay-color":"","overlay-gradient":""},"tablet":{"background-color":"var(--ast-global-color-5)","background-image":"","background-repeat":"repeat","background-position":"center center","background-size":"auto","background-attachment":"scroll","background-type":"","background-media":"","overlay-type":"","overlay-color":"","overlay-gradient":""},"mobile":{"background-color":"var(--ast-global-color-5)","background-image":"","background-repeat":"repeat","background-position":"center center","background-size":"auto","background-attachment":"scroll","background-type":"","background-media":"","overlay-type":"","overlay-color":"","overlay-gradient":""}},"_joinchat":[],"footnotes":""},"_links":{"self":[{"href":"https:\/\/jusac.usac.edu.gt\/index.php?rest_route=\/wp\/v2\/pages\/36"}],"collection":[{"href":"https:\/\/jusac.usac.edu.gt\/index.php?rest_route=\/wp\/v2\/pages"}],"about":[{"href":"https:\/\/jusac.usac.edu.gt\/index.php?rest_route=\/wp\/v2\/types\/page"}],"author":[{"embeddable":true,"href":"https:\/\/jusac.usac.edu.gt\/index.php?rest_route=\/wp\/v2\/users\/1"}],"replies":[{"embeddable":true,"href":"https:\/\/jusac.usac.edu.gt\/index.php?rest_route=%2Fwp%2Fv2%2Fcomments&post=36"}],"version-history":[{"count":7,"href":"https:\/\/jusac.usac.edu.gt\/index.php?rest_route=\/wp\/v2\/pages\/36\/revisions"}],"predecessor-version":[{"id":39356,"href":"https:\/\/jusac.usac.edu.gt\/index.php?rest_route=\/wp\/v2\/pages\/36\/revisions\/39356"}],"wp:attachment":[{"href":"https:\/\/jusac.usac.edu.gt\/index.php?rest_route=%2Fwp%2Fv2%2Fmedia&parent=36"}],"curies":[{"name":"wp","href":"https:\/\/api.w.org\/{rel}","templated":true}]}}