{"id":42,"date":"2011-05-02T20:06:13","date_gmt":"2011-05-02T20:06:13","guid":{"rendered":"http:\/\/jusac.net\/?page_id=42"},"modified":"2023-01-22T18:30:58","modified_gmt":"2023-01-23T00:30:58","slug":"derecho","status":"publish","type":"page","link":"https:\/\/jusac.usac.edu.gt\/?page_id=42","title":{"rendered":"\u2013 \u2013 Licenciatura en Ciencias Jur\u00eddicas y Sociales, Abogado y Notario"},"content":{"rendered":"\t\t<div data-elementor-type=\"wp-page\" data-elementor-id=\"42\" class=\"elementor elementor-42\">\n\t\t\t\t\t\t\t\t\t<section class=\"elementor-section elementor-top-section elementor-element elementor-element-74194df5 elementor-section-boxed elementor-section-height-default elementor-section-height-default\" data-id=\"74194df5\" data-element_type=\"section\">\n\t\t\t\t\t\t<div class=\"elementor-container elementor-column-gap-default\">\n\t\t\t\t\t<div class=\"elementor-column elementor-col-100 elementor-top-column elementor-element elementor-element-484b3f28\" data-id=\"484b3f28\" data-element_type=\"column\">\n\t\t\t<div class=\"elementor-widget-wrap elementor-element-populated\">\n\t\t\t\t\t\t\t\t<div class=\"elementor-element elementor-element-4738324d elementor-widget elementor-widget-text-editor\" data-id=\"4738324d\" data-element_type=\"widget\" data-widget_type=\"text-editor.default\">\n\t\t\t\t<div class=\"elementor-widget-container\">\n\t\t\t\t\t\t\t<h3 style=\"text-align: center;\"><strong><span style=\"color: #ff6600;\">INFORMACI\u00d3N GENERAL <\/span><span style=\"color: #ff6600;\">SOBRE LA CARRERA DE LICENCIATURA EN CIENCIAS JUR\u00cdDICAS Y SOCIALES, ABOGADO Y NOTARIO<\/span><\/strong><\/h3><h4 style=\"text-align: justify;\"><span style=\"color: #ff6600;\"><strong>1. PRESENTACI\u00d3N <\/strong><\/span><\/h4><p style=\"text-align: justify;\"><strong><span style=\"color: #000080;\">Esta es la Gu\u00eda Informativa de la Licenciatura en Ciencias Jur\u00eddicas y Sociales, Abogac\u00eda y Notariado, una de las carreras que ofrece el Centro Universitario de Jutiapa.<\/span><\/strong><\/p><h4 style=\"text-align: justify;\"><span style=\"color: #ff6600;\"><strong>2. NATURALEZA DE LA LICENCIATURA<\/strong><\/span><\/h4><p style=\"text-align: justify;\"><strong><span style=\"color: #000080;\">La Carrera de Abogac\u00eda y Notariado, constituye el estudio cient\u00edfico de las leyes del pa\u00eds y su aplicaci\u00f3n en los diferentes campos de los grupos sociales (Empresas P\u00fablicas y Privadas), en funci\u00f3n tanto del logro eficaz y eficiente de sus fines, como el desarrollo arm\u00f3nico y sostenido de la sociedad guatemalteca.<\/span><\/strong><\/p><h4 style=\"text-align: justify;\"><span style=\"color: #ff6600;\"><strong>3. OBJETIVO <\/strong><\/span><\/h4><p style=\"text-align: justify;\"><strong><span style=\"color: #000080;\">Formar profesionales con capacidad cient\u00edfica y t\u00e9cnica para comprender y evaluar los aspectos Jur\u00eddico-Sociales de la realidad guatemalteca y su contexto internacional, as\u00ed como, proponer soluciones a los problemas que se presentan en dicho campo de conocimiento.<\/span><\/strong><\/p><h4 style=\"text-align: justify;\"><span style=\"color: #ff6600;\"><strong>4. T\u00cdTULO Y GRADO ACAD\u00c9MICO<\/strong><\/span><\/h4><p style=\"text-align: justify;\"><strong><span style=\"color: #000080;\">El Centro Universitario de Jutiapa con el aval de La Facultad de Ciencias Jur\u00eddicas y Sociales otorgar\u00e1 los t\u00edtulos profesionales de Abogado y Notario, con el grado acad\u00e9mico de Licenciado en Ciencias Jur\u00eddicas y Sociales.<\/span><\/strong><\/p><h4 style=\"text-align: justify;\"><strong><span style=\"color: #000080;\">\u00a0<\/span><\/strong><span style=\"color: #ff6600;\"><strong>5. DURACI\u00d3N DE LOS ESTUDIOS<\/strong><\/span><\/h4><p style=\"text-align: justify;\"><strong><span style=\"color: #000080;\">El tiempo m\u00ednimo de duraci\u00f3n de la licenciatura es de cinco a\u00f1os, dividido en diez ciclos: cuatro del \u00c1rea Com\u00fan y seis del \u00c1rea Profesional. A partir del sexto semestre se asignara cursos del \u00c1rea Espec\u00edfica (pre-especialidad), que se impartir\u00e1n en forma inter semestral.<\/span><\/strong><\/p><h4><span style=\"color: #ff6600;\"><strong>6.<\/strong> <strong>El estudiante que desee ingresar a la carrera deber\u00e1 llenar el siguiente perfil:<\/strong><\/span><\/h4><p style=\"text-align: justify;\"><strong><span style=\"color: #000080;\">Para estudiar la Licenciatura en Ciencias Jur\u00eddicas y Sociales, el estudiante debe poseer las cualidades (Perfil de Ingreso) siguientes:<\/span><\/strong><\/p><ul style=\"text-align: justify;\"><li><strong><span style=\"color: #000080;\">\u00b7 Habilidad para comunicarse en forma oral y escrita.<\/span><\/strong><\/li><li><strong><span style=\"color: #000080;\">\u00b7 Capacidad para comprender conceptos jur\u00eddico -sociales. <\/span><\/strong><\/li><li><strong><span style=\"color: #000080;\">\u00b7 Capacidad para analizar y sintetizar problemas nacionales relacionados con el \u00e1mbito sociopol\u00edtico y legal. <\/span><\/strong><\/li><li><strong><span style=\"color: #000080;\">\u00b7 Vocaci\u00f3n de servicio e inter\u00e9s en la resoluci\u00f3n de problemas vinculados al sector justicia.<\/span><\/strong><\/li><\/ul><div id=\"sintesis\" class=\"et_pb_section et_pb_section_2 et_section_regular\"><div class=\"et_pb_row et_pb_row_2\"><div class=\"et_pb_column et_pb_column_4_4 et_pb_column_4  et_pb_css_mix_blend_mode_passthrough et-last-child\"><div class=\"et_pb_module et_pb_text et_pb_text_1  et_pb_text_align_left et_pb_bg_layout_light\"><div class=\"et_pb_text_inner\"><p style=\"text-align: justify;\"><span style=\"color: #000080;\"><strong>El egresado de la Carrera de Ciencias Jur\u00eddicas y Sociales, Abogado y Notario desarrollar\u00e1 un conjunto de valores y\u00a0 principios como honradez, honestidad, perseverancia y justicia social. As\u00ed como amplios conocimientos en la legislaci\u00f3n guatemalteca. En su ejercicio profesional, el egresado podr\u00e1 desarrollarse como; Abogado litigante, Notario, Consultor, Asesor, Investigador, Juez, Fiscal, Defensor P\u00fablico y Docente, entre otras.<\/strong><\/span><\/p><p style=\"text-align: justify;\"><strong style=\"font-size: 1.3em;\"><span style=\"color: #ff6600;\">7. Horario de clases:<\/span><\/strong><\/p><\/div><\/div><\/div><\/div><\/div><div id=\"horario\" class=\"et_pb_section et_pb_section_3 et_pb_with_background et_section_regular\"><div class=\"et_pb_row et_pb_row_3\"><div class=\"et_pb_column et_pb_column_4_4 et_pb_column_5  et_pb_css_mix_blend_mode_passthrough et-last-child\"><div class=\"et_pb_module et_pb_text et_pb_text_2  et_pb_text_align_left et_pb_bg_layout_light\"><div class=\"et_pb_text_inner\"><p style=\"text-align: justify;\"><span style=\"color: #000080;\"><strong>Unicamente de Lunes a viernes de 18:00 a 21:40 horas.<\/strong><\/span><\/p><\/div><\/div><\/div><\/div><\/div><div id=\"pensum\" class=\"et_pb_section et_pb_section_4 et_section_regular\"><div class=\"et_pb_row et_pb_row_4\"><div class=\"et_pb_column et_pb_column_4_4 et_pb_column_6  et_pb_css_mix_blend_mode_passthrough et-last-child\"><div class=\"et_pb_module et_pb_text et_pb_text_3  et_pb_text_align_left et_pb_bg_layout_light\"><div class=\"et_pb_text_inner\"><h4><span style=\"color: #ff6600;\"><strong>8. Pensum de Estudios:<\/strong><\/span><\/h4><p style=\"text-align: justify;\"><span style=\"color: #000080;\"><strong>El pensum de estudios de la carrera de Licenciatura en Ciencias Jur\u00eddicas y Sociales, y los t\u00edtulos Abogado y Notariado se desarrolla en forma semestral y comprende CINCUENTA (52) CURSOS ordinarios y obligatorios, en los cuales el estudiante deber\u00e1 observar estrictamente el orden de prerrequisitos, y SEIS (6) cursos de pre-especialidad.<\/strong><\/span><\/p><h4 style=\"text-align: center;\"><span style=\"color: #800080;\"><strong>\u00c1REA B\u00c1SICA<\/strong><\/span><\/h4><table width=\"568\"><tbody><tr><td style=\"text-align: center;\" width=\"88\"><span style=\"color: #ff0000;\"><strong>CICLO\u00a0<\/strong><\/span><\/td><td style=\"text-align: center;\" width=\"67\"><span style=\"color: #ff0000;\"><strong>CODIGO\u00a0<\/strong><\/span><\/td><td style=\"text-align: center;\" width=\"280\"><span style=\"color: #ff0000;\"><strong>CURSO<\/strong><\/span><\/td><td style=\"text-align: center;\" width=\"133\"><span style=\"color: #ff0000;\"><strong>PRERREQUISITO<\/strong><\/span><\/td><\/tr><tr><td rowspan=\"5\"><strong>CICLO I\u00a0<\/strong><\/td><td><strong>201<\/strong><\/td><td><strong>Teor\u00eda de la Investigaci\u00f3n<\/strong><\/td><td><strong>Ninguno<\/strong><\/td><\/tr><tr><td><strong>202<\/strong><\/td><td><strong>Econom\u00eda<\/strong><\/td><td><strong>Ninguno<\/strong><\/td><\/tr><tr><td><strong>203<\/strong><\/td><td><strong>Ciencia Pol\u00edtica<\/strong><\/td><td><strong>Ninguno<\/strong><\/td><\/tr><tr><td><strong>204<\/strong><\/td><td><strong>Comunicaci\u00f3n<\/strong><\/td><td><strong>Ninguno<\/strong><\/td><\/tr><tr><td><strong>205<\/strong><\/td><td><strong>Introducci\u00f3n al Derecho I<\/strong><\/td><td><strong>Ninguno<\/strong><\/td><\/tr><tr><td rowspan=\"5\"><strong>CICLO II<\/strong><\/td><td><strong>206<\/strong><\/td><td><strong>M\u00e9todos y T\u00e9cnicas de Investigaci\u00f3n Social<\/strong><\/td><td><strong>201<\/strong><\/td><\/tr><tr><td><strong>207<\/strong><\/td><td><strong>Historia Jur\u00eddico Social de Guatemala<\/strong><\/td><td><strong>Ninguno<\/strong><\/td><\/tr><tr><td><strong>208<\/strong><\/td><td><strong>Derecho Romano<\/strong><\/td><td><strong>201<\/strong><\/td><\/tr><tr><td><strong>209<\/strong><\/td><td><strong>Filosof\u00eda<\/strong><\/td><td><strong>Ninguno<\/strong><\/td><\/tr><tr><td><strong>210<\/strong><\/td><td><strong>Introducci\u00f3n al Derecho II<\/strong><\/td><td><strong>201<\/strong><\/td><\/tr><tr><td style=\"text-align: center;\" colspan=\"4\"><h4><span style=\"color: #800080;\"><strong>\u00c1REA PROFESIONAL<\/strong><\/span><\/h4><\/td><\/tr><tr><td rowspan=\"5\"><strong>CICLO III<\/strong><\/td><td><strong>211<\/strong><\/td><td><strong>Derecho Penal I<\/strong><\/td><td width=\"133\"><strong>201, 202, 203, 204, 205, 206, 207, 208, 209 y 210<\/strong><\/td><\/tr><tr><td><strong>212<\/strong><\/td><td><strong>Derecho Civil I<\/strong><\/td><td width=\"133\"><strong>201, 202, 203, 204, 205, 206, 207, 208, 209 y 210<\/strong><\/td><\/tr><tr><td><strong>213<\/strong><\/td><td><strong>Teor\u00eda del Estado<\/strong><\/td><td width=\"133\"><strong>201, 202, 203, 204, 205, 206, 207, 208, 209 y 210<\/strong><\/td><\/tr><tr><td><strong>214<\/strong><\/td><td><strong>Teor\u00eda del Proceso<\/strong><\/td><td width=\"133\"><strong>201, 202, 203, 204, 205, 206, 207, 208, 209 y 210<\/strong><\/td><\/tr><tr><td><strong>215<\/strong><\/td><td><strong>Derecho Constitucional<\/strong><\/td><td width=\"133\"><strong>201, 202, 203, 204, 205, 206, 207, 208, 209 y 210<\/strong><\/td><\/tr><tr><td rowspan=\"5\"><strong>CICLO IV<\/strong><\/td><td><strong>216<\/strong><\/td><td><strong>Derecho Penal II<\/strong><\/td><td><strong>211<\/strong><\/td><\/tr><tr><td><strong>217<\/strong><\/td><td><strong>Derecho Civil II<\/strong><\/td><td><strong>213<\/strong><\/td><\/tr><tr><td><strong>218<\/strong><\/td><td><strong>Derechos Humanos en Guatemala<\/strong><\/td><td><strong>215<\/strong><\/td><\/tr><tr><td><strong>219<\/strong><\/td><td><strong>Sociolog\u00eda<\/strong><\/td><td><strong>Ninguno<\/strong><\/td><\/tr><tr><td><strong>220<\/strong><\/td><td><strong>Derecho Procesal Constitucional<\/strong><\/td><td><strong>214 y 215<\/strong><\/td><\/tr><tr><td rowspan=\"5\"><strong>CICLO V<\/strong><\/td><td><strong>221<\/strong><\/td><td><strong>Derecho Penal III<\/strong><\/td><td><strong>216<\/strong><\/td><\/tr><tr><td><strong>222<\/strong><\/td><td><strong>Derecho Civil III<\/strong><\/td><td><strong>217<\/strong><\/td><\/tr><tr><td><strong>223<\/strong><\/td><td><strong>Derecho de los Pueblos Ind\u00edgenas<\/strong><\/td><td><strong>219<\/strong><\/td><\/tr><tr><td><strong>224<\/strong><\/td><td><strong>Derecho Laboral I<\/strong><\/td><td><strong>218<\/strong><\/td><\/tr><tr><td><strong>225<\/strong><\/td><td><strong>L\u00f3gica Jur\u00eddica<\/strong><\/td><td><strong>Ninguno<\/strong><\/td><\/tr><tr><td rowspan=\"5\"><strong>CICLO VI<\/strong><\/td><td><strong>226<\/strong><\/td><td><strong>Derecho Procesal Penal I<\/strong><\/td><td><strong>221<\/strong><\/td><\/tr><tr><td><strong>227<\/strong><\/td><td><strong>Derecho Civil IV<\/strong><\/td><td><strong>222 y 214<\/strong><\/td><\/tr><tr><td><strong>228<\/strong><\/td><td><strong>Derecho Agrario y Ambiental<\/strong><\/td><td><strong>218 y 219<\/strong><\/td><\/tr><tr><td><strong>229<\/strong><\/td><td><strong>Derecho Laboral II<\/strong><\/td><td><strong>224<\/strong><\/td><\/tr><tr><td><strong>230<\/strong><\/td><td><strong>Derecho Administrativo I<\/strong><\/td><td><strong>215<\/strong><\/td><\/tr><tr><td rowspan=\"5\"><strong>CICLO VII<\/strong><\/td><td><strong>231<\/strong><\/td><td><strong>Derecho Procesal Penal II<\/strong><\/td><td><strong>226<\/strong><\/td><\/tr><tr><td><strong>232<\/strong><\/td><td><strong>Derecho Procesal Civil I<\/strong><\/td><td><strong>214 y 227<\/strong><\/td><\/tr><tr><td><strong>233<\/strong><\/td><td><strong>Derecho Notarial I<\/strong><\/td><td><strong>227<\/strong><\/td><\/tr><tr><td><strong>234<\/strong><\/td><td><strong>Derecho Procesal del Trabajo I<\/strong><\/td><td><strong>229<\/strong><\/td><\/tr><tr><td><strong>235<\/strong><\/td><td><strong>Derecho Administrativo II<\/strong><\/td><td><strong>230 y 213<\/strong><\/td><\/tr><tr><td rowspan=\"5\"><strong>CICLO VIII<\/strong><\/td><td><strong>236<\/strong><\/td><td><strong>Derecho Mercantil I<\/strong><\/td><td><strong>227<\/strong><\/td><\/tr><tr><td><strong>237<\/strong><\/td><td><strong>Derecho Procesal Civil II<\/strong><\/td><td><strong>232<\/strong><\/td><\/tr><tr><td><strong>238<\/strong><\/td><td><strong>Derecho Notarial II<\/strong><\/td><td><strong>233<\/strong><\/td><\/tr><tr><td><strong>239<\/strong><\/td><td><strong>Derecho Procesal del Trabajo II<\/strong><\/td><td><strong>234<\/strong><\/td><\/tr><tr><td><strong>240<\/strong><\/td><td><strong>Derecho Procesal Administrativo<\/strong><\/td><td><strong>235<\/strong><\/td><\/tr><tr><td rowspan=\"5\"><strong>CICLO IX<\/strong><\/td><td><strong>241<\/strong><\/td><td><strong>Derecho Mercantil II<\/strong><\/td><td><strong>236<\/strong><\/td><\/tr><tr><td><strong>242<\/strong><\/td><td><strong>Derecho Notarial III<\/strong><\/td><td><strong>238<\/strong><\/td><\/tr><tr><td><strong>243<\/strong><\/td><td><strong>Derecho Financiero<\/strong><\/td><td><strong>240<\/strong><\/td><\/tr><tr><td><strong>244<\/strong><\/td><td><strong>Derecho Internacional P\u00fablico I<\/strong><\/td><td><strong>Ninguno<\/strong><\/td><\/tr><tr><td><strong>245<\/strong><\/td><td><strong>Filosof\u00eda del Derecho<\/strong><\/td><td><strong>Ninguno<\/strong><\/td><\/tr><tr><td rowspan=\"5\"><strong>CICLO X<\/strong><\/td><td><strong>246<\/strong><\/td><td><strong>Derecho Mercatil III<\/strong><\/td><td><strong>241<\/strong><\/td><\/tr><tr><td><strong>247<\/strong><\/td><td><strong>Derecho Notarial IV<\/strong><\/td><td><strong>242<\/strong><\/td><\/tr><tr><td><strong>248<\/strong><\/td><td><strong>Derecho Tributario<\/strong><\/td><td><strong>243<\/strong><\/td><\/tr><tr><td><strong>249<\/strong><\/td><td><strong>Derecho Internacional P\u00fablico II<\/strong><\/td><td><strong>244<\/strong><\/td><\/tr><tr><td><strong>250<\/strong><\/td><td><strong>Derecho Internacional Privado<\/strong><\/td><td><strong>236 y 244<\/strong><\/td><\/tr><tr><td style=\"text-align: center;\" colspan=\"4\"><h4><span style=\"color: #800080;\"><strong>\u00c1REA ESPEC\u00cdFICA<\/strong><\/span><\/h4><p><span style=\"color: #0000ff;\"><strong>El estudiante podr\u00e1 cursar las asignaturas del \u00e1rea espec\u00edfica al finalizar el sexto semestre e, con el solo requisito de haber efectuado su asignaci\u00f3n en el sexto semestre.\u00a0<\/strong><\/span><\/p><\/td><\/tr><tr><td style=\"text-align: center;\" colspan=\"2\"><span style=\"color: #ff0000;\"><strong>CODIGO\u00a0<\/strong><\/span><\/td><td style=\"text-align: center;\" colspan=\"2\"><span style=\"color: #ff0000;\"><strong>\u00c1REA CIVIL \u2013 MERCANTIL<\/strong><\/span><\/td><\/tr><tr><td style=\"text-align: left;\" colspan=\"2\" width=\"155\"><strong>251<\/strong><\/td><td style=\"text-align: left;\" colspan=\"2\"><strong>Oratoria Forense<\/strong><\/td><\/tr><tr><td colspan=\"2\"><strong>252<\/strong><\/td><td colspan=\"2\"><strong>Inform\u00e1tica Jur\u00eddica<\/strong><\/td><\/tr><tr><td colspan=\"2\"><strong>260<\/strong><\/td><td colspan=\"2\"><strong>Derecho Registral<\/strong><\/td><\/tr><tr><td colspan=\"2\"><strong>261<\/strong><\/td><td colspan=\"2\"><strong>M\u00e9todos Alternativos de Soluci\u00f3n de Conflictos<\/strong><\/td><\/tr><tr><td colspan=\"2\"><strong>262<\/strong><\/td><td colspan=\"2\"><strong>Ejecuciones Especiales y Colectiva y Casaci\u00f3n<\/strong><\/td><\/tr><tr><td colspan=\"2\"><strong>263<\/strong><\/td><td colspan=\"2\"><strong>Seminario: Propiedad Intelectual<\/strong><\/td><\/tr><tr><td style=\"text-align: center;\" colspan=\"2\"><span style=\"color: #ff0000;\"><strong>CODIGO\u00a0<\/strong><\/span><\/td><td style=\"text-align: center;\" colspan=\"2\"><span style=\"color: #ff0000;\"><strong>\u00c1REA PENAL<\/strong><\/span><\/td><\/tr><tr><td colspan=\"2\" width=\"155\"><strong>251<\/strong><\/td><td colspan=\"2\"><strong>Oratoria Forense<\/strong><\/td><\/tr><tr><td colspan=\"2\"><strong>252<\/strong><\/td><td colspan=\"2\"><strong>Inform\u00e1tica Jur\u00eddica<\/strong><\/td><\/tr><tr><td colspan=\"2\"><strong>270<\/strong><\/td><td colspan=\"2\"><strong>Medicina Forense<\/strong><\/td><\/tr><tr><td colspan=\"2\"><strong>271<\/strong><\/td><td colspan=\"2\"><strong>Criminolog\u00eda y Pol\u00edtica Criminal<\/strong><\/td><\/tr><tr><td colspan=\"2\"><strong>272<\/strong><\/td><td colspan=\"2\"><strong>Derecho Probatorio<\/strong><\/td><\/tr><tr><td colspan=\"2\"><strong>273<\/strong><\/td><td colspan=\"2\"><strong>Seminario: Leyes Penales Especiales<\/strong><\/td><\/tr><tr><td style=\"text-align: center;\" colspan=\"2\"><span style=\"color: #ff0000;\"><strong>CODIGO\u00a0<\/strong><\/span><\/td><td style=\"text-align: center;\" colspan=\"2\" width=\"413\"><span style=\"color: #ff0000;\"><strong>\u00c1REA DE DERECHO CONSTITUCIONAL Y DERECHOS HUMANOS<\/strong><\/span><\/td><\/tr><tr><td colspan=\"2\" width=\"155\"><strong>251<\/strong><\/td><td colspan=\"2\"><strong>Oratoria Forense<\/strong><\/td><\/tr><tr><td colspan=\"2\"><strong>252<\/strong><\/td><td colspan=\"2\"><strong>Inform\u00e1tica Jur\u00eddica<\/strong><\/td><\/tr><tr><td colspan=\"2\"><strong>280<\/strong><\/td><td colspan=\"2\"><strong>Constitucionalismo Econ\u00f3mico y Social<\/strong><\/td><\/tr><tr><td colspan=\"2\"><strong>281<\/strong><\/td><td colspan=\"2\"><strong>Derecho Internacional de los Derechos Humanos<\/strong><\/td><\/tr><tr><td colspan=\"2\"><strong>282<\/strong><\/td><td colspan=\"2\"><strong>Teor\u00eda del Conflicto y Cultura de Paz<\/strong><\/td><\/tr><tr><td colspan=\"2\"><strong>283<\/strong><\/td><td colspan=\"2\"><strong>Seminario: Los Nuevos Derechos y Desf\u00edos<\/strong><\/td><\/tr><tr><td style=\"text-align: center;\" colspan=\"2\"><span style=\"color: #ff0000;\"><strong>CODIGO\u00a0<\/strong><\/span><\/td><td style=\"text-align: center;\" colspan=\"2\"><span style=\"color: #ff0000;\"><strong>\u00c1REA DERECHO DEL TRABAJO<\/strong><\/span><\/td><\/tr><tr><td colspan=\"2\" width=\"155\"><strong>251<\/strong><\/td><td colspan=\"2\"><strong>Oratoria Forense<\/strong><\/td><\/tr><tr><td colspan=\"2\"><strong>252<\/strong><\/td><td colspan=\"2\"><strong>Inform\u00e1tica Jur\u00eddica<\/strong><\/td><\/tr><tr><td colspan=\"2\"><strong>290<\/strong><\/td><td colspan=\"2\"><strong>Flexibilidad en las Leyes de Trabajo<\/strong><\/td><\/tr><tr><td colspan=\"2\"><strong>291<\/strong><\/td><td colspan=\"2\"><strong>La Previsi\u00f3n Social<\/strong><\/td><\/tr><tr><td colspan=\"2\"><strong>292<\/strong><\/td><td colspan=\"2\"><strong>Derecho Internacional del Trabajo<\/strong><\/td><\/tr><tr><td style=\"text-align: left;\" colspan=\"2\"><strong>293<\/strong><\/td><td style=\"text-align: left;\" colspan=\"2\"><strong>Seminario: La Seguridad Social y el Derecho del Trabajo<\/strong><\/td><\/tr><\/tbody><\/table><\/div><\/div><\/div><\/div><\/div><div class=\"dc\">\u00a0<\/div>\t\t\t\t\t\t<\/div>\n\t\t\t\t<\/div>\n\t\t\t\t\t<\/div>\n\t\t<\/div>\n\t\t\t\t\t\t\t<\/div>\n\t\t<\/section>\n\t\t\t\t\t\t\t<\/div>\n\t\t","protected":false},"excerpt":{"rendered":"<p>INFORMACI\u00d3N GENERAL SOBRE LA CARRERA DE LICENCIATURA EN CIENCIAS JUR\u00cdDICAS Y SOCIALES, ABOGADO Y NOTARIO 1. PRESENTACI\u00d3N Esta es la Gu\u00eda Informativa de la Licenciatura en Ciencias Jur\u00eddicas y Sociales, Abogac\u00eda y Notariado, una de las carreras que ofrece el Centro Universitario de Jutiapa. 2. NATURALEZA DE LA LICENCIATURA La Carrera de Abogac\u00eda y Notariado, [&hellip;]<\/p>\n","protected":false},"author":1,"featured_media":0,"parent":36,"menu_order":2,"comment_status":"open","ping_status":"open","template":"","meta":{"site-sidebar-layout":"default","site-content-layout":"default","ast-site-content-layout":"","site-content-style":"default","site-sidebar-style":"default","ast-global-header-display":"","ast-banner-title-visibility":"","ast-main-header-display":"","ast-hfb-above-header-display":"","ast-hfb-below-header-display":"","ast-hfb-mobile-header-display":"","site-post-title":"disabled","ast-breadcrumbs-content":"","ast-featured-img":"","footer-sml-layout":"","theme-transparent-header-meta":"default","adv-header-id-meta":"","stick-header-meta":"","header-above-stick-meta":"","header-main-stick-meta":"","header-below-stick-meta":"","astra-migrate-meta-layouts":"default","ast-page-background-enabled":"default","ast-page-background-meta":{"desktop":{"background-color":"","background-image":"","background-repeat":"repeat","background-position":"center center","background-size":"auto","background-attachment":"scroll","background-type":"","background-media":"","overlay-type":"","overlay-color":"","overlay-gradient":""},"tablet":{"background-color":"","background-image":"","background-repeat":"repeat","background-position":"center center","background-size":"auto","background-attachment":"scroll","background-type":"","background-media":"","overlay-type":"","overlay-color":"","overlay-gradient":""},"mobile":{"background-color":"","background-image":"","background-repeat":"repeat","background-position":"center center","background-size":"auto","background-attachment":"scroll","background-type":"","background-media":"","overlay-type":"","overlay-color":"","overlay-gradient":""}},"ast-content-background-meta":{"desktop":{"background-color":"var(--ast-global-color-5)","background-image":"","background-repeat":"repeat","background-position":"center center","background-size":"auto","background-attachment":"scroll","background-type":"","background-media":"","overlay-type":"","overlay-color":"","overlay-gradient":""},"tablet":{"background-color":"var(--ast-global-color-5)","background-image":"","background-repeat":"repeat","background-position":"center center","background-size":"auto","background-attachment":"scroll","background-type":"","background-media":"","overlay-type":"","overlay-color":"","overlay-gradient":""},"mobile":{"background-color":"var(--ast-global-color-5)","background-image":"","background-repeat":"repeat","background-position":"center center","background-size":"auto","background-attachment":"scroll","background-type":"","background-media":"","overlay-type":"","overlay-color":"","overlay-gradient":""}},"_joinchat":[],"footnotes":""},"_links":{"self":[{"href":"https:\/\/jusac.usac.edu.gt\/index.php?rest_route=\/wp\/v2\/pages\/42"}],"collection":[{"href":"https:\/\/jusac.usac.edu.gt\/index.php?rest_route=\/wp\/v2\/pages"}],"about":[{"href":"https:\/\/jusac.usac.edu.gt\/index.php?rest_route=\/wp\/v2\/types\/page"}],"author":[{"embeddable":true,"href":"https:\/\/jusac.usac.edu.gt\/index.php?rest_route=\/wp\/v2\/users\/1"}],"replies":[{"embeddable":true,"href":"https:\/\/jusac.usac.edu.gt\/index.php?rest_route=%2Fwp%2Fv2%2Fcomments&post=42"}],"version-history":[{"count":0,"href":"https:\/\/jusac.usac.edu.gt\/index.php?rest_route=\/wp\/v2\/pages\/42\/revisions"}],"up":[{"embeddable":true,"href":"https:\/\/jusac.usac.edu.gt\/index.php?rest_route=\/wp\/v2\/pages\/36"}],"wp:attachment":[{"href":"https:\/\/jusac.usac.edu.gt\/index.php?rest_route=%2Fwp%2Fv2%2Fmedia&parent=42"}],"curies":[{"name":"wp","href":"https:\/\/api.w.org\/{rel}","templated":true}]}}