{"id":44,"date":"2011-05-02T20:07:04","date_gmt":"2011-05-02T20:07:04","guid":{"rendered":"http:\/\/jusac.net\/?page_id=44"},"modified":"2023-01-22T18:32:33","modified_gmt":"2023-01-23T00:32:33","slug":"profesorado","status":"publish","type":"page","link":"https:\/\/jusac.usac.edu.gt\/?page_id=44","title":{"rendered":"\u2013 \u2013 Profesorado de Ense\u00f1anza Media en Pedagog\u00eda y Administraci\u00f3n Educativa"},"content":{"rendered":"<h1 style=\"text-align: center;\"><span style=\"color: #ff6600;\"><strong>5INFORMACI\u00d3N GENERAL<\/strong><\/span><\/h1>\n<h1 style=\"text-align: center;\"><span style=\"color: #ff6600;\"><strong>SOBRE LA CARRERA<\/strong><\/span><\/h1>\n<p style=\"text-align: justify;\"><span style=\"color: #ff6600;\"><strong>1. PRESENTACI\u00d3N <\/strong><\/span><\/p>\n<p style=\"text-align: justify;\"><span style=\"color: #000080;\"><strong>Esta es la Gu\u00eda Informativa del Profesorado de Ense\u00f1anza Media en Pedagog\u00eda y\u00a0 Administraci\u00f3n Educativa, una de las carreras que ofrece el Centro Universitario de Jutiapa.<\/strong><\/span><\/p>\n<p style=\"text-align: justify;\"><span style=\"color: #ff6600;\"><strong>2. NATURALEZA DE LA CARRERA <\/strong><\/span><\/p>\n<p style=\"text-align: justify;\"><span style=\"color: #000080;\"><strong>La Carrera de Profesorado de Ense\u00f1anza Media en Pedagog\u00eda y\u00a0\u00a0 Administraci\u00f3n Educativa,\u00a0 constituye el estudio cient\u00edfico de los conceptos, principios y leyes de la administraci\u00f3n educativa. Trata de la identificaci\u00f3n de las diferentes leyes que inciden en la educaci\u00f3n y administraci\u00f3n, as\u00ed como sus obligaciones laborales y sus derechos administrativos.<\/strong><\/span><\/p>\n<p style=\"text-align: justify;\"><span style=\"color: #ff6600;\"><strong>3. OBJETIVO <\/strong><\/span><\/p>\n<p style=\"text-align: justify;\"><span style=\"color: #000080;\"><strong>Formar profesionales de profesorado en ense\u00f1anza media y administraci\u00f3n educativa, con capacidad cient\u00edfica y t\u00e9cnica para coadyuvar a la formulaci\u00f3n, ejecuci\u00f3n, administraci\u00f3n y gesti\u00f3n de proyectos integrales que mejoren el desarrollo cultural y social de la poblaci\u00f3n de la regi\u00f3n de Jutiapa.<\/strong><\/span><\/p>\n<p style=\"text-align: justify;\"><span style=\"color: #ff6600;\"><strong>4. DURACI\u00d3N DE\u00a0 LOS ESTUDIOS <\/strong><\/span><\/p>\n<p style=\"text-align: justify;\"><span style=\"color: #000080;\"><strong>El tiempo m\u00ednimo de duraci\u00f3n de la carrera es de tres a\u00f1os y medio, dividido en siete ciclos: dos del \u00c1rea b\u00e1sica, dos del \u00c1rea Pedag\u00f3gica y tres del \u00c1rea Profesional.<\/strong><\/span><\/p>\n<p style=\"text-align: justify;\"><span style=\"color: #ff6600;\"><strong>5. CUALIDADES DEL ESTUDIANTE <\/strong><\/span><\/p>\n<p style=\"text-align: justify;\"><span style=\"color: #000080;\"><strong>Para estudiar la Carrera de Profesorado de Ense\u00f1anza Media en Pedagog\u00eda y Administraci\u00f3n Educativa, el estudiante debe poseer las cualidades (perfil de ingreso) siguientes:<\/strong><\/span><\/p>\n<ul style=\"text-align: justify;\">\n<li><span style=\"color: #000080;\"><strong>Habilidad y destreza en su expresi\u00f3n oral y escrita.<\/strong><\/span><\/li>\n<li><span style=\"color: #000080;\"><strong>Capacidad para analizar y sintetizar problemas nacionales relacionados con el \u00e1mbito administrativo y pedag\u00f3gico.<\/strong><\/span><\/li>\n<li><span style=\"color: #000080;\"><strong>Vocaci\u00f3n de servicio e inter\u00e9s en la resoluci\u00f3n de problemas vinculados al sector educativo regional y nacional.<\/strong><\/span><\/li>\n<li><span style=\"color: #000080;\"><strong>El Profesional egresado del Centro Universitario de Jutiapa en la\u00a0 carrera de Ense\u00f1anza Media en Pedagog\u00eda y Administraci\u00f3n Educativa, debe poseer las siguientes capacidades m\u00ednimas:<\/strong><\/span><\/li>\n<\/ul>\n<p style=\"text-align: justify;\"><span style=\"color: #ff6600;\"><strong>6. CUALIDADES DEL PROFESIONAL EGRESADO <\/strong><\/span><\/p>\n<ul>\n<li style=\"text-align: justify;\"><span style=\"color: #000080;\"><strong>Conocer los conceptos, principios y leyes de la administraci\u00f3n en general y educativa, haciendo diferencia de especies y relaciones de la administraci\u00f3n, enfatizando en las escuelas la tendencia cient\u00edfica.<\/strong><\/span><\/li>\n<li style=\"text-align: justify;\"><span style=\"color: #000080;\"><strong>Conocer las razones, elementos, fines y problemas de la empresa y el empresario, as\u00ed como las fases de la planeaci\u00f3n, organizaci\u00f3n, integraci\u00f3n, direcci\u00f3n y control.<\/strong><\/span><\/li>\n<li style=\"text-align: justify;\"><span style=\"color: #000080;\"><strong>Identificar el bosquejo hist\u00f3rico de la administraci\u00f3n.<\/strong><\/span><\/li>\n<li style=\"text-align: justify;\"><span style=\"color: #000080;\"><strong>Identificar las diferentes leyes que inciden en la educaci\u00f3n y administraci\u00f3n, as\u00ed como sus obligaciones laborales y sus derechos administrativos.<\/strong><\/span><\/li>\n<\/ul>\n<div class=\"dc\"><\/div>\n","protected":false},"excerpt":{"rendered":"<p>5INFORMACI\u00d3N GENERAL SOBRE LA CARRERA 1. PRESENTACI\u00d3N Esta es la Gu\u00eda Informativa del Profesorado de Ense\u00f1anza Media en Pedagog\u00eda y\u00a0 Administraci\u00f3n Educativa, una de las carreras que ofrece el Centro Universitario de Jutiapa. 2. NATURALEZA DE LA CARRERA La Carrera de Profesorado de Ense\u00f1anza Media en Pedagog\u00eda y\u00a0\u00a0 Administraci\u00f3n Educativa,\u00a0 constituye el estudio cient\u00edfico de [&hellip;]<\/p>\n","protected":false},"author":1,"featured_media":0,"parent":36,"menu_order":5,"comment_status":"open","ping_status":"open","template":"","meta":{"site-sidebar-layout":"default","site-content-layout":"default","ast-site-content-layout":"","site-content-style":"default","site-sidebar-style":"default","ast-global-header-display":"","ast-banner-title-visibility":"","ast-main-header-display":"","ast-hfb-above-header-display":"","ast-hfb-below-header-display":"","ast-hfb-mobile-header-display":"","site-post-title":"disabled","ast-breadcrumbs-content":"","ast-featured-img":"","footer-sml-layout":"","theme-transparent-header-meta":"default","adv-header-id-meta":"","stick-header-meta":"","header-above-stick-meta":"","header-main-stick-meta":"","header-below-stick-meta":"","astra-migrate-meta-layouts":"default","ast-page-background-enabled":"default","ast-page-background-meta":{"desktop":{"background-color":"","background-image":"","background-repeat":"repeat","background-position":"center center","background-size":"auto","background-attachment":"scroll","background-type":"","background-media":"","overlay-type":"","overlay-color":"","overlay-gradient":""},"tablet":{"background-color":"","background-image":"","background-repeat":"repeat","background-position":"center center","background-size":"auto","background-attachment":"scroll","background-type":"","background-media":"","overlay-type":"","overlay-color":"","overlay-gradient":""},"mobile":{"background-color":"","background-image":"","background-repeat":"repeat","background-position":"center center","background-size":"auto","background-attachment":"scroll","background-type":"","background-media":"","overlay-type":"","overlay-color":"","overlay-gradient":""}},"ast-content-background-meta":{"desktop":{"background-color":"var(--ast-global-color-5)","background-image":"","background-repeat":"repeat","background-position":"center center","background-size":"auto","background-attachment":"scroll","background-type":"","background-media":"","overlay-type":"","overlay-color":"","overlay-gradient":""},"tablet":{"background-color":"var(--ast-global-color-5)","background-image":"","background-repeat":"repeat","background-position":"center center","background-size":"auto","background-attachment":"scroll","background-type":"","background-media":"","overlay-type":"","overlay-color":"","overlay-gradient":""},"mobile":{"background-color":"var(--ast-global-color-5)","background-image":"","background-repeat":"repeat","background-position":"center center","background-size":"auto","background-attachment":"scroll","background-type":"","background-media":"","overlay-type":"","overlay-color":"","overlay-gradient":""}},"_joinchat":[],"footnotes":""},"_links":{"self":[{"href":"https:\/\/jusac.usac.edu.gt\/index.php?rest_route=\/wp\/v2\/pages\/44"}],"collection":[{"href":"https:\/\/jusac.usac.edu.gt\/index.php?rest_route=\/wp\/v2\/pages"}],"about":[{"href":"https:\/\/jusac.usac.edu.gt\/index.php?rest_route=\/wp\/v2\/types\/page"}],"author":[{"embeddable":true,"href":"https:\/\/jusac.usac.edu.gt\/index.php?rest_route=\/wp\/v2\/users\/1"}],"replies":[{"embeddable":true,"href":"https:\/\/jusac.usac.edu.gt\/index.php?rest_route=%2Fwp%2Fv2%2Fcomments&post=44"}],"version-history":[{"count":0,"href":"https:\/\/jusac.usac.edu.gt\/index.php?rest_route=\/wp\/v2\/pages\/44\/revisions"}],"up":[{"embeddable":true,"href":"https:\/\/jusac.usac.edu.gt\/index.php?rest_route=\/wp\/v2\/pages\/36"}],"wp:attachment":[{"href":"https:\/\/jusac.usac.edu.gt\/index.php?rest_route=%2Fwp%2Fv2%2Fmedia&parent=44"}],"curies":[{"name":"wp","href":"https:\/\/api.w.org\/{rel}","templated":true}]}}