{"id":6761,"date":"2020-06-22T09:17:09","date_gmt":"2020-06-22T15:17:09","guid":{"rendered":"http:\/\/jusac.usac.edu.gt\/?page_id=6761"},"modified":"2023-08-29T11:20:19","modified_gmt":"2023-08-29T17:20:19","slug":"elementor-6761","status":"publish","type":"page","link":"https:\/\/jusac.usac.edu.gt\/?page_id=6761","title":{"rendered":"Gu\u00edas de Estudio Para La(s) Prueba(s) Espec\u00edfica(s) de Nuestras Carreras Disponibles"},"content":{"rendered":"\t\t<div data-elementor-type=\"wp-page\" data-elementor-id=\"6761\" class=\"elementor elementor-6761\">\n\t\t\t\t\t\t\t\t\t<section class=\"elementor-section elementor-top-section elementor-element elementor-element-2e5c71b7 elementor-section-boxed elementor-section-height-default elementor-section-height-default\" data-id=\"2e5c71b7\" data-element_type=\"section\">\n\t\t\t\t\t\t<div class=\"elementor-container elementor-column-gap-default\">\n\t\t\t\t\t<div class=\"elementor-column elementor-col-100 elementor-top-column elementor-element elementor-element-59a70a25\" data-id=\"59a70a25\" data-element_type=\"column\">\n\t\t\t<div class=\"elementor-widget-wrap elementor-element-populated\">\n\t\t\t\t\t\t\t\t<div class=\"elementor-element elementor-element-16754db8 elementor-widget elementor-widget-text-editor\" data-id=\"16754db8\" data-element_type=\"widget\" data-widget_type=\"text-editor.default\">\n\t\t\t\t<div class=\"elementor-widget-container\">\n\t\t\t\t\t\t\t<h3 style=\"text-align: justify;\"><span style=\"color: #800080;\"><strong>DESCARGAR LA(S) GU\u00cdA(S) CON LOS TEMAS DE ESTUDIO\u00a0 PARA LA(S) PRUEBA(S) ESPEC\u00cdFICA(S) DE NUESTRAS CARRERAS DISPONIBLES:<\/strong><\/span><\/h3><p style=\"text-align: justify;\"><span style=\"color: #000000;\">Si esta interesado en estudiar e iniciar con anticipaci\u00f3n la preparaci\u00f3n para la aplicaci\u00f3n de esta prueba especifica, entonces debe dar un CLIC SOBRE EL NOMBRE DE LA CARRERA PARA VISUALIZAR, DESCARGAR E IMPRIMIR GRATUITAMENTE Y EN FORMATO DIGITAL .PDF LA GUIA DE ESTUDIOS PARA LA PRUEBA ESPECIFICA:\u00a0<\/span><\/p><h4 style=\"text-align: center;\"><span style=\"color: #000000;\"><strong>(Necesita Acrobat Reader \u00f3 Foxit Reader para su Lectura de lo contrario solo se mostrara una pagina en blanco)<\/strong><\/span><\/h4><h5 style=\"text-align: justify;\"><a href=\"https:\/\/jusac.usac.edu.gt\/wp-content\/uploads\/2011\/05\/GUIA-DE-ESTUDIO-PRUEBA-ESPECIFICA-ADMINISTRACION.pdf\" target=\"_blank\" rel=\"noopener\"><strong><span style=\"color: #000000;\">1. <\/span><\/strong><\/a><a href=\"https:\/\/jusac.usac.edu.gt\/wp-content\/uploads\/2022\/07\/GUIA-DE-ESTUDIO-PRUEBA-ESPECIFICA-ADMINISTRACION-JUSAC-JUTIAPA.pdf\" target=\"_blank\" rel=\"noopener\"><strong><span style=\"color: #993366;\">Gu\u00eda de estudios con los temas a estudiar para la Carrera de Licenciatura en Administraci\u00f3n Empresas.<\/span><\/strong><\/a><\/h5><h5 style=\"text-align: justify;\"><a href=\"https:\/\/jusac.usac.edu.gt\/wp-content\/uploads\/2022\/07\/GUIA-DE-ESTUDIO-PRUEBA-ESPECIFICA-DERECHO-JUSAC-JUTIAPA.pdf\" target=\"_blank\" rel=\"noopener\"><strong><span style=\"color: #000000;\">2. <\/span><span style=\"color: #000080;\">Gu\u00eda de estudios con los temas a estudiar para la Carrera de Licenciatura en Ciencias Jur\u00eddicas y Sociales, Abogado y Notario.<\/span><\/strong><\/a><\/h5><h5 style=\"text-align: justify;\"><strong><span style=\"color: #000000;\">3.<\/span><a href=\"https:\/\/jusac.usac.edu.gt\/wp-content\/uploads\/2023\/08\/GUIA-DE-ESTUDIO-PRUEBA-ESPECIFICA-AUDITORIA-JUSAC-JUTIAPA.pdf\" target=\"_blank\" rel=\"noopener\"><span style=\"color: #ff6600;\"> Gu\u00eda de estudios con los temas a estudiar para la Carrera de Licenciatura en Contadur\u00eda P\u00fablica y Auditoria. \u00a0<\/span><\/a><\/strong><\/h5><h5 style=\"text-align: justify;\"><strong><span style=\"color: #000000;\">4. <\/span><a href=\"https:\/\/jusac.usac.edu.gt\/wp-content\/uploads\/2023\/08\/GUIA-DE-ESTUDIO-PRUEBA-ESPECIFICA-PROFESORADO-JUSAC-JUTIAPA.pdf\" target=\"_blank\" rel=\"noopener\"><span style=\"color: #ff0000;\">Gu\u00eda de estudios con los temas a estudiar para la Carrera de Profesorado de Ense\u00f1anza Media, Pedagog\u00eda y Administraci\u00f3n Educativa.<\/span><\/a><\/strong><\/h5><h5 style=\"text-align: justify;\"><span style=\"color: #808080;\"><strong><span style=\"color: #000000;\">5. <\/span><a href=\"https:\/\/jusac.usac.edu.gt\/wp-content\/uploads\/2022\/07\/GUIA-DE-ESTUDIO-PRUEBA-ESPECIFICA-INGENIERO-AGRONOMO-JUSAC-JUTIAPA.pdf\" target=\"_blank\" rel=\"noopener\"><span style=\"color: #008000;\">Gu\u00eda de estudios con los temas a estudiar para la Carrera de Ingeniero Agr\u00f3nomo en Sistemas de Producci\u00f3n Agr\u00edcola.<\/span><\/a><\/strong><\/span><\/h5><h4 style=\"text-align: center;\"><strong>______________________________________________________________________________________________________________________________________________________________________________________________________<\/strong><\/h4><h3 style=\"text-align: justify;\"><span style=\"color: #800080;\"><strong style=\"text-align: justify;\">OBSERVACIONES IMPORTANTES EN CUANTO A LAS GUIAS DE ESTUDIO DE LAS 05 CARRERAS DEL CENTRO UNIVERSITARIO DE JUTIAPA:<\/strong><\/span><\/h3><p style=\"text-align: justify;\"><strong><span style=\"color: #000000;\">LAS GU\u00cdAS DE ESTUDIO Y CADA UNO DE LOS PASOS PUBLICADOS EN ESTE PAGINA WEB, SON \u00daNICA Y EXCLUSIVAMENTE PARA AQUELLOS ESTUDIANTES INTERESADOS EN INSCRIBIRSE E INGRESAR A ESTE CENTRO UNIVERSITARIO DE JUTIAPA -JUSAC-<\/span><\/strong><\/p><p style=\"text-align: justify;\"><strong><span style=\"color: #000000;\">INTERESADOS EN INGRESAR A OTRO CENTRO UNIVERSITARIO EN OTRO DEPARTAMENTO DE LA REPUBLICA, ESCUELA NO FACULTATIVA O CAMPUS CENTRAL DE LA CIUDAD CAPITAL, ABSTENERSE EN APLICAR ESTOS PASOS Y ESTUDIAR ESTAS GUIAS DE ESTUDIO.<\/span><\/strong><\/p><p style=\"text-align: justify;\"><strong><span style=\"color: #000000;\">SI ESTE ES SU CASO, DEBE CONSULTAR LAS REDES SOCIALES, ABOCARSE O COMUNICARSE V\u00cdA TEL\u00c9FONO CON DICHO LUGAR PARA CONSULTAR SOBRE LAS FECHAS Y HORARIOS DE ASIGNACION Y APLICACION ASI COMO TAMBI\u00c9N DONDE Y COMO OBTENER LAS GU\u00cdAS DE ESTUDIOS.<\/span><\/strong><\/p><h5 style=\"text-align: center;\"><strong style=\"font-size: 1.3em;\"><span style=\"color: #000000;\">_____________________<\/span>___________________________________________________________________________________________________________________________________________________________________________<\/strong><\/h5><div><h4 style=\"text-align: center;\"><strong style=\"font-size: 1.5em;\"><span style=\"color: #003300;\" data-darkreader-inline-color=\"\"><span style=\"color: #008000;\">\u00bfDUDAS O TIENES ALGUN PROBLEMA?\u00a0<\/span><\/span><\/strong><\/h4><\/div><div><div dir=\"auto\" style=\"text-align: justify;\"><div style=\"text-align: center;\"><span style=\"color: #008000;\"><b>env\u00edanos<\/b><\/span><span style=\"color: #003300;\" data-darkreader-inline-color=\"\"><span style=\"color: #008000;\"><b> un mensaje en el icono verde y redondo de whatsapp ubicado en la parte inferior\u00a0derecha o escr\u00edbenos al CORREO ELECTRONICO DE CONTROL ACADEMICO:<\/b><\/span> <span style=\"color: #0000ff;\">controlacademicojusac@gmail.com<\/span><\/span><\/div><h3 style=\"text-align: center;\">\u00a0<\/h3><h2 style=\"text-align: center;\"><strong><span style=\"color: #000000;\" data-darkreader-inline-color=\"\">\u00abID Y ENSE\u00d1AD A TODOS\u00bb<\/span><\/strong><\/h2><\/div><\/div>\t\t\t\t\t\t<\/div>\n\t\t\t\t<\/div>\n\t\t\t\t\t<\/div>\n\t\t<\/div>\n\t\t\t\t\t\t\t<\/div>\n\t\t<\/section>\n\t\t\t\t\t\t\t<\/div>\n\t\t","protected":false},"excerpt":{"rendered":"<p>DESCARGAR LA(S) GU\u00cdA(S) CON LOS TEMAS DE ESTUDIO\u00a0 PARA LA(S) PRUEBA(S) ESPEC\u00cdFICA(S) DE NUESTRAS CARRERAS DISPONIBLES: Si esta interesado en estudiar e iniciar con anticipaci\u00f3n la preparaci\u00f3n para la aplicaci\u00f3n de esta prueba especifica, entonces debe dar un CLIC SOBRE EL NOMBRE DE LA CARRERA PARA VISUALIZAR, DESCARGAR E IMPRIMIR GRATUITAMENTE Y EN FORMATO DIGITAL [&hellip;]<\/p>\n","protected":false},"author":101011,"featured_media":0,"parent":911,"menu_order":1,"comment_status":"closed","ping_status":"closed","template":"","meta":{"site-sidebar-layout":"right-sidebar","site-content-layout":"boxed-container","ast-site-content-layout":"","site-content-style":"default","site-sidebar-style":"default","ast-global-header-display":"","ast-banner-title-visibility":"","ast-main-header-display":"","ast-hfb-above-header-display":"","ast-hfb-below-header-display":"","ast-hfb-mobile-header-display":"","site-post-title":"disabled","ast-breadcrumbs-content":"","ast-featured-img":"disabled","footer-sml-layout":"","theme-transparent-header-meta":"default","adv-header-id-meta":"","stick-header-meta":"","header-above-stick-meta":"","header-main-stick-meta":"","header-below-stick-meta":"","astra-migrate-meta-layouts":"default","ast-page-background-enabled":"default","ast-page-background-meta":{"desktop":{"background-color":"","background-image":"","background-repeat":"repeat","background-position":"center center","background-size":"auto","background-attachment":"scroll","background-type":"","background-media":"","overlay-type":"","overlay-color":"","overlay-gradient":""},"tablet":{"background-color":"","background-image":"","background-repeat":"repeat","background-position":"center center","background-size":"auto","background-attachment":"scroll","background-type":"","background-media":"","overlay-type":"","overlay-color":"","overlay-gradient":""},"mobile":{"background-color":"","background-image":"","background-repeat":"repeat","background-position":"center center","background-size":"auto","background-attachment":"scroll","background-type":"","background-media":"","overlay-type":"","overlay-color":"","overlay-gradient":""}},"ast-content-background-meta":{"desktop":{"background-color":"var(--ast-global-color-5)","background-image":"","background-repeat":"repeat","background-position":"center center","background-size":"auto","background-attachment":"scroll","background-type":"","background-media":"","overlay-type":"","overlay-color":"","overlay-gradient":""},"tablet":{"background-color":"var(--ast-global-color-5)","background-image":"","background-repeat":"repeat","background-position":"center center","background-size":"auto","background-attachment":"scroll","background-type":"","background-media":"","overlay-type":"","overlay-color":"","overlay-gradient":""},"mobile":{"background-color":"var(--ast-global-color-5)","background-image":"","background-repeat":"repeat","background-position":"center center","background-size":"auto","background-attachment":"scroll","background-type":"","background-media":"","overlay-type":"","overlay-color":"","overlay-gradient":""}},"_joinchat":[],"footnotes":""},"_links":{"self":[{"href":"https:\/\/jusac.usac.edu.gt\/index.php?rest_route=\/wp\/v2\/pages\/6761"}],"collection":[{"href":"https:\/\/jusac.usac.edu.gt\/index.php?rest_route=\/wp\/v2\/pages"}],"about":[{"href":"https:\/\/jusac.usac.edu.gt\/index.php?rest_route=\/wp\/v2\/types\/page"}],"author":[{"embeddable":true,"href":"https:\/\/jusac.usac.edu.gt\/index.php?rest_route=\/wp\/v2\/users\/101011"}],"replies":[{"embeddable":true,"href":"https:\/\/jusac.usac.edu.gt\/index.php?rest_route=%2Fwp%2Fv2%2Fcomments&post=6761"}],"version-history":[{"count":9,"href":"https:\/\/jusac.usac.edu.gt\/index.php?rest_route=\/wp\/v2\/pages\/6761\/revisions"}],"predecessor-version":[{"id":32710,"href":"https:\/\/jusac.usac.edu.gt\/index.php?rest_route=\/wp\/v2\/pages\/6761\/revisions\/32710"}],"up":[{"embeddable":true,"href":"https:\/\/jusac.usac.edu.gt\/index.php?rest_route=\/wp\/v2\/pages\/911"}],"wp:attachment":[{"href":"https:\/\/jusac.usac.edu.gt\/index.php?rest_route=%2Fwp%2Fv2%2Fmedia&parent=6761"}],"curies":[{"name":"wp","href":"https:\/\/api.w.org\/{rel}","templated":true}]}}